{"id":733326,"date":"2025-03-03T16:18:48","date_gmt":"2025-03-03T15:18:48","guid":{"rendered":"https:\/\/stoic-curie.212-227-153-4.plesk.page\/producto\/anker-vulcan-9kg\/"},"modified":"2026-02-24T23:34:44","modified_gmt":"2026-02-24T23:34:44","slug":"anker-vulcan-9kg","status":"publish","type":"product","link":"https:\/\/stoic-curie.212-227-153-4.plesk.page\/de\/product\/anker-vulcan-9kg\/","title":{"rendered":"Anker Vulcan 9kg"},"content":{"rendered":"<p>Anker Vulcan 9kg &#8211; <\/p>\n<p style=\"color: rgb(34, 34, 34); font-family: Arial, Helvetica, sans-serif; font-size: small;\">Wir freuen uns, den Vulcan 9 (20 lb) verzinkten Stahlanker vorzustellen, der fachm\u00e4nnisch f\u00fcr den Einsatz auf allen Arten von Meeresb\u00f6den hergestellt wurde und ideal f\u00fcr kleine und gro\u00dfe Motorboote sowie Yachten ist. Dieser Anker wurde mit einer hochresistenten Fluke-Geometrie entworfen und sitzt dank seines designs ohne Roll-Bar sicher auf jedem Bug. Die fortschrittliche Roll-Palm-Technologie gew\u00e4hrleistet, dass der Anker in einem perfekten Winkel landet, um optimale Eindringtiefe zu erzielen, w\u00e4hrend das V-Bulb-Design das Ballastgewicht der Fluke nach unten verl\u00e4ngert, wodurch Hebelwirkung und Effizienz f\u00fcr eine verbesserte Haltekraft erh\u00f6ht werden.<\/p>\n<p style=\"color: rgb(34, 34, 34); font-family: Arial, Helvetica, sans-serif; font-size: small;\">SKU: VLC9GS<\/p>\n<p style=\"color: rgb(34, 34, 34); font-family: Arial, Helvetica, sans-serif; font-size: small;\">Der Vulcan\u00ae-Anker bietet die Sicherheit und Zuverl\u00e4ssigkeit von Rocna\u00ae f\u00fcr eine breitere Palette von Booten. Er ist sorgf\u00e4ltig gestaltet, um die Kompatibilit\u00e4t mit verschiedenen Bugformen von Fahrzeugen sicherzustellen. W\u00e4hlen Sie den Vulcan\u00ae f\u00fcr eine perfekte Passform auf jedem Boot, einschlie\u00dflich solcher mit Plattformen und Bugspriet, die von kleinen Motorbooten bis hin zu gr\u00f6\u00dferen Yachten und Motorbooten reichen.<\/p>\n<p style=\"color: rgb(34, 34, 34); font-family: Arial, Helvetica, sans-serif; font-size: small;\">Hauptmerkmale:<\/p>\n<ul style=\"color: rgb(34, 34, 34); font-family: Arial, Helvetica, sans-serif; font-size: small;\">\n<li>Die charakteristische Schaft- und Fluke-Geometrie, kombiniert mit der innovativen Roll-Palm\u2122, erm\u00f6glicht es dem Anker, sich auf dem Meeresboden selbst aufrecht zu stellen.<\/li>\n<li>Das V-Bulb\u2122-Design verl\u00e4ngert das Fluke-Ballastgewicht nach unten und maximiert Hebelwirkung und Effizienz.<\/li>\n<li>Eine gr\u00f6\u00dfere Flukenoberfl\u00e4che und mehr Gewicht an der Spitze im Vergleich zu Konkurrenzmodellen bieten \u00fcberlegene Haltekraft und Sicherheit.<\/li>\n<li>Das Fehlen einer Roll-Bar sowie ein sorgf\u00e4ltig gestaltetes Schaftprofil gew\u00e4hrleisten die Kompatibilit\u00e4t mit Bugrollen.<\/li>\n<li>Diese Anker k\u00f6nnen sich von den meisten Bugrollen selbst entladen, was sie benutzerfreundlich macht.<\/li>\n<li>Hergestellt aus hochfestem Stahl mit einem einzigartigen I+V-Profil\u2122-Schaftdesign, das Biegefestigkeit bietet.<\/li>\n<\/ul>\n<p style=\"color: rgb(34, 34, 34); font-family: Arial, Helvetica, sans-serif; font-size: small;\">W\u00e4hlen Sie den Vulcan 9 f\u00fcr eine zuverl\u00e4ssige Ankerl\u00f6sung, die die Anforderungen aller Bootsfahrer erf\u00fcllt.<\/p>\n","protected":false},"excerpt":{"rendered":"<p>Anker Vulcan 9kg &#8211; Wir freuen uns, den Vulcan 9 (20 lb) verzinkten Stahlanker vorzustellen, der fachm\u00e4nnisch f\u00fcr den Einsatz<\/p>\n","protected":false},"featured_media":5937452,"comment_status":"open","ping_status":"closed","template":"","meta":[],"product_brand":[3530],"product_cat":[1585],"product_tag":[],"class_list":{"0":"post-733326","1":"product","2":"type-product","3":"status-publish","4":"has-post-thumbnail","6":"product_brand-vulcan-de","7":"product_cat-anker-rocna-und-vulcan","9":"first","10":"instock","11":"shipping-taxable","12":"purchasable","13":"product-type-simple"},"_links":{"self":[{"href":"https:\/\/stoic-curie.212-227-153-4.plesk.page\/de\/wp-json\/wp\/v2\/product\/733326","targetHints":{"allow":["GET"]}}],"collection":[{"href":"https:\/\/stoic-curie.212-227-153-4.plesk.page\/de\/wp-json\/wp\/v2\/product"}],"about":[{"href":"https:\/\/stoic-curie.212-227-153-4.plesk.page\/de\/wp-json\/wp\/v2\/types\/product"}],"replies":[{"embeddable":true,"href":"https:\/\/stoic-curie.212-227-153-4.plesk.page\/de\/wp-json\/wp\/v2\/comments?post=733326"}],"version-history":[{"count":0,"href":"https:\/\/stoic-curie.212-227-153-4.plesk.page\/de\/wp-json\/wp\/v2\/product\/733326\/revisions"}],"wp:featuredmedia":[{"embeddable":true,"href":"https:\/\/stoic-curie.212-227-153-4.plesk.page\/de\/wp-json\/wp\/v2\/media\/5937452"}],"wp:attachment":[{"href":"https:\/\/stoic-curie.212-227-153-4.plesk.page\/de\/wp-json\/wp\/v2\/media?parent=733326"}],"wp:term":[{"taxonomy":"product_brand","embeddable":true,"href":"https:\/\/stoic-curie.212-227-153-4.plesk.page\/de\/wp-json\/wp\/v2\/product_brand?post=733326"},{"taxonomy":"product_cat","embeddable":true,"href":"https:\/\/stoic-curie.212-227-153-4.plesk.page\/de\/wp-json\/wp\/v2\/product_cat?post=733326"},{"taxonomy":"product_tag","embeddable":true,"href":"https:\/\/stoic-curie.212-227-153-4.plesk.page\/de\/wp-json\/wp\/v2\/product_tag?post=733326"}],"curies":[{"name":"wp","href":"https:\/\/api.w.org\/{rel}","templated":true}]}}