{"id":733327,"date":"2025-03-03T16:18:48","date_gmt":"2025-03-03T15:18:48","guid":{"rendered":"https:\/\/stoic-curie.212-227-153-4.plesk.page\/producto\/anker-vulcan-12-kg\/"},"modified":"2026-02-24T23:34:44","modified_gmt":"2026-02-24T23:34:44","slug":"anker-vulcan-12-kg","status":"publish","type":"product","link":"https:\/\/stoic-curie.212-227-153-4.plesk.page\/de\/product\/anker-vulcan-12-kg\/","title":{"rendered":"Anker Vulcan 12 kg"},"content":{"rendered":"<p>Anker Vulcan 12 kg &#8211; <\/p>\n<p>Wir pr\u00e4sentieren den Vulcan 12 (12 kg) verzinkten Stahl-Schnellverankerungsanker, der f\u00fcr alle Arten von Meeresb\u00f6den entwickelt wurde und sowohl f\u00fcr kleine als auch f\u00fcr gro\u00dfe Motorboote sowie Yachten geeignet ist. Dieser Anker verf\u00fcgt \u00fcber eine hochresistente Fluke-Geometrie und sitzt dank des Fehlens einer Rollleiste fest an jedem Bug. Die innovative Roll-Palm-Technologie sorgt daf\u00fcr, dass der Anker im optimalen Winkel f\u00fcr das Eindringen landet, w\u00e4hrend die V-Bulb die Fluke-Ballast nach unten verl\u00e4ngert, um Hebelwirkung und Effizienz zu maximieren und die Haltekraft zu erh\u00f6hen.<\/p>\n<p>SKU: VLC12GS<\/p>\n<p>Der Vulcan\u00ae-Anker bringt die Sicherheit und Zuverl\u00e4ssigkeit von Rocna\u00ae zu einer breiteren Palette von Bootsbesitzern. Er wurde sorgf\u00e4ltig entworfen, um die Kompatibilit\u00e4t mit verschiedenen Bugkonfigurationen zu gew\u00e4hrleisten. W\u00e4hlen Sie den Vulcan\u00ae f\u00fcr eine sichere Passform an jedem Boot, einschlie\u00dflich solcher mit Plattformen und Bugspritzern, und er ist f\u00fcr Fahrzeuge von kleinen Motorbooten bis hin zu gro\u00dfen Yachten geeignet.<\/p>\n<p>Hauptmerkmale:<\/p>\n<ul>\n<li>Einzigartige Schaft- und Fluke-Geometrie, kombiniert mit dem innovativen Roll-Palm\u2122, erm\u00f6glicht es dem Anker, sich selbst im Meeresboden auszurichten.<\/li>\n<li>Das V-Bulb\u2122-Design verl\u00e4ngert den Fluke-Ballast nach unten f\u00fcr maximale Hebelwirkung und Effizienz.<\/li>\n<li>Eine gr\u00f6\u00dfere Fluke-Oberfl\u00e4che und mehr Gewicht an der Spitze im Vergleich zu konkurrierenden Designs bieten \u00fcberlegene Haltekraft und Sicherheit.<\/li>\n<li>Das Fehlen einer Rollleiste sowie ein durchdachtes Schaftprofil sorgen f\u00fcr Kompatibilit\u00e4t mit Bugrollen.<\/li>\n<li>Diese Anker entleeren sich selbstst\u00e4ndig von den meisten Bugrollen, was die Handhabung erleichtert.<\/li>\n<li>Konstruiert aus hochfestem Stahl mit einem einzigartigen I+V-Profil\u2122-Schaftdesign, das Widerstand gegen Biegung bietet.<\/li>\n<\/ul>\n<p>W\u00e4hlen Sie den Vulcan 12 f\u00fcr eine zuverl\u00e4ssige Ankerl\u00f6sung, die den Bed\u00fcrfnissen aller Bootsfahrer gerecht wird.<\/p>\n","protected":false},"excerpt":{"rendered":"<p>Anker Vulcan 12 kg &#8211; Wir pr\u00e4sentieren den Vulcan 12 (12 kg) verzinkten Stahl-Schnellverankerungsanker, der f\u00fcr alle Arten von Meeresb\u00f6den<\/p>\n","protected":false},"featured_media":5937452,"comment_status":"open","ping_status":"closed","template":"","meta":[],"product_brand":[3530],"product_cat":[1585],"product_tag":[],"class_list":{"0":"post-733327","1":"product","2":"type-product","3":"status-publish","4":"has-post-thumbnail","6":"product_brand-vulcan-de","7":"product_cat-anker-rocna-und-vulcan","9":"first","10":"instock","11":"shipping-taxable","12":"purchasable","13":"product-type-simple"},"_links":{"self":[{"href":"https:\/\/stoic-curie.212-227-153-4.plesk.page\/de\/wp-json\/wp\/v2\/product\/733327","targetHints":{"allow":["GET"]}}],"collection":[{"href":"https:\/\/stoic-curie.212-227-153-4.plesk.page\/de\/wp-json\/wp\/v2\/product"}],"about":[{"href":"https:\/\/stoic-curie.212-227-153-4.plesk.page\/de\/wp-json\/wp\/v2\/types\/product"}],"replies":[{"embeddable":true,"href":"https:\/\/stoic-curie.212-227-153-4.plesk.page\/de\/wp-json\/wp\/v2\/comments?post=733327"}],"version-history":[{"count":0,"href":"https:\/\/stoic-curie.212-227-153-4.plesk.page\/de\/wp-json\/wp\/v2\/product\/733327\/revisions"}],"wp:featuredmedia":[{"embeddable":true,"href":"https:\/\/stoic-curie.212-227-153-4.plesk.page\/de\/wp-json\/wp\/v2\/media\/5937452"}],"wp:attachment":[{"href":"https:\/\/stoic-curie.212-227-153-4.plesk.page\/de\/wp-json\/wp\/v2\/media?parent=733327"}],"wp:term":[{"taxonomy":"product_brand","embeddable":true,"href":"https:\/\/stoic-curie.212-227-153-4.plesk.page\/de\/wp-json\/wp\/v2\/product_brand?post=733327"},{"taxonomy":"product_cat","embeddable":true,"href":"https:\/\/stoic-curie.212-227-153-4.plesk.page\/de\/wp-json\/wp\/v2\/product_cat?post=733327"},{"taxonomy":"product_tag","embeddable":true,"href":"https:\/\/stoic-curie.212-227-153-4.plesk.page\/de\/wp-json\/wp\/v2\/product_tag?post=733327"}],"curies":[{"name":"wp","href":"https:\/\/api.w.org\/{rel}","templated":true}]}}