{"id":733328,"date":"2025-03-03T16:18:48","date_gmt":"2025-03-03T15:18:48","guid":{"rendered":"https:\/\/stoic-curie.212-227-153-4.plesk.page\/producto\/anker-vulcan-15-kg\/"},"modified":"2026-02-24T23:34:44","modified_gmt":"2026-02-24T23:34:44","slug":"anker-vulcan-15-kg","status":"publish","type":"product","link":"https:\/\/stoic-curie.212-227-153-4.plesk.page\/de\/product\/anker-vulcan-15-kg\/","title":{"rendered":"Anker Vulcan 15 kg"},"content":{"rendered":"<p>Anker Vulcan 15 kg &#8211; <\/p>\n<p>Der Original Rocna hat einen neuen Standard f\u00fcr die Haltekr\u00e4fte moderner Anker gesetzt. Der verzinkte Stahl-Vulkan-Anker ist f\u00fcr alle Arten von Meeresb\u00f6den geeignet und eignet sich sowohl f\u00fcr kleine als auch f\u00fcr gro\u00dfe Motorboote sowie Yachten. Die hochresistente Formgebung des Ankers und der Schaft sorgen dank des fehlenden Rollbalkens f\u00fcr eine perfekte Passform an jedem Bug. Die innovative Roll-Palm-Funktion erm\u00f6glicht es dem Anker, in dem idealen Winkel f\u00fcr die Einsenkung zu landen, w\u00e4hrend die V-Glieder den Ballast des Ankers nach unten verl\u00e4ngern und somit Hebelwirkung und Effizienz maximieren, um eine bessere Haltekraft zu gew\u00e4hrleisten.<\/p>\n<p>Der Vulkan vereint die besten Designelemente, um einen \u00fcberlegenen Anker zu schaffen.<\/p>\n<p>Sein Design ist mit Bugrollen und -spitzen kompatibel, was ihn universell ansprechend macht.<\/p>\n<p>Die neuen Funktionen, die in den Bildern hervorgehoben sind, werden im Folgenden n\u00e4her erl\u00e4utert:<\/p>\n<p>Der Vulkan verf\u00fcgt \u00fcber eine einzigartige Kombination aus Schaft- und Flukengeometrie, einschlie\u00dflich der innovativen Roll-Palm\u2122 (A) am hinteren Ende der Fluke. Diese Roll-Palm und der V-Glied\u2122 (B) verbessern die Selbstaufrichtf\u00e4higkeiten. Das V-Glied verl\u00e4ngert auch den Ballast der Fluke nach unten, um maximalen Hebel und Effizienz zu bieten.<\/p>\n<p>Die konkave Fluke (C) \u00e4hnelt im Design dem Rocna, was zu einer erh\u00f6hten Haltekraft und Sicherheit f\u00fchrt.<\/p>\n<p>Durch das Weglassen des Rollbalkens und die sorgf\u00e4ltige Gestaltung des Schaftprofils (D) garantiert der Vulkan eine enge Passform auf einer Vielzahl von Booten. Sie r\u00e4umt problemlos Plattformen, Bugspitzen, St\u00fctzen, Wanten und andere Vorspr\u00fcnge frei.<\/p>\n<p>Die Form des Schafts des Vulcan (D) f\u00f6rdert das Selbststarten und Selbstverstauen beim Einsammeln auf den meisten Bugrollen, was einen reibungslosen Betrieb und eine einfache Handhabung f\u00fcr alle Benutzer erm\u00f6glicht.<\/p>\n<p>Zus\u00e4tzlich zur Verwendung von hochfestem Stahl wird die Festigkeit des Schafts durch ein einzigartiges I+V-Profil\u2122-Design (E) erh\u00f6ht, das durch eine computeroptimierte I-Tr\u00e4ger-Geometrie die Widerstandsf\u00e4higkeit gegen Biegen verbessert. Diese elegante Innovation verbessert auch die Setzleistung, da die untere V-Kante (F) in den Meeresboden schneidet und den Widerstand minimiert, um eine tiefe und sichere Verankerung zu gew\u00e4hrleisten.<\/p>\n<p>Wie der Rocna wird jeder Vulkan-Anker mit einer lebenslangen Garantie gegen Bruch, Biegen und Herstellungsfehler geliefert.<\/p>\n","protected":false},"excerpt":{"rendered":"<p>Anker Vulcan 15 kg &#8211; Der Original Rocna hat einen neuen Standard f\u00fcr die Haltekr\u00e4fte moderner Anker gesetzt. Der verzinkte<\/p>\n","protected":false},"featured_media":5937452,"comment_status":"open","ping_status":"closed","template":"","meta":[],"product_brand":[3530],"product_cat":[1585],"product_tag":[],"class_list":{"0":"post-733328","1":"product","2":"type-product","3":"status-publish","4":"has-post-thumbnail","6":"product_brand-vulcan-de","7":"product_cat-anker-rocna-und-vulcan","9":"first","10":"instock","11":"shipping-taxable","12":"purchasable","13":"product-type-simple"},"_links":{"self":[{"href":"https:\/\/stoic-curie.212-227-153-4.plesk.page\/de\/wp-json\/wp\/v2\/product\/733328","targetHints":{"allow":["GET"]}}],"collection":[{"href":"https:\/\/stoic-curie.212-227-153-4.plesk.page\/de\/wp-json\/wp\/v2\/product"}],"about":[{"href":"https:\/\/stoic-curie.212-227-153-4.plesk.page\/de\/wp-json\/wp\/v2\/types\/product"}],"replies":[{"embeddable":true,"href":"https:\/\/stoic-curie.212-227-153-4.plesk.page\/de\/wp-json\/wp\/v2\/comments?post=733328"}],"version-history":[{"count":0,"href":"https:\/\/stoic-curie.212-227-153-4.plesk.page\/de\/wp-json\/wp\/v2\/product\/733328\/revisions"}],"wp:featuredmedia":[{"embeddable":true,"href":"https:\/\/stoic-curie.212-227-153-4.plesk.page\/de\/wp-json\/wp\/v2\/media\/5937452"}],"wp:attachment":[{"href":"https:\/\/stoic-curie.212-227-153-4.plesk.page\/de\/wp-json\/wp\/v2\/media?parent=733328"}],"wp:term":[{"taxonomy":"product_brand","embeddable":true,"href":"https:\/\/stoic-curie.212-227-153-4.plesk.page\/de\/wp-json\/wp\/v2\/product_brand?post=733328"},{"taxonomy":"product_cat","embeddable":true,"href":"https:\/\/stoic-curie.212-227-153-4.plesk.page\/de\/wp-json\/wp\/v2\/product_cat?post=733328"},{"taxonomy":"product_tag","embeddable":true,"href":"https:\/\/stoic-curie.212-227-153-4.plesk.page\/de\/wp-json\/wp\/v2\/product_tag?post=733328"}],"curies":[{"name":"wp","href":"https:\/\/api.w.org\/{rel}","templated":true}]}}