{"id":733329,"date":"2025-03-03T16:18:49","date_gmt":"2025-03-03T15:18:49","guid":{"rendered":"https:\/\/stoic-curie.212-227-153-4.plesk.page\/producto\/anker-vulcan-20kg\/"},"modified":"2026-02-24T23:34:44","modified_gmt":"2026-02-24T23:34:44","slug":"anker-vulcan-20kg","status":"publish","type":"product","link":"https:\/\/stoic-curie.212-227-153-4.plesk.page\/de\/product\/anker-vulcan-20kg\/","title":{"rendered":"Anker Vulcan 20kg"},"content":{"rendered":"<p>Anker Vulcan 20kg &#8211; <\/p>\n<p style=\"color: rgb(34, 34, 34); font-family: Arial, Helvetica, sans-serif; font-size: small;\">Vulcan 20 (20 kg) verzinkter Anker. Dieser verzinkte Stahlanker ist f\u00fcr alle Arten von Meeresb\u00f6den konzipiert und eignet sich sowohl f\u00fcr kleine als auch gro\u00dfe Motorboote sowie Yachten. Die hochfesten Flukenformen und der Schaft sorgen f\u00fcr einen festen Sitz an jedem Bug, dank des Fehlens eines Rollbalkens. Die innovative Roll-Palm-Funktion gew\u00e4hrleistet, dass der Anker in dem idealen Winkel f\u00fcr das Eindringen landet, w\u00e4hrend das V-Bulb-Design das Flukenballast nach unten verl\u00e4ngert, um die Hebelwirkung und Effizienz f\u00fcr eine gr\u00f6\u00dfere Haltekraft zu maximieren.<\/p>\n<p style=\"color: rgb(34, 34, 34); font-family: Arial, Helvetica, sans-serif; font-size: small;\">Der Vulcan\u00ae-Anker kombiniert die Sicherheit und Zuverl\u00e4ssigkeit von Rocna\u00ae mit einem Design, das eine breitere Palette von Bootsfahrern bedient.<\/p>\n<p style=\"color: rgb(34, 34, 34); font-family: Arial, Helvetica, sans-serif; font-size: small;\">Er ist sorgf\u00e4ltig gestaltet, um zu verschiedenen Bugkonfigurationen von Schiffen zu passen. W\u00e4hlen Sie Vulcan\u00ae f\u00fcr einen sicheren Sitz an jedem Boot, einschlie\u00dflich solcher mit Plattformen und Bugspriet, sodass er f\u00fcr alles geeignet ist, von kleinen Sportbooten bis hin zu gro\u00dfen Yachten und Motorbooten.<\/p>\n<p style=\"color: rgb(34, 34, 34); font-family: Arial, Helvetica, sans-serif; font-size: small;\">Die einzigartige Form des Schaftes und der Fluke, zusammen mit der innovativen Roll-Palm\u2122, erm\u00f6glicht es dem Anker, sich auf dem Meeresboden selbst zu richten. Das V-Bulb\u2122-Design verbessert die Hebelwirkung und Effizienz, indem es das Flukenballast nach unten verl\u00e4ngert.<\/p>\n<p style=\"color: rgb(34, 34, 34); font-family: Arial, Helvetica, sans-serif; font-size: small;\">Mit einer gr\u00f6\u00dferen Flukenoberfl\u00e4che und mehr Gewicht an der Spitze im Vergleich zu konkurrierenden Designs bietet der Vulcan\u00ae \u00fcberlegene Haltekraft und Sicherheit. Das Fehlen eines Rollbalkens, kombiniert mit einem sorgf\u00e4ltig gestalteten Schaftprofil, sorgt f\u00fcr Kompatibilit\u00e4t mit Bugrollen.<\/p>\n<p style=\"color: rgb(34, 34, 34); font-family: Arial, Helvetica, sans-serif; font-size: small;\">Diese Anker entrollen sich selbst von den meisten Bugrollen, wodurch sie benutzerfreundlich sind. Hergestellt aus hochfestem Stahl, bietet das einzigartige I+V-Profil\u2122 des Schaftdesigns hervorragende Biegefestigkeit.<\/p>\n","protected":false},"excerpt":{"rendered":"<p>Anker Vulcan 20kg &#8211; Vulcan 20 (20 kg) verzinkter Anker. Dieser verzinkte Stahlanker ist f\u00fcr alle Arten von Meeresb\u00f6den konzipiert<\/p>\n","protected":false},"featured_media":5937452,"comment_status":"open","ping_status":"closed","template":"","meta":[],"product_brand":[3530],"product_cat":[1585],"product_tag":[],"class_list":{"0":"post-733329","1":"product","2":"type-product","3":"status-publish","4":"has-post-thumbnail","6":"product_brand-vulcan-de","7":"product_cat-anker-rocna-und-vulcan","9":"first","10":"instock","11":"shipping-taxable","12":"purchasable","13":"product-type-simple"},"_links":{"self":[{"href":"https:\/\/stoic-curie.212-227-153-4.plesk.page\/de\/wp-json\/wp\/v2\/product\/733329","targetHints":{"allow":["GET"]}}],"collection":[{"href":"https:\/\/stoic-curie.212-227-153-4.plesk.page\/de\/wp-json\/wp\/v2\/product"}],"about":[{"href":"https:\/\/stoic-curie.212-227-153-4.plesk.page\/de\/wp-json\/wp\/v2\/types\/product"}],"replies":[{"embeddable":true,"href":"https:\/\/stoic-curie.212-227-153-4.plesk.page\/de\/wp-json\/wp\/v2\/comments?post=733329"}],"version-history":[{"count":0,"href":"https:\/\/stoic-curie.212-227-153-4.plesk.page\/de\/wp-json\/wp\/v2\/product\/733329\/revisions"}],"wp:featuredmedia":[{"embeddable":true,"href":"https:\/\/stoic-curie.212-227-153-4.plesk.page\/de\/wp-json\/wp\/v2\/media\/5937452"}],"wp:attachment":[{"href":"https:\/\/stoic-curie.212-227-153-4.plesk.page\/de\/wp-json\/wp\/v2\/media?parent=733329"}],"wp:term":[{"taxonomy":"product_brand","embeddable":true,"href":"https:\/\/stoic-curie.212-227-153-4.plesk.page\/de\/wp-json\/wp\/v2\/product_brand?post=733329"},{"taxonomy":"product_cat","embeddable":true,"href":"https:\/\/stoic-curie.212-227-153-4.plesk.page\/de\/wp-json\/wp\/v2\/product_cat?post=733329"},{"taxonomy":"product_tag","embeddable":true,"href":"https:\/\/stoic-curie.212-227-153-4.plesk.page\/de\/wp-json\/wp\/v2\/product_tag?post=733329"}],"curies":[{"name":"wp","href":"https:\/\/api.w.org\/{rel}","templated":true}]}}