{"id":733330,"date":"2025-03-03T16:18:49","date_gmt":"2025-03-03T15:18:49","guid":{"rendered":"https:\/\/stoic-curie.212-227-153-4.plesk.page\/producto\/anker-vulcan-25kg\/"},"modified":"2026-02-24T23:34:44","modified_gmt":"2026-02-24T23:34:44","slug":"anker-vulcan-25kg","status":"publish","type":"product","link":"https:\/\/stoic-curie.212-227-153-4.plesk.page\/de\/product\/anker-vulcan-25kg\/","title":{"rendered":"Anker Vulcan 25kg"},"content":{"rendered":"<p>Anker Vulcan 25kg &#8211; <\/p>\n<p><strong>Vulcan 25 (55 lb) Verzinkter Anker<\/strong> <\/p>\n<p>Das Vulcan\u00ae-Anker ist professionell gestaltet, um zu einer Vielzahl von Bootsbug-Konfigurationen zu passen. Es bietet eine sichere Passform f\u00fcr jedes Fahrzeug, von kleinen Sportbooten bis hin zu gro\u00dfen Yachten und Motorbooten, einschlie\u00dflich solcher mit Plattformen und Bugspriet.<\/p>\n<p>Dieses Anker verf\u00fcgt \u00fcber ein einzigartiges Schaft- und Fluken-Design sowie \u00fcber ein innovatives Roll-Palm\u2122, das ihm hilft, sich auf dem Meeresboden selbst aufzurichten. Die V-Bulb\u2122 verl\u00e4ngert das Fluken-Ballast nach unten und maximiert den Hebel und die Effizienz. Mit einer gr\u00f6\u00dferen Flukenoberfl\u00e4che und einem h\u00f6heren Gewicht-an-Spitze im Vergleich zu anderen Designs, bietet Vulcan \u00fcberlegene Haltekraft und Sicherheit. Das Fehlen eines Rollbalkens, kombiniert mit einem sorgf\u00e4ltig gestalteten Schaftprofil, sorgt f\u00fcr die Kompatibilit\u00e4t mit Bugrollen. Dieses Anker setzt sich einfach von den meisten Bugrollen ab, was es benutzerfreundlich macht. Hergestellt aus hochfestem Stahl verbessert das einzigartige I+V-Profil\u2122-Schaftdesign den Widerstand gegen Biegung.<\/p>\n<p>Der Vulcan wurde aus dem Rocna-Anker entwickelt, der von Peter Smith entworfen wurde. Das Fehlen eines Rollbalkens verbessert die Lagerung am Stielkopf, und das Anker ist verzinkt f\u00fcr zus\u00e4tzliche Haltbarkeit. Das Original-Rocna setzte den Ma\u00dfstab f\u00fcr moderne Anker-Haltekr\u00e4fte, und der Vulcan verfeinert diese Designelemente, um ein noch besseres Anker zu schaffen. Sein Design ist kompatibel mit Bugrollen und Stielk\u00f6pfen, was ihm universelle Anziehungskraft verleiht.<\/p>\n<p>Die neuen Funktionen des Vulcan werden unten detailliert beschrieben:<\/p>\n<ul>\n<li>Die einzigartige Schaft- und Fluken-Geometrie des Vulcan umfasst ein innovatives Roll-Palm\u2122 (A) am hinteren Ende der Fluke, das die Selbstaufrichtungsf\u00e4higkeiten verbessert. Die V-Bulb\u2122 (B) verl\u00e4ngert auch das Fluken-Ballast nach unten f\u00fcr maximalen Hebel und Effizienz.<\/li>\n<li>Die konkave Fluke (C), \u00e4hnlich wie die Rocna, bietet erh\u00f6hte Haltekraft und Sicherheit.<\/li>\n<li>Das Fehlen eines Rollbalkens sowie ein sorgf\u00e4ltig gestaltetes Schaftprofil (D) sorgt f\u00fcr einen engen Sitz auf einer Vielzahl von Booten. Es \u00fcberwindet problemlos Plattformen, Bugspriet, prods, stays und andere Vorspr\u00fcnge.<\/li>\n<li>Die Schaftform des Vulcan (D) f\u00f6rdert das Selbststarten und Selbstverstauen beim Einholen auf den meisten Bugrollen, was einen reibungslosen Betrieb und eine einfache Anwendung f\u00fcr alle Bootsfahrer erm\u00f6glicht.<\/li>\n<li>Zus\u00e4tzlich zu hochfestem Stahl wird die Festigkeit des Schafts durch ein einzigartiges I+V-Profil\u2122-Design (E) verbessert, das den Widerstand gegen Biegung durch eine computeroptimierte I-Balkengeometrie erh\u00f6ht. Dieses elegante Design verbessert auch die Setzleistung, wobei die untere V-Kante (F) in den Meeresboden schneidet, um eine tiefe und sichere Beerdigung zu gew\u00e4hrleisten.<\/li>\n<\/ul>\n<p>Wie bei der Rocna ist jedes Vulcan-Anker mit einer lebenslangen Garantie gegen Bruch, Biegung und Herstellungsfehler ausgestattet.<\/p>\n","protected":false},"excerpt":{"rendered":"<p>Anker Vulcan 25kg &#8211; Vulcan 25 (55 lb) Verzinkter Anker Das Vulcan\u00ae-Anker ist professionell gestaltet, um zu einer Vielzahl von<\/p>\n","protected":false},"featured_media":5937452,"comment_status":"open","ping_status":"closed","template":"","meta":[],"product_brand":[3530],"product_cat":[1585],"product_tag":[],"class_list":{"0":"post-733330","1":"product","2":"type-product","3":"status-publish","4":"has-post-thumbnail","6":"product_brand-vulcan-de","7":"product_cat-anker-rocna-und-vulcan","9":"first","10":"instock","11":"shipping-taxable","12":"purchasable","13":"product-type-simple"},"_links":{"self":[{"href":"https:\/\/stoic-curie.212-227-153-4.plesk.page\/de\/wp-json\/wp\/v2\/product\/733330","targetHints":{"allow":["GET"]}}],"collection":[{"href":"https:\/\/stoic-curie.212-227-153-4.plesk.page\/de\/wp-json\/wp\/v2\/product"}],"about":[{"href":"https:\/\/stoic-curie.212-227-153-4.plesk.page\/de\/wp-json\/wp\/v2\/types\/product"}],"replies":[{"embeddable":true,"href":"https:\/\/stoic-curie.212-227-153-4.plesk.page\/de\/wp-json\/wp\/v2\/comments?post=733330"}],"version-history":[{"count":0,"href":"https:\/\/stoic-curie.212-227-153-4.plesk.page\/de\/wp-json\/wp\/v2\/product\/733330\/revisions"}],"wp:featuredmedia":[{"embeddable":true,"href":"https:\/\/stoic-curie.212-227-153-4.plesk.page\/de\/wp-json\/wp\/v2\/media\/5937452"}],"wp:attachment":[{"href":"https:\/\/stoic-curie.212-227-153-4.plesk.page\/de\/wp-json\/wp\/v2\/media?parent=733330"}],"wp:term":[{"taxonomy":"product_brand","embeddable":true,"href":"https:\/\/stoic-curie.212-227-153-4.plesk.page\/de\/wp-json\/wp\/v2\/product_brand?post=733330"},{"taxonomy":"product_cat","embeddable":true,"href":"https:\/\/stoic-curie.212-227-153-4.plesk.page\/de\/wp-json\/wp\/v2\/product_cat?post=733330"},{"taxonomy":"product_tag","embeddable":true,"href":"https:\/\/stoic-curie.212-227-153-4.plesk.page\/de\/wp-json\/wp\/v2\/product_tag?post=733330"}],"curies":[{"name":"wp","href":"https:\/\/api.w.org\/{rel}","templated":true}]}}