{"id":733331,"date":"2025-03-03T16:18:49","date_gmt":"2025-03-03T15:18:49","guid":{"rendered":"https:\/\/stoic-curie.212-227-153-4.plesk.page\/producto\/anker-vulcan-33kg\/"},"modified":"2026-02-24T23:34:44","modified_gmt":"2026-02-24T23:34:44","slug":"anker-vulcan-33kg","status":"publish","type":"product","link":"https:\/\/stoic-curie.212-227-153-4.plesk.page\/de\/product\/anker-vulcan-33kg\/","title":{"rendered":"Anker Vulcan 33kg"},"content":{"rendered":"<p>Anker Vulcan 33kg &#8211; <\/p>\n<p style=\"color: rgb(34, 34, 34); font-family: Arial, Helvetica, sans-serif; font-size: small;\">Der Vulcan-Anker, das aus dem Rocna Galvanized Steel Schnellverschluss-Design abgeleitet ist, ist in der Lage, sich an eine Vielzahl von Grundbedingungen anzupassen und eignet sich besonders gut f\u00fcr sowohl kleine als auch gro\u00dfe Motorboote sowie Yachten. Seine hochfesten Flunkengeometrie und der Schaft garantieren einen sicheren Halt an jedem Bug, da es keine Rollstange gibt. Die innovative Roll-Palm-Funktion erm\u00f6glicht es dem Anker, in dem vorteilhaftesten Winkel zu landen, um eine optimale Eindringung zu erzielen, w\u00e4hrend die V-Birne das Flunkenballast nach unten verl\u00e4ngert und damit den Hebel und die Effizienz erh\u00f6ht, was zu au\u00dfergew\u00f6hnlicher Haltekraft f\u00fchrt.<\/p>\n<p style=\"color: rgb(34, 34, 34); font-family: Arial, Helvetica, sans-serif; font-size: small;\">Entwickelt von Peter Smith bietet das Vulcan-Anker eine Vielzahl von Vorteilen:<\/p>\n<ul style=\"color: rgb(34, 34, 34); font-family: Arial, Helvetica, sans-serif; font-size: small;\">\n<li><strong>Fehlen einer Rollstange<\/strong>: Diese Designfunktion verbessert die Lagerung am Bugkopf.<\/li>\n<li><strong>Galvanisierte Beschichtung<\/strong>: Diese sorgt f\u00fcr Langlebigkeit und Korrosionsbest\u00e4ndigkeit.<\/li>\n<li><strong>Downloadbare Vollma\u00dfpassmuster<\/strong>: Diese sind bequem verf\u00fcgbar f\u00fcr einen schnellen Zugriff.<\/li>\n<li><strong>Original Rocna-Standard<\/strong>: Das Vulcan baut auf dem angesehenen Ruf der Rocna f\u00fcr hervorragende Haltekraft auf.<\/li>\n<\/ul>\n<p style=\"color: rgb(34, 34, 34); font-family: Arial, Helvetica, sans-serif; font-size: small;\">Vulcan verfeinert die effektivsten Designelemente, um einen \u00fcberlegenen Anker zu schaffen. Sein Design ist mit Bugrollen und Bugk\u00f6pfen kompatibel, was es universell ansprechend macht.<\/p>\n<p style=\"color: rgb(34, 34, 34); font-family: Arial, Helvetica, sans-serif; font-size: small;\">Die folgenden Funktionen, die in den beigef\u00fcgten Bildern dargestellt sind, werden im Detail erl\u00e4utert:<\/p>\n<ol style=\"color: rgb(34, 34, 34); font-family: Arial, Helvetica, sans-serif; font-size: small;\">\n<li><strong>Ausgezeichnete Schaft- und Fluken-Geometrie<\/strong>: Vulcan verf\u00fcgt \u00fcber eine innovative Roll-Palm\u2122 (A) an der R\u00fcckseite der Fluke, die zusammen mit der V-Birne\u2122 (B) die Selbstaufrichtf\u00e4higkeit erh\u00f6ht. Die V-Birne verl\u00e4ngert auch das Flukenballast nach unten, um Hebelwirkung und Effizienz zu maximieren.<\/li>\n<li><strong>Konkave Fluken-Design (C)<\/strong>: Dieses Design, \u00e4hnlich wie bei der Rocna, tr\u00e4gt zur erh\u00f6hten Haltekraft und Sicherheit bei.<\/li>\n<li><strong>Optimiertes Schaftprofil (D)<\/strong>: Das Fehlen einer Rollstange, kombiniert mit einem sorgf\u00e4ltig gestalteten Schaft, garantiert eine enge Passform f\u00fcr eine Vielzahl von Wasserfahrzeugen. Es r\u00e4umt problemlos Plattformen, Bugstrahler, Bugfittiche, Stagen und andere Vorspr\u00fcnge.<\/li>\n<li><strong>Selbststartend und selbstlagernd (D)<\/strong>: Die Form des Schaftes f\u00f6rdert ein reibungsloses Selbststarten und Lagern bei der Auffangung auf den meisten Bugrollen, was die Benutzung f\u00fcr alle Bediener erleichtert.<\/li>\n<li><strong>Hochfester Stahl und I+V-Profil\u2122-Design (E)<\/strong>: Die St\u00e4rke des Schaftes wird durch ein einzigartiges I+V-Profil-Design verbessert, das die Widerstandsf\u00e4higkeit gegen Biegung durch eine computeroptimierte I-Tr\u00e4ger-Geometrie optimiert. Diese elegante Innovation verbessert auch die Setzleistung, wobei die untere V-Kante (F) in den Seeboden eindringt f\u00fcr eine tiefe und sichere Beisetzung.<\/li>\n<\/ol>\n<p style=\"color: rgb(34, 34, 34); font-family: Arial, Helvetica, sans-serif; font-size: small;\">\u00c4hnlich wie die Rocna wird jedes Vulcan-Anker durch eine lebenslange Garantie gegen Bruch, Biegung und Herstellungsfehler unterst\u00fctzt, was den Bootseigent\u00fcmern Sicherheit gibt.<\/p>\n","protected":false},"excerpt":{"rendered":"<p>Anker Vulcan 33kg &#8211; Der Vulcan-Anker, das aus dem Rocna Galvanized Steel Schnellverschluss-Design abgeleitet ist, ist in der Lage, sich<\/p>\n","protected":false},"featured_media":5937452,"comment_status":"open","ping_status":"closed","template":"","meta":[],"product_brand":[3530],"product_cat":[1585],"product_tag":[],"class_list":{"0":"post-733331","1":"product","2":"type-product","3":"status-publish","4":"has-post-thumbnail","6":"product_brand-vulcan-de","7":"product_cat-anker-rocna-und-vulcan","9":"first","10":"instock","11":"shipping-taxable","12":"purchasable","13":"product-type-simple"},"_links":{"self":[{"href":"https:\/\/stoic-curie.212-227-153-4.plesk.page\/de\/wp-json\/wp\/v2\/product\/733331","targetHints":{"allow":["GET"]}}],"collection":[{"href":"https:\/\/stoic-curie.212-227-153-4.plesk.page\/de\/wp-json\/wp\/v2\/product"}],"about":[{"href":"https:\/\/stoic-curie.212-227-153-4.plesk.page\/de\/wp-json\/wp\/v2\/types\/product"}],"replies":[{"embeddable":true,"href":"https:\/\/stoic-curie.212-227-153-4.plesk.page\/de\/wp-json\/wp\/v2\/comments?post=733331"}],"version-history":[{"count":0,"href":"https:\/\/stoic-curie.212-227-153-4.plesk.page\/de\/wp-json\/wp\/v2\/product\/733331\/revisions"}],"wp:featuredmedia":[{"embeddable":true,"href":"https:\/\/stoic-curie.212-227-153-4.plesk.page\/de\/wp-json\/wp\/v2\/media\/5937452"}],"wp:attachment":[{"href":"https:\/\/stoic-curie.212-227-153-4.plesk.page\/de\/wp-json\/wp\/v2\/media?parent=733331"}],"wp:term":[{"taxonomy":"product_brand","embeddable":true,"href":"https:\/\/stoic-curie.212-227-153-4.plesk.page\/de\/wp-json\/wp\/v2\/product_brand?post=733331"},{"taxonomy":"product_cat","embeddable":true,"href":"https:\/\/stoic-curie.212-227-153-4.plesk.page\/de\/wp-json\/wp\/v2\/product_cat?post=733331"},{"taxonomy":"product_tag","embeddable":true,"href":"https:\/\/stoic-curie.212-227-153-4.plesk.page\/de\/wp-json\/wp\/v2\/product_tag?post=733331"}],"curies":[{"name":"wp","href":"https:\/\/api.w.org\/{rel}","templated":true}]}}