{"id":733332,"date":"2025-03-03T16:18:49","date_gmt":"2025-03-03T15:18:49","guid":{"rendered":"https:\/\/stoic-curie.212-227-153-4.plesk.page\/producto\/anker-vulcan-40kg\/"},"modified":"2026-02-24T23:34:44","modified_gmt":"2026-02-24T23:34:44","slug":"anker-vulcan-40kg","status":"publish","type":"product","link":"https:\/\/stoic-curie.212-227-153-4.plesk.page\/de\/product\/anker-vulcan-40kg\/","title":{"rendered":"Anker Vulcan 40kg"},"content":{"rendered":"<p>Anker Vulcan 40kg &#8211; <\/p>\n<p><strong>Vulcan 40kg (88 lb) verzinkter Anker<\/strong><\/p>\n<p>Das Vulcan 40 ist ein verzinktes Stahlanker, das f\u00fcr Vielseitigkeit auf verschiedenen Meeresbodenarten entwickelt wurde, was es sowohl f\u00fcr kleine als auch gro\u00dfe Motorboote und Yachten geeignet macht. Die hochbelastbare Fluke-Geometrie und der Schaft sorgen f\u00fcr einen sicheren Sitz an jedem Bug, dank des Fehlens einer Roll-Bar. Die innovative Roll-Palm-Funktion erm\u00f6glicht es dem Anker, in optimalem Winkel f\u00fcr die Penetration zu landen, w\u00e4hrend das V-Bulb-Design die Fluke-Ballast nach unten erweitert und so das Hebelverh\u00e4ltnis und die Effizienz maximiert, um die Haltekraft zu verbessern.<\/p>\n<p>Dieses Anker wurde sorgf\u00e4ltig hergestellt, um die Kompatibilit\u00e4t mit einer Vielzahl von Bootsbogenkonfigurationen zu gew\u00e4hrleisten. Das Vulcan\u00ae-Anker bietet eine enge Passform f\u00fcr jedes Boot, einschlie\u00dflich solcher mit Plattformen und Vorsteven, und eignet sich f\u00fcr Boote von kleinen Sportbooten bis hin zu gro\u00dfen Yachten und Motorbooten.<\/p>\n<p>Hauptmerkmale:<\/p>\n<ul>\n<li>Die einzigartige Kombination aus Schaft- und Fluke-Geometrie, zusammen mit der innovativen Roll-Palm\u2122, erm\u00f6glicht es dem Anker, sich am Meeresboden selbst zu orientieren.<\/li>\n<li>Das V-Bulb\u2122-Design erweitert den Fluke-Ballast nach unten und optimiert das Hebelverh\u00e4ltnis und die Effizienz.<\/li>\n<li>Eine gr\u00f6\u00dfere Fluke-Oberfl\u00e4che und ein h\u00f6heres Gewicht an der Spitze im Vergleich zu konkurrierenden Designs f\u00fchren zu \u00fcberlegener Haltekraft und Sicherheit.<\/li>\n<li>Das Fehlen einer Roll-Bar in Kombination mit einem durchdachten Schaftprofil sorgt f\u00fcr die Kompatibilit\u00e4t mit Bug-Rollern.<\/li>\n<li>Diese Anker entbl\u00e4ttern sich selbst von den meisten Bug-Rollern, was die Benutzerfreundlichkeit erleichtert.<\/li>\n<li>Hergestellt aus hochfestem Stahl bietet das einzigartige I+V-Profil\u2122-Schaftdesign au\u00dfergew\u00f6hnlichen Widerstand gegen Biegung.<\/li>\n<\/ul>\n<p>W\u00e4hlen Sie das Vulcan 40 f\u00fcr eine zuverl\u00e4ssige und effiziente Ankerl\u00f6sung, die den Anforderungen Ihrer Bootsausfl\u00fcge gerecht wird.<\/p>\n","protected":false},"excerpt":{"rendered":"<p>Anker Vulcan 40kg &#8211; Vulcan 40kg (88 lb) verzinkter Anker Das Vulcan 40 ist ein verzinktes Stahlanker, das f\u00fcr Vielseitigkeit<\/p>\n","protected":false},"featured_media":5937452,"comment_status":"open","ping_status":"closed","template":"","meta":[],"product_brand":[3530],"product_cat":[1585],"product_tag":[],"class_list":{"0":"post-733332","1":"product","2":"type-product","3":"status-publish","4":"has-post-thumbnail","6":"product_brand-vulcan-de","7":"product_cat-anker-rocna-und-vulcan","9":"first","10":"instock","11":"shipping-taxable","12":"purchasable","13":"product-type-simple"},"_links":{"self":[{"href":"https:\/\/stoic-curie.212-227-153-4.plesk.page\/de\/wp-json\/wp\/v2\/product\/733332","targetHints":{"allow":["GET"]}}],"collection":[{"href":"https:\/\/stoic-curie.212-227-153-4.plesk.page\/de\/wp-json\/wp\/v2\/product"}],"about":[{"href":"https:\/\/stoic-curie.212-227-153-4.plesk.page\/de\/wp-json\/wp\/v2\/types\/product"}],"replies":[{"embeddable":true,"href":"https:\/\/stoic-curie.212-227-153-4.plesk.page\/de\/wp-json\/wp\/v2\/comments?post=733332"}],"version-history":[{"count":0,"href":"https:\/\/stoic-curie.212-227-153-4.plesk.page\/de\/wp-json\/wp\/v2\/product\/733332\/revisions"}],"wp:featuredmedia":[{"embeddable":true,"href":"https:\/\/stoic-curie.212-227-153-4.plesk.page\/de\/wp-json\/wp\/v2\/media\/5937452"}],"wp:attachment":[{"href":"https:\/\/stoic-curie.212-227-153-4.plesk.page\/de\/wp-json\/wp\/v2\/media?parent=733332"}],"wp:term":[{"taxonomy":"product_brand","embeddable":true,"href":"https:\/\/stoic-curie.212-227-153-4.plesk.page\/de\/wp-json\/wp\/v2\/product_brand?post=733332"},{"taxonomy":"product_cat","embeddable":true,"href":"https:\/\/stoic-curie.212-227-153-4.plesk.page\/de\/wp-json\/wp\/v2\/product_cat?post=733332"},{"taxonomy":"product_tag","embeddable":true,"href":"https:\/\/stoic-curie.212-227-153-4.plesk.page\/de\/wp-json\/wp\/v2\/product_tag?post=733332"}],"curies":[{"name":"wp","href":"https:\/\/api.w.org\/{rel}","templated":true}]}}