{"id":733333,"date":"2025-03-03T16:18:49","date_gmt":"2025-03-03T15:18:49","guid":{"rendered":"https:\/\/stoic-curie.212-227-153-4.plesk.page\/producto\/anker-vulcan-55kg\/"},"modified":"2026-02-24T23:34:44","modified_gmt":"2026-02-24T23:34:44","slug":"anker-vulcan-55kg","status":"publish","type":"product","link":"https:\/\/stoic-curie.212-227-153-4.plesk.page\/de\/product\/anker-vulcan-55kg\/","title":{"rendered":"Anker Vulcan 55kg"},"content":{"rendered":"<p>Anker Vulcan 55kg &#8211; <\/p>\n<p>Der Vulcan 55 (121 lb) verzinkte Stahl Quick Grasp Anker ist f\u00fcr verschiedene Meeresbodenarten konzipiert und somit sowohl f\u00fcr kleine als auch gro\u00dfe Motorboote sowie Yachten geeignet. Seine hochresistente Flukengeometrie und der Schaft sorgen f\u00fcr einen sicheren Halt an jedem Bug, da es keinen Rollb\u00fcgel gibt. Die innovative Roll-Palm-Funktion erm\u00f6glicht es dem Anker, in einem optimalen Winkel f\u00fcr das Eindringen zu landen, w\u00e4hrend die V-Gl\u00fchbirne das Flukenballast nach unten verl\u00e4ngert und so den Hebel und die Effizienz maximiert, um die Haltekraft zu erh\u00f6hen.<\/p>\n<p><strong>SKU GENUINE VULCAN: VLC55GS<\/strong><\/p>\n<p>Der Vulcan\u00ae-Anker bringt die Sicherheit und Zuverl\u00e4ssigkeit, die mit Rocna\u00ae verbunden ist, zu einer breiteren Gruppe von Bootfahrern.<\/p>\n<p>Dieser Anker ist sorgf\u00e4ltig gestaltet, um die Kompatibilit\u00e4t mit einer Vielzahl von Bugsformen zu gew\u00e4hrleisten. W\u00e4hlen Sie Vulcan\u00ae f\u00fcr eine enge Passform am Bug jedes Bootes, einschlie\u00dflich solcher mit Plattformen und Bugsprits, die von kleinen Motorbooten bis hin zu gro\u00dfen Yachten und Motorbooten reichen.<\/p>\n<p>Zu den Hauptmerkmalen geh\u00f6ren:<\/p>\n<ul>\n<li>Eine einzigartige Schaft- und Flukengeometrie kombiniert mit der innovativen Roll-Palm\u2122, die es dem Anker erm\u00f6glicht, sich auf dem Meeresboden selbst aufzurichten.<\/li>\n<li>Das V-Gl\u00fchlampen-Design verl\u00e4ngert das Flukenballast nach unten und bietet maximale Hebelwirkung und Effizienz.<\/li>\n<li>Eine gr\u00f6\u00dfere Flukenoberfl\u00e4che und ein h\u00f6heres Gewicht an der Spitze im Vergleich zu konkurrierenden Designs ergeben \u00fcberlegene Haltekraft und Sicherheit.<\/li>\n<li>Das Fehlen eines Rollb\u00fcgels, zusammen mit einem durchdachten Schaftprofil, sorgt f\u00fcr Kompatibilit\u00e4t mit Bugrollen.<\/li>\n<li>Diese Anker entfallen automatisch von den meisten Bugrollen und erleichtern die Benutzung.<\/li>\n<li>Hergestellt aus hochfestem Stahl bietet das einzigartige I+V-Profil\u2122-Schaftdesign au\u00dfergew\u00f6hnlichen Widerstand gegen Biegung.<\/li>\n<\/ul>\n","protected":false},"excerpt":{"rendered":"<p>Anker Vulcan 55kg &#8211; Der Vulcan 55 (121 lb) verzinkte Stahl Quick Grasp Anker ist f\u00fcr verschiedene Meeresbodenarten konzipiert und<\/p>\n","protected":false},"featured_media":5937452,"comment_status":"open","ping_status":"closed","template":"","meta":[],"product_brand":[3530],"product_cat":[1585],"product_tag":[],"class_list":{"0":"post-733333","1":"product","2":"type-product","3":"status-publish","4":"has-post-thumbnail","6":"product_brand-vulcan-de","7":"product_cat-anker-rocna-und-vulcan","9":"first","10":"outofstock","11":"shipping-taxable","12":"purchasable","13":"product-type-simple"},"_links":{"self":[{"href":"https:\/\/stoic-curie.212-227-153-4.plesk.page\/de\/wp-json\/wp\/v2\/product\/733333","targetHints":{"allow":["GET"]}}],"collection":[{"href":"https:\/\/stoic-curie.212-227-153-4.plesk.page\/de\/wp-json\/wp\/v2\/product"}],"about":[{"href":"https:\/\/stoic-curie.212-227-153-4.plesk.page\/de\/wp-json\/wp\/v2\/types\/product"}],"replies":[{"embeddable":true,"href":"https:\/\/stoic-curie.212-227-153-4.plesk.page\/de\/wp-json\/wp\/v2\/comments?post=733333"}],"version-history":[{"count":0,"href":"https:\/\/stoic-curie.212-227-153-4.plesk.page\/de\/wp-json\/wp\/v2\/product\/733333\/revisions"}],"wp:featuredmedia":[{"embeddable":true,"href":"https:\/\/stoic-curie.212-227-153-4.plesk.page\/de\/wp-json\/wp\/v2\/media\/5937452"}],"wp:attachment":[{"href":"https:\/\/stoic-curie.212-227-153-4.plesk.page\/de\/wp-json\/wp\/v2\/media?parent=733333"}],"wp:term":[{"taxonomy":"product_brand","embeddable":true,"href":"https:\/\/stoic-curie.212-227-153-4.plesk.page\/de\/wp-json\/wp\/v2\/product_brand?post=733333"},{"taxonomy":"product_cat","embeddable":true,"href":"https:\/\/stoic-curie.212-227-153-4.plesk.page\/de\/wp-json\/wp\/v2\/product_cat?post=733333"},{"taxonomy":"product_tag","embeddable":true,"href":"https:\/\/stoic-curie.212-227-153-4.plesk.page\/de\/wp-json\/wp\/v2\/product_tag?post=733333"}],"curies":[{"name":"wp","href":"https:\/\/api.w.org\/{rel}","templated":true}]}}