{"id":733335,"date":"2025-03-03T16:18:50","date_gmt":"2025-03-03T15:18:50","guid":{"rendered":"https:\/\/stoic-curie.212-227-153-4.plesk.page\/producto\/anker-spade-sq240-75kg\/"},"modified":"2026-02-24T23:34:44","modified_gmt":"2026-02-24T23:34:44","slug":"anker-spade-sq240-75kg","status":"publish","type":"product","link":"https:\/\/stoic-curie.212-227-153-4.plesk.page\/de\/product\/anker-spade-sq240-75kg\/","title":{"rendered":"Anker Spade SQ240 75kg"},"content":{"rendered":"<p>Anker Spade SQ240 75kg &#8211; <\/p>\n<p>Der spezielle, verzinkte Spatenanker verf\u00fcgt \u00fcber eine sehr hohe Lastbest\u00e4ndigkeit und eine einzigartige konkave Oberfl\u00e4che, die daf\u00fcr sorgt, dass er jedes Mal richtig landet. Der Schwerpunkt wurde sehr niedrig positioniert, um ein Umkippen des Ankers unter Last oder Stress zu verhindern. Das Gesamtgewicht des Ankers wirkt direkt auf die spitze Kante, was eine sofortige Penetration erm\u00f6glicht. Sobald eine Last auf das Taumaterial wirkt, nimmt der Anker die beste Position f\u00fcr die Penetration ein und seine scharfe Spitze dringt leicht in die h\u00e4rtesten Meeressedimente ein. Der Spatenanker bleibt ohne zyklisches Verhalten vergraben.<\/p>\n<p style=\"color: rgb(34, 34, 34); font-family: Arial, Helvetica, sans-serif; font-size: small;\"><strong>Spatenanker, verzinkt &#8211; SQ240, 165 lbs \u2013 Hochbest\u00e4ndiger spezieller Stahl \u2013 Geeignet f\u00fcr Boote bis 98 Fu\u00df oder 88.000 lbs<\/strong><\/p>\n<p style=\"color: rgb(34, 34, 34); font-family: Arial, Helvetica, sans-serif; font-size: small;\"><strong>Technische Daten:<\/strong><\/p>\n<ul style=\"color: rgb(34, 34, 34); font-family: Arial, Helvetica, sans-serif; font-size: small;\">\n<li><strong>Gewicht:<\/strong>\u00a0165 lbs (75 kg)<\/li>\n<li><strong>Aktive Fl\u00e4che:<\/strong>\u00a0372 in\u00b2 (2400 cm\u00b2)<\/li>\n<li><strong>Maximale Bootsl\u00e4nge:<\/strong>\u00a098 ft (30 m)<\/li>\n<li><strong>Maximale Bootstrimmschwankung:<\/strong>\u00a088.000 lbs (40.000 kg)<\/li>\n<\/ul>\n<p style=\"color: rgb(34, 34, 34); font-family: Arial, Helvetica, sans-serif; font-size: small;\">Entdecken Sie unsere umfassende Auswahl an verzinkten Stahl-Spatenankern, die ideal f\u00fcr Ihre grundlegenden Ankerbed\u00fcrfnisse sind. Unser leichtestes Modell wiegt nur 5,5 kg und eignet sich f\u00fcr kleine Boote unter 6,5 m und 1 Tonne, w\u00e4hrend unsere schwerste Option 170 kg wiegt und f\u00fcr Schiffe von 75 bis 200 Tonnen empfohlen wird.<\/p>\n<p style=\"color: rgb(34, 34, 34); font-family: Arial, Helvetica, sans-serif; font-size: small;\">Verzinkte Stahl-Spatenanker sind so konzipiert, dass sie korrekt auf dem Meeresboden landen, dank ihrer gewichteten Spitze und der optimal verteilten Masse in sowohl dem Spaten als auch dem Schaft. Sie dringen schnell in Sand ein und bieten au\u00dfergew\u00f6hnliche Haltekraft, selbst bei erheblichen Lasten. Der konkave Anker erreicht einen Haltekoeffizienten von 1,7, der h\u00f6chste, der derzeit auf dem Markt erh\u00e4ltlich ist.<\/p>\n<p style=\"color: rgb(34, 34, 34); font-family: Arial, Helvetica, sans-serif; font-size: small;\">W\u00e4hlen Sie den geeigneten verzinkten Stahl-Spatenanker f\u00fcr Ihr Schiff und erleben Sie \u00fcberlegene Ankerleistung. Mit Ihrem Spatenanker an Bord sind Sie bestens ger\u00fcstet, um Ihr n\u00e4chstes Abenteuer zu beginnen.<\/p>\n","protected":false},"excerpt":{"rendered":"<p>Anker Spade SQ240 75kg &#8211; Der spezielle, verzinkte Spatenanker verf\u00fcgt \u00fcber eine sehr hohe Lastbest\u00e4ndigkeit und eine einzigartige konkave Oberfl\u00e4che,<\/p>\n","protected":false},"featured_media":5937276,"comment_status":"open","ping_status":"closed","template":"","meta":[],"product_brand":[3420],"product_cat":[1583],"product_tag":[],"class_list":{"0":"post-733335","1":"product","2":"type-product","3":"status-publish","4":"has-post-thumbnail","6":"product_brand-spade-de","7":"product_cat-anker-spade","9":"first","10":"instock","11":"shipping-taxable","12":"purchasable","13":"product-type-simple"},"_links":{"self":[{"href":"https:\/\/stoic-curie.212-227-153-4.plesk.page\/de\/wp-json\/wp\/v2\/product\/733335","targetHints":{"allow":["GET"]}}],"collection":[{"href":"https:\/\/stoic-curie.212-227-153-4.plesk.page\/de\/wp-json\/wp\/v2\/product"}],"about":[{"href":"https:\/\/stoic-curie.212-227-153-4.plesk.page\/de\/wp-json\/wp\/v2\/types\/product"}],"replies":[{"embeddable":true,"href":"https:\/\/stoic-curie.212-227-153-4.plesk.page\/de\/wp-json\/wp\/v2\/comments?post=733335"}],"version-history":[{"count":0,"href":"https:\/\/stoic-curie.212-227-153-4.plesk.page\/de\/wp-json\/wp\/v2\/product\/733335\/revisions"}],"wp:featuredmedia":[{"embeddable":true,"href":"https:\/\/stoic-curie.212-227-153-4.plesk.page\/de\/wp-json\/wp\/v2\/media\/5937276"}],"wp:attachment":[{"href":"https:\/\/stoic-curie.212-227-153-4.plesk.page\/de\/wp-json\/wp\/v2\/media?parent=733335"}],"wp:term":[{"taxonomy":"product_brand","embeddable":true,"href":"https:\/\/stoic-curie.212-227-153-4.plesk.page\/de\/wp-json\/wp\/v2\/product_brand?post=733335"},{"taxonomy":"product_cat","embeddable":true,"href":"https:\/\/stoic-curie.212-227-153-4.plesk.page\/de\/wp-json\/wp\/v2\/product_cat?post=733335"},{"taxonomy":"product_tag","embeddable":true,"href":"https:\/\/stoic-curie.212-227-153-4.plesk.page\/de\/wp-json\/wp\/v2\/product_tag?post=733335"}],"curies":[{"name":"wp","href":"https:\/\/api.w.org\/{rel}","templated":true}]}}