{"id":733336,"date":"2025-03-03T16:18:50","date_gmt":"2025-03-03T15:18:50","guid":{"rendered":"https:\/\/stoic-curie.212-227-153-4.plesk.page\/producto\/edelstahl-liros-nadel-15cm-fuer-spleisse-6-8mm\/"},"modified":"2026-02-24T23:34:44","modified_gmt":"2026-02-24T23:34:44","slug":"edelstahl-liros-nadel-15cm-fuer-spleisse-6-8mm","status":"publish","type":"product","link":"https:\/\/stoic-curie.212-227-153-4.plesk.page\/de\/product\/edelstahl-liros-nadel-15cm-fuer-spleisse-6-8mm\/","title":{"rendered":"Edelstahl-Liros-Nadel 15cm f\u00fcr Splei\u00dfe (6-8mm)"},"content":{"rendered":"<p>Edelstahl-Liros-Nadel 15cm f\u00fcr Splei\u00dfe (6-8mm) &#8211; <\/p>\n<p>304 Edelstahl-Nadeln ideal f\u00fcr alle Kern-Mantel-Verbindungen.<\/p>\n","protected":false},"excerpt":{"rendered":"<p>Edelstahl-Liros-Nadel 15cm f\u00fcr Splei\u00dfe (6-8mm) &#8211; 304 Edelstahl-Nadeln ideal f\u00fcr alle Kern-Mantel-Verbindungen.<\/p>\n","protected":false},"featured_media":5937477,"comment_status":"open","ping_status":"closed","template":"","meta":[],"product_brand":[3065],"product_cat":[1569,1326],"product_tag":[],"class_list":{"0":"post-733336","1":"product","2":"type-product","3":"status-publish","4":"has-post-thumbnail","6":"product_brand-liros-de","7":"product_cat-segelmesser-und-werkzeuge","8":"product_cat-splicing-werkzeuge","10":"first","11":"instock","12":"shipping-taxable","13":"purchasable","14":"product-type-simple"},"_links":{"self":[{"href":"https:\/\/stoic-curie.212-227-153-4.plesk.page\/de\/wp-json\/wp\/v2\/product\/733336","targetHints":{"allow":["GET"]}}],"collection":[{"href":"https:\/\/stoic-curie.212-227-153-4.plesk.page\/de\/wp-json\/wp\/v2\/product"}],"about":[{"href":"https:\/\/stoic-curie.212-227-153-4.plesk.page\/de\/wp-json\/wp\/v2\/types\/product"}],"replies":[{"embeddable":true,"href":"https:\/\/stoic-curie.212-227-153-4.plesk.page\/de\/wp-json\/wp\/v2\/comments?post=733336"}],"version-history":[{"count":0,"href":"https:\/\/stoic-curie.212-227-153-4.plesk.page\/de\/wp-json\/wp\/v2\/product\/733336\/revisions"}],"wp:featuredmedia":[{"embeddable":true,"href":"https:\/\/stoic-curie.212-227-153-4.plesk.page\/de\/wp-json\/wp\/v2\/media\/5937477"}],"wp:attachment":[{"href":"https:\/\/stoic-curie.212-227-153-4.plesk.page\/de\/wp-json\/wp\/v2\/media?parent=733336"}],"wp:term":[{"taxonomy":"product_brand","embeddable":true,"href":"https:\/\/stoic-curie.212-227-153-4.plesk.page\/de\/wp-json\/wp\/v2\/product_brand?post=733336"},{"taxonomy":"product_cat","embeddable":true,"href":"https:\/\/stoic-curie.212-227-153-4.plesk.page\/de\/wp-json\/wp\/v2\/product_cat?post=733336"},{"taxonomy":"product_tag","embeddable":true,"href":"https:\/\/stoic-curie.212-227-153-4.plesk.page\/de\/wp-json\/wp\/v2\/product_tag?post=733336"}],"curies":[{"name":"wp","href":"https:\/\/api.w.org\/{rel}","templated":true}]}}