{"id":733339,"date":"2025-03-03T16:18:50","date_gmt":"2025-03-03T15:18:50","guid":{"rendered":"https:\/\/stoic-curie.212-227-153-4.plesk.page\/producto\/segelbootpropeller-mit-drei-blaettern-18x16\/"},"modified":"2026-02-24T23:34:44","modified_gmt":"2026-02-24T23:34:44","slug":"segelbootpropeller-mit-drei-blaettern-18x16","status":"publish","type":"product","link":"https:\/\/stoic-curie.212-227-153-4.plesk.page\/de\/product\/segelbootpropeller-mit-drei-blaettern-18x16\/","title":{"rendered":"Segelbootpropeller mit drei Bl\u00e4ttern 18X16"},"content":{"rendered":"<p>Segelbootpropeller mit drei Bl\u00e4ttern 18X16 &#8211; <\/p>\n<p>3-fl\u00fcgelige Aluminiumlegierung Segelantriebsschrauben. Dynamisch ausgewogen, korrosions- und schlagfest. Gerippter Sockel mit 17 Rillen. Wichtig: Segelantriebsschrauben m\u00fcssen gem\u00e4\u00df den Herstelleranweisungen wie Volvo &#8211; Yanmar &#8211; Bukh \u2013 Nanni usw. mit Originalzubeh\u00f6r montiert werden.<\/p>\n","protected":false},"excerpt":{"rendered":"<p>Segelbootpropeller mit drei Bl\u00e4ttern 18X16 &#8211; 3-fl\u00fcgelige Aluminiumlegierung Segelantriebsschrauben. Dynamisch ausgewogen, korrosions- und schlagfest. Gerippter Sockel mit 17 Rillen. Wichtig:<\/p>\n","protected":false},"featured_media":5936858,"comment_status":"open","ping_status":"closed","template":"","meta":[],"product_brand":[2915],"product_cat":[1542,1529,1526],"product_tag":[],"class_list":{"0":"post-733339","1":"product","2":"type-product","3":"status-publish","4":"has-post-thumbnail","6":"product_brand-eliche-radice-de","7":"product_cat-marine-ersatzteile-fuer-volvo-penta","8":"product_cat-marine-ersatzteile-fuer-yanmar","9":"product_cat-propeller-fuer-saildrive","11":"first","12":"outofstock","13":"shipping-taxable","14":"purchasable","15":"product-type-simple"},"_links":{"self":[{"href":"https:\/\/stoic-curie.212-227-153-4.plesk.page\/de\/wp-json\/wp\/v2\/product\/733339","targetHints":{"allow":["GET"]}}],"collection":[{"href":"https:\/\/stoic-curie.212-227-153-4.plesk.page\/de\/wp-json\/wp\/v2\/product"}],"about":[{"href":"https:\/\/stoic-curie.212-227-153-4.plesk.page\/de\/wp-json\/wp\/v2\/types\/product"}],"replies":[{"embeddable":true,"href":"https:\/\/stoic-curie.212-227-153-4.plesk.page\/de\/wp-json\/wp\/v2\/comments?post=733339"}],"version-history":[{"count":0,"href":"https:\/\/stoic-curie.212-227-153-4.plesk.page\/de\/wp-json\/wp\/v2\/product\/733339\/revisions"}],"wp:featuredmedia":[{"embeddable":true,"href":"https:\/\/stoic-curie.212-227-153-4.plesk.page\/de\/wp-json\/wp\/v2\/media\/5936858"}],"wp:attachment":[{"href":"https:\/\/stoic-curie.212-227-153-4.plesk.page\/de\/wp-json\/wp\/v2\/media?parent=733339"}],"wp:term":[{"taxonomy":"product_brand","embeddable":true,"href":"https:\/\/stoic-curie.212-227-153-4.plesk.page\/de\/wp-json\/wp\/v2\/product_brand?post=733339"},{"taxonomy":"product_cat","embeddable":true,"href":"https:\/\/stoic-curie.212-227-153-4.plesk.page\/de\/wp-json\/wp\/v2\/product_cat?post=733339"},{"taxonomy":"product_tag","embeddable":true,"href":"https:\/\/stoic-curie.212-227-153-4.plesk.page\/de\/wp-json\/wp\/v2\/product_tag?post=733339"}],"curies":[{"name":"wp","href":"https:\/\/api.w.org\/{rel}","templated":true}]}}