{"id":733341,"date":"2025-03-03T16:18:51","date_gmt":"2025-03-03T15:18:51","guid":{"rendered":"https:\/\/stoic-curie.212-227-153-4.plesk.page\/producto\/edelstahl-bruce-anker-75kg\/"},"modified":"2026-02-24T23:34:44","modified_gmt":"2026-02-24T23:34:44","slug":"edelstahl-bruce-anker-75kg","status":"publish","type":"product","link":"https:\/\/stoic-curie.212-227-153-4.plesk.page\/de\/product\/edelstahl-bruce-anker-75kg\/","title":{"rendered":"Edelstahl-Bruce-Anker 5kg"},"content":{"rendered":"<p>Edelstahl-Bruce-Anker 5kg &#8211; <\/p>\n<p style=\"color: rgb(34, 34, 34); font-family: Arial, Helvetica, sans-serif; font-size: small;\">Wir freuen uns, den spiegelpolierten Edelstahl Bruce B-Typ Anker vorzustellen. Dieser Anker hat ein einzigartiges Design. Seine breite, gew\u00f6lbte Basis hilft ihm, sich in dem besten Winkel einzugraben. Diese Basis sorgt daf\u00fcr, dass er in verschiedenen Wasserbedingungen stabil bleibt. Er funktioniert gut in sandigen und schlammigen Bereichen. Der klauenf\u00f6rmige Bruce-Anker setzt sich schnell im meisten Seeboden und ist somit eine hervorragende Wahl f\u00fcr kleinere Boote.<\/p>\n<p style=\"color: rgb(34, 34, 34); font-family: Arial, Helvetica, sans-serif; font-size: small;\">Diese Anker sind f\u00fcr ihre Stabilit\u00e4t bekannt. Sie widerstehen der Bewegung durch Wind oder Gezeiten. Stattdessen drehen sie sich sanft auf dem Seeboden, um sich an die umgebenden Kr\u00e4fte anzupassen.<\/p>\n<p style=\"color: rgb(34, 34, 34); font-family: Arial, Helvetica, sans-serif; font-size: small;\"><strong>Spezifikationen:<\/strong><\/p>\n<ol style=\"color: rgb(34, 34, 34); font-family: Arial, Helvetica, sans-serif; font-size: small;\">\n<li><strong>Material:<\/strong>&amp;nbsp;Edelstahl (AISI 316, AISI 304), Legierungsguss und Karbonstahl.<\/li>\n<li><strong>Technik:<\/strong>&amp;nbsp;Pr\u00e4zisionsguss.<\/li>\n<li><strong>Oberfl\u00e4che:<\/strong>&amp;nbsp;Erh\u00e4ltlich in Spiegel- oder Satinpolitur sowie galvanisierten Optionen.<\/li>\n<li><strong>Herstellungsverfahren:<\/strong>&amp;nbsp;Silica Sol, verlorene Wachsmethode.<\/li>\n<\/ol>\n<p style=\"color: rgb(34, 34, 34); font-family: Arial, Helvetica, sans-serif; font-size: small;\">Der Bruce- oder Klauenanker begann in den 1970er Jahren und ist immer noch bei Bootsfahrern beliebt.<\/p>\n<p style=\"color: rgb(34, 34, 34); font-family: Arial, Helvetica, sans-serif; font-size: small;\">Der Bruce-Anker ist eine flexible Wahl. Er funktioniert gut auf vielen Seeb\u00f6den, einschlie\u00dflich Schlamm, Sand, Gras, Felsen und Korallen. Allerdings kann er auf h\u00e4rteren Oberfl\u00e4chen wie Lehm Schwierigkeiten haben. Sein Drei-Klauendesign erleichtert das Setzen im Vergleich zu anderen Ankern, und er setzt sich schnell zur\u00fcck, wenn er bewegt wird. Beachten Sie, dass der Bruce-Anker pro Pfund weniger Haltekraft hat als einige andere Typen, wie Delta- oder Fl\u00fcgelanker. Daher m\u00fcssen Sie m\u00f6glicherweise eine gr\u00f6\u00dfere Gr\u00f6\u00dfe w\u00e4hlen, um die gleiche Haltekraft zu erzielen.<\/p>\n","protected":false},"excerpt":{"rendered":"<p>Edelstahl-Bruce-Anker 5kg &#8211; Wir freuen uns, den spiegelpolierten Edelstahl Bruce B-Typ Anker vorzustellen. Dieser Anker hat ein einzigartiges Design. Seine<\/p>\n","protected":false},"featured_media":5937478,"comment_status":"open","ping_status":"closed","template":"","meta":[],"product_brand":[3120],"product_cat":[1576],"product_tag":[],"class_list":{"0":"post-733341","1":"product","2":"type-product","3":"status-publish","4":"has-post-thumbnail","6":"product_brand-marinetech-de","7":"product_cat-anker-bruce","9":"first","10":"instock","11":"shipping-taxable","12":"purchasable","13":"product-type-simple"},"_links":{"self":[{"href":"https:\/\/stoic-curie.212-227-153-4.plesk.page\/de\/wp-json\/wp\/v2\/product\/733341","targetHints":{"allow":["GET"]}}],"collection":[{"href":"https:\/\/stoic-curie.212-227-153-4.plesk.page\/de\/wp-json\/wp\/v2\/product"}],"about":[{"href":"https:\/\/stoic-curie.212-227-153-4.plesk.page\/de\/wp-json\/wp\/v2\/types\/product"}],"replies":[{"embeddable":true,"href":"https:\/\/stoic-curie.212-227-153-4.plesk.page\/de\/wp-json\/wp\/v2\/comments?post=733341"}],"version-history":[{"count":0,"href":"https:\/\/stoic-curie.212-227-153-4.plesk.page\/de\/wp-json\/wp\/v2\/product\/733341\/revisions"}],"wp:featuredmedia":[{"embeddable":true,"href":"https:\/\/stoic-curie.212-227-153-4.plesk.page\/de\/wp-json\/wp\/v2\/media\/5937478"}],"wp:attachment":[{"href":"https:\/\/stoic-curie.212-227-153-4.plesk.page\/de\/wp-json\/wp\/v2\/media?parent=733341"}],"wp:term":[{"taxonomy":"product_brand","embeddable":true,"href":"https:\/\/stoic-curie.212-227-153-4.plesk.page\/de\/wp-json\/wp\/v2\/product_brand?post=733341"},{"taxonomy":"product_cat","embeddable":true,"href":"https:\/\/stoic-curie.212-227-153-4.plesk.page\/de\/wp-json\/wp\/v2\/product_cat?post=733341"},{"taxonomy":"product_tag","embeddable":true,"href":"https:\/\/stoic-curie.212-227-153-4.plesk.page\/de\/wp-json\/wp\/v2\/product_tag?post=733341"}],"curies":[{"name":"wp","href":"https:\/\/api.w.org\/{rel}","templated":true}]}}