{"id":733350,"date":"2025-03-03T16:18:52","date_gmt":"2025-03-03T15:18:52","guid":{"rendered":"https:\/\/stoic-curie.212-227-153-4.plesk.page\/producto\/fernglas-nikon-aculon-7-x-50\/"},"modified":"2026-02-24T23:34:44","modified_gmt":"2026-02-24T23:34:44","slug":"fernglas-nikon-aculon-7-x-50","status":"publish","type":"product","link":"https:\/\/stoic-curie.212-227-153-4.plesk.page\/de\/product\/fernglas-nikon-aculon-7-x-50\/","title":{"rendered":"Fernglas Nikon Aculon 7 x 50"},"content":{"rendered":"<p>Fernglas Nikon Aculon 7 x 50 &#8211; <\/p>\n<p>Aculon A211 7&#215;50 bietet eine zus\u00e4tzliche optische Leistung in einem klassischen Fernglas.<br \/>\n\u00e2\u0080\u00a2 Zentrales Fokussiersystem<br \/>\n\u00e2\u0080\u00a2 Gro\u00dfe Objektivdurchmesser f\u00fcr ein helleres und breiteres Sichtfeld<br \/>\n\u00e2\u0080\u00a2 Mehrschichtige beschichtete Linsen f\u00fcr helle, scharfe Bilder<br \/>\n\u00e2\u0080\u00a2 Asph\u00e4rische Okularlinsen f\u00fcr verzerrungsfreie Bilder \u00fcber die gesamte Linsenoberfl\u00e4che<br \/>\n\u00e2\u0080\u00a2 Gummibeschichtung bietet Sto\u00dffestigkeit und einen sicheren, komfortablen Griff<br \/>\n\u00e2\u0080\u00a2 Komplett mit Gurt und Tasche<br \/>\n\u00e2\u0080\u00a2 10 Jahre Garantie.<\/p>\n","protected":false},"excerpt":{"rendered":"<p>Fernglas Nikon Aculon 7 x 50 &#8211; Aculon A211 7&#215;50 bietet eine zus\u00e4tzliche optische Leistung in einem klassischen Fernglas. \u00e2\u0080\u00a2<\/p>\n","protected":false},"featured_media":5937485,"comment_status":"open","ping_status":"closed","template":"","meta":[],"product_brand":[3195],"product_cat":[1492],"product_tag":[],"class_list":{"0":"post-733350","1":"product","2":"type-product","3":"status-publish","4":"has-post-thumbnail","6":"product_brand-nikon-marine-de","7":"product_cat-marina-fernglaeser","9":"first","10":"instock","11":"shipping-taxable","12":"purchasable","13":"product-type-simple"},"_links":{"self":[{"href":"https:\/\/stoic-curie.212-227-153-4.plesk.page\/de\/wp-json\/wp\/v2\/product\/733350","targetHints":{"allow":["GET"]}}],"collection":[{"href":"https:\/\/stoic-curie.212-227-153-4.plesk.page\/de\/wp-json\/wp\/v2\/product"}],"about":[{"href":"https:\/\/stoic-curie.212-227-153-4.plesk.page\/de\/wp-json\/wp\/v2\/types\/product"}],"replies":[{"embeddable":true,"href":"https:\/\/stoic-curie.212-227-153-4.plesk.page\/de\/wp-json\/wp\/v2\/comments?post=733350"}],"version-history":[{"count":0,"href":"https:\/\/stoic-curie.212-227-153-4.plesk.page\/de\/wp-json\/wp\/v2\/product\/733350\/revisions"}],"wp:featuredmedia":[{"embeddable":true,"href":"https:\/\/stoic-curie.212-227-153-4.plesk.page\/de\/wp-json\/wp\/v2\/media\/5937485"}],"wp:attachment":[{"href":"https:\/\/stoic-curie.212-227-153-4.plesk.page\/de\/wp-json\/wp\/v2\/media?parent=733350"}],"wp:term":[{"taxonomy":"product_brand","embeddable":true,"href":"https:\/\/stoic-curie.212-227-153-4.plesk.page\/de\/wp-json\/wp\/v2\/product_brand?post=733350"},{"taxonomy":"product_cat","embeddable":true,"href":"https:\/\/stoic-curie.212-227-153-4.plesk.page\/de\/wp-json\/wp\/v2\/product_cat?post=733350"},{"taxonomy":"product_tag","embeddable":true,"href":"https:\/\/stoic-curie.212-227-153-4.plesk.page\/de\/wp-json\/wp\/v2\/product_tag?post=733350"}],"curies":[{"name":"wp","href":"https:\/\/api.w.org\/{rel}","templated":true}]}}