{"id":733351,"date":"2025-03-03T16:18:53","date_gmt":"2025-03-03T15:18:53","guid":{"rendered":"https:\/\/stoic-curie.212-227-153-4.plesk.page\/producto\/fernglas-nikon-action-7-x-50\/"},"modified":"2026-02-24T23:34:44","modified_gmt":"2026-02-24T23:34:44","slug":"fernglas-nikon-action-7-x-50","status":"publish","type":"product","link":"https:\/\/stoic-curie.212-227-153-4.plesk.page\/de\/product\/fernglas-nikon-action-7-x-50\/","title":{"rendered":"Fernglas Nikon Action 7 x 50"},"content":{"rendered":"<p>Fernglas Nikon Action 7 x 50 &#8211; <\/p>\n<p>Nikon Action EX CF 7&#215;50 wasserdichte und beschlagfreie Ferngl\u00e4ser.<br \/>\u2022 Wasserdicht (bis zu 1 Meter f\u00fcr 5 Minuten) und beschlagfrei mit Stickstofff\u00fcllung<br \/>\u2022 Hochauge-Punktdesign bietet ein klares Sichtfeld sogar f\u00fcr Brillentr\u00e4ger<br \/>\u2022 Dreh- und Schiebekoepfe erm\u00f6glichen eine einfache Augenpositionierung.<br \/>\u2022 Langer Augenabstand f\u00fcr ein klares Sichtfeld f\u00fcr Brillentr\u00e4ger.<br \/>\u2022 Mehrschichtige beschichtete Linsen und gro\u00dfe Objetiv-Durchmesser f\u00fcr hervorragende Bildklarheit.<br \/>\u2022 Gummierung f\u00fcr Sto\u00dffestigkeit und einen festen, bequemen Griff.<br \/>\u2022 Asph\u00e4rische Okularlinse eliminiert Bildverzerrungen.<br \/>\u2022 Komplett mit Tragegurt und Tasche.<br \/>\u2022 10 Jahre Garantie<\/p>\n","protected":false},"excerpt":{"rendered":"<p>Fernglas Nikon Action 7 x 50 &#8211; Nikon Action EX CF 7&#215;50 wasserdichte und beschlagfreie Ferngl\u00e4ser.\u2022 Wasserdicht (bis zu 1<\/p>\n","protected":false},"featured_media":5937486,"comment_status":"open","ping_status":"closed","template":"","meta":[],"product_brand":[3195],"product_cat":[1492],"product_tag":[],"class_list":{"0":"post-733351","1":"product","2":"type-product","3":"status-publish","4":"has-post-thumbnail","6":"product_brand-nikon-marine-de","7":"product_cat-marina-fernglaeser","9":"first","10":"instock","11":"shipping-taxable","12":"purchasable","13":"product-type-simple"},"_links":{"self":[{"href":"https:\/\/stoic-curie.212-227-153-4.plesk.page\/de\/wp-json\/wp\/v2\/product\/733351","targetHints":{"allow":["GET"]}}],"collection":[{"href":"https:\/\/stoic-curie.212-227-153-4.plesk.page\/de\/wp-json\/wp\/v2\/product"}],"about":[{"href":"https:\/\/stoic-curie.212-227-153-4.plesk.page\/de\/wp-json\/wp\/v2\/types\/product"}],"replies":[{"embeddable":true,"href":"https:\/\/stoic-curie.212-227-153-4.plesk.page\/de\/wp-json\/wp\/v2\/comments?post=733351"}],"version-history":[{"count":0,"href":"https:\/\/stoic-curie.212-227-153-4.plesk.page\/de\/wp-json\/wp\/v2\/product\/733351\/revisions"}],"wp:featuredmedia":[{"embeddable":true,"href":"https:\/\/stoic-curie.212-227-153-4.plesk.page\/de\/wp-json\/wp\/v2\/media\/5937486"}],"wp:attachment":[{"href":"https:\/\/stoic-curie.212-227-153-4.plesk.page\/de\/wp-json\/wp\/v2\/media?parent=733351"}],"wp:term":[{"taxonomy":"product_brand","embeddable":true,"href":"https:\/\/stoic-curie.212-227-153-4.plesk.page\/de\/wp-json\/wp\/v2\/product_brand?post=733351"},{"taxonomy":"product_cat","embeddable":true,"href":"https:\/\/stoic-curie.212-227-153-4.plesk.page\/de\/wp-json\/wp\/v2\/product_cat?post=733351"},{"taxonomy":"product_tag","embeddable":true,"href":"https:\/\/stoic-curie.212-227-153-4.plesk.page\/de\/wp-json\/wp\/v2\/product_tag?post=733351"}],"curies":[{"name":"wp","href":"https:\/\/api.w.org\/{rel}","templated":true}]}}