{"id":733353,"date":"2025-03-03T16:18:53","date_gmt":"2025-03-03T15:18:53","guid":{"rendered":"https:\/\/stoic-curie.212-227-153-4.plesk.page\/producto\/dometic-sunlight-gaskocher-mit-ofen-und-2-brennern\/"},"modified":"2026-02-24T23:34:44","modified_gmt":"2026-02-24T23:34:44","slug":"dometic-sunlight-gaskocher-mit-ofen-und-2-brennern","status":"publish","type":"product","link":"https:\/\/stoic-curie.212-227-153-4.plesk.page\/de\/product\/dometic-sunlight-gaskocher-mit-ofen-und-2-brennern\/","title":{"rendered":"Dometic Sunlight Gaskocher"},"content":{"rendered":"<p>Dometic Sunlight Gaskocher &#8211; <\/p>\n<p>Der Dometic Sunlight-Gaskocher ist mit einem Ofen und zwei Brennern ausgestattet. Sein schlankes Design macht ihn ideal f\u00fcr Galleys oder enge R\u00e4ume. Dieser Gaskocher verf\u00fcgt \u00fcber einen 28-Liter-Ofen sowie zwei Brenner, die mit Topfhaltern, einem Sicherheitst\u00fcrschloss und einem zuverl\u00e4ssigen Z\u00fcndsystem ausgestattet sind. Er erm\u00f6glicht eine unkomplizierte Steuerung sowohl der Flammenintensit\u00e4t als auch der Temperatur.<\/p>\n<p>Der SunLight ist ein kompaktes Kochger\u00e4t mit einer Ofenleistung von 1100 W und Brenneroptionen von entweder 1800 W oder 2200 W.<\/p>\n<p>Besondere Merkmale sind:<\/p>\n<ul>\n<li>Ein Sicherheitsz\u00fcndsystem f\u00fcr erh\u00f6hte Sicherheit<\/li>\n<li>Eine durchsichtige T\u00fcr, die es Ihnen erm\u00f6glicht, den Kochprozess im Auge zu behalten<\/li>\n<\/ul>\n<p>Die Produktma\u00dfe sind wie folgt:<\/p>\n<ul>\n<li>Tiefe: 357 mm<\/li>\n<li>H\u00f6he: 398 mm<\/li>\n<li>Breite: 449 mm<\/li>\n<\/ul>\n<p>Netto-Gewicht: 15,50 kg<\/p>\n","protected":false},"excerpt":{"rendered":"<p>Dometic Sunlight Gaskocher &#8211; Der Dometic Sunlight-Gaskocher ist mit einem Ofen und zwei Brennern ausgestattet. Sein schlankes Design macht ihn<\/p>\n","protected":false},"featured_media":5937490,"comment_status":"open","ping_status":"closed","template":"","meta":[],"product_brand":[2895],"product_cat":[1354],"product_tag":[],"class_list":{"0":"post-733353","1":"product","2":"type-product","3":"status-publish","4":"has-post-thumbnail","6":"product_brand-dometic-de","7":"product_cat-bootskocher","9":"first","10":"outofstock","11":"shipping-taxable","12":"purchasable","13":"product-type-simple"},"_links":{"self":[{"href":"https:\/\/stoic-curie.212-227-153-4.plesk.page\/de\/wp-json\/wp\/v2\/product\/733353","targetHints":{"allow":["GET"]}}],"collection":[{"href":"https:\/\/stoic-curie.212-227-153-4.plesk.page\/de\/wp-json\/wp\/v2\/product"}],"about":[{"href":"https:\/\/stoic-curie.212-227-153-4.plesk.page\/de\/wp-json\/wp\/v2\/types\/product"}],"replies":[{"embeddable":true,"href":"https:\/\/stoic-curie.212-227-153-4.plesk.page\/de\/wp-json\/wp\/v2\/comments?post=733353"}],"version-history":[{"count":0,"href":"https:\/\/stoic-curie.212-227-153-4.plesk.page\/de\/wp-json\/wp\/v2\/product\/733353\/revisions"}],"wp:featuredmedia":[{"embeddable":true,"href":"https:\/\/stoic-curie.212-227-153-4.plesk.page\/de\/wp-json\/wp\/v2\/media\/5937490"}],"wp:attachment":[{"href":"https:\/\/stoic-curie.212-227-153-4.plesk.page\/de\/wp-json\/wp\/v2\/media?parent=733353"}],"wp:term":[{"taxonomy":"product_brand","embeddable":true,"href":"https:\/\/stoic-curie.212-227-153-4.plesk.page\/de\/wp-json\/wp\/v2\/product_brand?post=733353"},{"taxonomy":"product_cat","embeddable":true,"href":"https:\/\/stoic-curie.212-227-153-4.plesk.page\/de\/wp-json\/wp\/v2\/product_cat?post=733353"},{"taxonomy":"product_tag","embeddable":true,"href":"https:\/\/stoic-curie.212-227-153-4.plesk.page\/de\/wp-json\/wp\/v2\/product_tag?post=733353"}],"curies":[{"name":"wp","href":"https:\/\/api.w.org\/{rel}","templated":true}]}}