{"id":733364,"date":"2025-03-03T16:18:55","date_gmt":"2025-03-03T15:18:55","guid":{"rendered":"https:\/\/stoic-curie.212-227-153-4.plesk.page\/producto\/edelstahl-versenkbarer-spotstrahler-led-quick-ted-ct-72mm-warmweiss-3000-k\/"},"modified":"2026-02-24T23:34:44","modified_gmt":"2026-02-24T23:34:44","slug":"edelstahl-versenkbarer-spotstrahler-led-quick-ted-ct-72mm-warmweiss-3000-k","status":"publish","type":"product","link":"https:\/\/stoic-curie.212-227-153-4.plesk.page\/de\/product\/edelstahl-versenkbarer-spotstrahler-led-quick-ted-ct-72mm-warmweiss-3000-k\/","title":{"rendered":"Edelstahl versenkbarer Spotstrahler Led Quick TED CT 72mm Warmwei\u00df 3000 K"},"content":{"rendered":"<p>Edelstahl versenkbarer Spotstrahler Led Quick TED CT 72mm Warmwei\u00df 3000 K &#8211; <\/p>\n<p>Hochlumineszente LED-Einbaustrahler f\u00fcr Innen- und Au\u00dfenbereiche mit Edelstahlblende, Touch-Schalter und Dimmer. Universelles Netzteil 12\/24V &#8211; 2W. IP66 gesch\u00fctzt.<\/p>\n","protected":false},"excerpt":{"rendered":"<p>Edelstahl versenkbarer Spotstrahler Led Quick TED CT 72mm Warmwei\u00df 3000 K &#8211; Hochlumineszente LED-Einbaustrahler f\u00fcr Innen- und Au\u00dfenbereiche mit Edelstahlblende,<\/p>\n","protected":false},"featured_media":5937508,"comment_status":"open","ping_status":"closed","template":"","meta":[],"product_brand":[3280],"product_cat":[1452],"product_tag":[],"class_list":{"0":"post-733364","1":"product","2":"type-product","3":"status-publish","4":"has-post-thumbnail","6":"product_brand-quick-de","7":"product_cat-bootsbeleuchtung","9":"first","10":"instock","11":"shipping-taxable","12":"purchasable","13":"product-type-simple"},"_links":{"self":[{"href":"https:\/\/stoic-curie.212-227-153-4.plesk.page\/de\/wp-json\/wp\/v2\/product\/733364","targetHints":{"allow":["GET"]}}],"collection":[{"href":"https:\/\/stoic-curie.212-227-153-4.plesk.page\/de\/wp-json\/wp\/v2\/product"}],"about":[{"href":"https:\/\/stoic-curie.212-227-153-4.plesk.page\/de\/wp-json\/wp\/v2\/types\/product"}],"replies":[{"embeddable":true,"href":"https:\/\/stoic-curie.212-227-153-4.plesk.page\/de\/wp-json\/wp\/v2\/comments?post=733364"}],"version-history":[{"count":0,"href":"https:\/\/stoic-curie.212-227-153-4.plesk.page\/de\/wp-json\/wp\/v2\/product\/733364\/revisions"}],"wp:featuredmedia":[{"embeddable":true,"href":"https:\/\/stoic-curie.212-227-153-4.plesk.page\/de\/wp-json\/wp\/v2\/media\/5937508"}],"wp:attachment":[{"href":"https:\/\/stoic-curie.212-227-153-4.plesk.page\/de\/wp-json\/wp\/v2\/media?parent=733364"}],"wp:term":[{"taxonomy":"product_brand","embeddable":true,"href":"https:\/\/stoic-curie.212-227-153-4.plesk.page\/de\/wp-json\/wp\/v2\/product_brand?post=733364"},{"taxonomy":"product_cat","embeddable":true,"href":"https:\/\/stoic-curie.212-227-153-4.plesk.page\/de\/wp-json\/wp\/v2\/product_cat?post=733364"},{"taxonomy":"product_tag","embeddable":true,"href":"https:\/\/stoic-curie.212-227-153-4.plesk.page\/de\/wp-json\/wp\/v2\/product_tag?post=733364"}],"curies":[{"name":"wp","href":"https:\/\/api.w.org\/{rel}","templated":true}]}}