{"id":733365,"date":"2025-03-03T16:18:55","date_gmt":"2025-03-03T15:18:55","guid":{"rendered":"https:\/\/stoic-curie.212-227-153-4.plesk.page\/producto\/led-scheinwerfer-quick-marina-79-x-79-x-h45-mm-warmweiss-3000-k\/"},"modified":"2026-02-24T23:34:44","modified_gmt":"2026-02-24T23:34:44","slug":"led-scheinwerfer-quick-marina-79-x-79-x-h45-mm-warmweiss-3000-k","status":"publish","type":"product","link":"https:\/\/stoic-curie.212-227-153-4.plesk.page\/de\/product\/led-scheinwerfer-quick-marina-79-x-79-x-h45-mm-warmweiss-3000-k\/","title":{"rendered":"LED-Scheinwerfer Quick Marina 79 x 79 x H4,5 mm &#8211; Warmwei\u00df 3000 K"},"content":{"rendered":"<p>LED-Scheinwerfer Quick Marina 79 x 79 x H4,5 mm &#8211; Warmwei\u00df 3000 K &#8211; <\/p>\n<p>4W IP65 LED-Spotlicht f\u00fcr Innen- und Au\u00dfenbereiche mit einem Rahmen aus 316 Edelstahl. Fl\u00e4chenmontage mit Federn und 1,5 mm flachem Rahmen oder mit Schrauben und 4 mm normalem Rahmen. Universelle Spannung von 9-32V mit dimmbarer LED, die vor Spannungsspitzen und Umkehrung gesch\u00fctzt ist.<\/p>\n","protected":false},"excerpt":{"rendered":"<p>LED-Scheinwerfer Quick Marina 79 x 79 x H4,5 mm &#8211; Warmwei\u00df 3000 K &#8211; 4W IP65 LED-Spotlicht f\u00fcr Innen- und<\/p>\n","protected":false},"featured_media":5937510,"comment_status":"open","ping_status":"closed","template":"","meta":[],"product_brand":[3280],"product_cat":[1452],"product_tag":[],"class_list":{"0":"post-733365","1":"product","2":"type-product","3":"status-publish","4":"has-post-thumbnail","6":"product_brand-quick-de","7":"product_cat-bootsbeleuchtung","9":"first","10":"instock","11":"shipping-taxable","12":"purchasable","13":"product-type-simple"},"_links":{"self":[{"href":"https:\/\/stoic-curie.212-227-153-4.plesk.page\/de\/wp-json\/wp\/v2\/product\/733365","targetHints":{"allow":["GET"]}}],"collection":[{"href":"https:\/\/stoic-curie.212-227-153-4.plesk.page\/de\/wp-json\/wp\/v2\/product"}],"about":[{"href":"https:\/\/stoic-curie.212-227-153-4.plesk.page\/de\/wp-json\/wp\/v2\/types\/product"}],"replies":[{"embeddable":true,"href":"https:\/\/stoic-curie.212-227-153-4.plesk.page\/de\/wp-json\/wp\/v2\/comments?post=733365"}],"version-history":[{"count":0,"href":"https:\/\/stoic-curie.212-227-153-4.plesk.page\/de\/wp-json\/wp\/v2\/product\/733365\/revisions"}],"wp:featuredmedia":[{"embeddable":true,"href":"https:\/\/stoic-curie.212-227-153-4.plesk.page\/de\/wp-json\/wp\/v2\/media\/5937510"}],"wp:attachment":[{"href":"https:\/\/stoic-curie.212-227-153-4.plesk.page\/de\/wp-json\/wp\/v2\/media?parent=733365"}],"wp:term":[{"taxonomy":"product_brand","embeddable":true,"href":"https:\/\/stoic-curie.212-227-153-4.plesk.page\/de\/wp-json\/wp\/v2\/product_brand?post=733365"},{"taxonomy":"product_cat","embeddable":true,"href":"https:\/\/stoic-curie.212-227-153-4.plesk.page\/de\/wp-json\/wp\/v2\/product_cat?post=733365"},{"taxonomy":"product_tag","embeddable":true,"href":"https:\/\/stoic-curie.212-227-153-4.plesk.page\/de\/wp-json\/wp\/v2\/product_tag?post=733365"}],"curies":[{"name":"wp","href":"https:\/\/api.w.org\/{rel}","templated":true}]}}