{"id":733366,"date":"2025-03-03T16:18:55","date_gmt":"2025-03-03T15:18:55","guid":{"rendered":"https:\/\/stoic-curie.212-227-153-4.plesk.page\/producto\/vetus-agm-batterien-70-ampere\/"},"modified":"2026-02-24T23:34:44","modified_gmt":"2026-02-24T23:34:44","slug":"vetus-agm-batterien-70-ampere","status":"publish","type":"product","link":"https:\/\/stoic-curie.212-227-153-4.plesk.page\/de\/product\/vetus-agm-batterien-70-ampere\/","title":{"rendered":"Vetus AGM Batterien 70 Ampere"},"content":{"rendered":"<p>Vetus AGM Batterien 70 Ampere &#8211; <\/p>\n<p style=\"color: rgb(34, 34, 34); font-family: Arial, Helvetica, sans-serif; font-size: small;\">Wartungsfreie Batterie, entwickelt ohne freien Elektrolyten und in acht einzigartigen Modellen erh\u00e4ltlich. Diese Batterien sind besonders effektiv in Anwendungen, die tiefere Entladungen erfordern. Die wartungsfreien VETUS Absorbed Glass Mat (AGM) Batterien sind vollst\u00e4ndig versiegelt und mit einer kleinen Bel\u00fcftungs\u00f6ffnung f\u00fcr Druckentlastung ausgestattet. Hergestellt mit Blei-Calcium-Platten, wird der Elektrolyt von Glasfaser-Matten-Trennern absorbiert, was einen auslaufsicheren Betrieb w\u00e4hrend des Transports und selbst bei besch\u00e4digtem Geh\u00e4use gew\u00e4hrleistet.<\/p>\n<p style=\"color: rgb(34, 34, 34); font-family: Arial, Helvetica, sans-serif; font-size: small;\">Diese AGM-Batterien sind speziell f\u00fcr marine Anwendungen konzipiert und ideal zum Starten von Motoren, Betrieb von Winden und powering von Bugstrahlrudern. Sie bieten hohe MCA-Bewertungen, minimale Selbstentladewerte und au\u00dfergew\u00f6hnliche Langlebigkeit, und sie funktionieren weiterhin ohne auszulaufen, selbst wenn sie kompromittiert sind. Besonders geeignet f\u00fcr kontinuierliche zyklische Nutzung, insbesondere wenn eine sofortige Wiederaufladung m\u00f6glich ist.<\/p>\n<p style=\"color: rgb(34, 34, 34); font-family: Arial, Helvetica, sans-serif; font-size: small;\"><strong>LAGERUNG<\/strong><br \/>VETUS AGM-Batterien k\u00f6nnen in jeder Position installiert werden, einschlie\u00dflich kopf\u00fcber, es ist jedoch wichtig, sie nicht mit nach unten gerichteten Anschl\u00fcssen zu laden. Sie k\u00f6nnen diese Batterien mit jedem spannungsregulierten Batterieladeger\u00e4t auf der richtigen Einstellung oder \u00fcber den Motor-Generator aufladen. F\u00fcr optimale Leistung empfehlen wir dringend die Verwendung von VETUS-Batterieladeger\u00e4ten.<\/p>\n<p style=\"color: rgb(34, 34, 34); font-family: Arial, Helvetica, sans-serif; font-size: small;\"><strong>LANGE HALTBARKEIT<\/strong><br \/>VETUS AGM-Batterien sind anpassungsf\u00e4hige Marinebatterien, die ideal f\u00fcr tiefe Entladezyklen sind, wenn sie im Hauptspeicher verwendet werden, um Beleuchtung, Pumpen und Haushaltsger\u00e4te zu betreiben. Ihre hohe K\u00e4lte-Startstrombewertung macht sie hervorragend geeignet zum Starten von Motoren und zum Betreiben von Hochstromger\u00e4ten wie Bugstrahlrudern und Ankerwinden.<\/p>\n<p style=\"color: rgb(34, 34, 34); font-family: Arial, Helvetica, sans-serif; font-size: small;\"><strong>Technische Daten:<\/strong><\/p>\n<ul style=\"color: rgb(34, 34, 34); font-family: Arial, Helvetica, sans-serif; font-size: small;\">\n<li>K\u00e4lte-Startstrom (CCA): 760 A (EN)<\/li>\n<li>Reservekapazit\u00e4t (Minuten) bei 25A: 130<\/li>\n<li>Kapazit\u00e4t C20 (Ah): 70 Ah<\/li>\n<li>Kapazit\u00e4t C5 (Ah): 52 Ah<\/li>\n<li>Spannung: 12 V<\/li>\n<li>Gewicht: 21,2 kg<\/li>\n<li>L\u00e4nge: 278 mm<\/li>\n<li>H\u00f6he: 190 mm<\/li>\n<li>Breite: 175 mm<\/li>\n<\/ul>\n","protected":false},"excerpt":{"rendered":"<p>Vetus AGM Batterien 70 Ampere &#8211; Wartungsfreie Batterie, entwickelt ohne freien Elektrolyten und in acht einzigartigen Modellen erh\u00e4ltlich. Diese Batterien<\/p>\n","protected":false},"featured_media":5937512,"comment_status":"open","ping_status":"closed","template":"","meta":[],"product_brand":[3520],"product_cat":[1442],"product_tag":[],"class_list":{"0":"post-733366","1":"product","2":"type-product","3":"status-publish","4":"has-post-thumbnail","6":"product_brand-vetus-de","7":"product_cat-bootsbatterien","9":"first","10":"instock","11":"shipping-taxable","12":"purchasable","13":"product-type-simple"},"_links":{"self":[{"href":"https:\/\/stoic-curie.212-227-153-4.plesk.page\/de\/wp-json\/wp\/v2\/product\/733366","targetHints":{"allow":["GET"]}}],"collection":[{"href":"https:\/\/stoic-curie.212-227-153-4.plesk.page\/de\/wp-json\/wp\/v2\/product"}],"about":[{"href":"https:\/\/stoic-curie.212-227-153-4.plesk.page\/de\/wp-json\/wp\/v2\/types\/product"}],"replies":[{"embeddable":true,"href":"https:\/\/stoic-curie.212-227-153-4.plesk.page\/de\/wp-json\/wp\/v2\/comments?post=733366"}],"version-history":[{"count":0,"href":"https:\/\/stoic-curie.212-227-153-4.plesk.page\/de\/wp-json\/wp\/v2\/product\/733366\/revisions"}],"wp:featuredmedia":[{"embeddable":true,"href":"https:\/\/stoic-curie.212-227-153-4.plesk.page\/de\/wp-json\/wp\/v2\/media\/5937512"}],"wp:attachment":[{"href":"https:\/\/stoic-curie.212-227-153-4.plesk.page\/de\/wp-json\/wp\/v2\/media?parent=733366"}],"wp:term":[{"taxonomy":"product_brand","embeddable":true,"href":"https:\/\/stoic-curie.212-227-153-4.plesk.page\/de\/wp-json\/wp\/v2\/product_brand?post=733366"},{"taxonomy":"product_cat","embeddable":true,"href":"https:\/\/stoic-curie.212-227-153-4.plesk.page\/de\/wp-json\/wp\/v2\/product_cat?post=733366"},{"taxonomy":"product_tag","embeddable":true,"href":"https:\/\/stoic-curie.212-227-153-4.plesk.page\/de\/wp-json\/wp\/v2\/product_tag?post=733366"}],"curies":[{"name":"wp","href":"https:\/\/api.w.org\/{rel}","templated":true}]}}