{"id":733367,"date":"2025-03-03T16:18:55","date_gmt":"2025-03-03T15:18:55","guid":{"rendered":"https:\/\/stoic-curie.212-227-153-4.plesk.page\/producto\/vetus-agm-batterien-100-ampere\/"},"modified":"2026-02-24T23:34:44","modified_gmt":"2026-02-24T23:34:44","slug":"vetus-agm-batterien-100-ampere","status":"publish","type":"product","link":"https:\/\/stoic-curie.212-227-153-4.plesk.page\/de\/product\/vetus-agm-batterien-100-ampere\/","title":{"rendered":"Vetus AGM Batterien 100 Ampere"},"content":{"rendered":"<p>Vetus AGM Batterien 100 Ampere &#8211; <\/p>\n<p style=\"color: rgb(34, 34, 34); font-family: Arial, Helvetica, sans-serif; font-size: small;\">Die wartungsfreien Absorbent Glass Mat (AGM) Batterien von VETUS sind vollst\u00e4ndig versiegelt und verf\u00fcgen \u00fcber eine kleine Bel\u00fcftungs\u00f6ffnung zur Druckentlastung. Die Platten bestehen aus Blei-Calcium, und der Elektrolyt wird von Glasfasermatten-Trennw\u00e4nden absorbiert, was sicherstellt, dass die Batterie w\u00e4hrend des Transports oder bei Besch\u00e4digung auslaufsicher bleibt. Diese AGM-Batterien sind speziell f\u00fcr maritimen Anwendungen konzipiert und somit ideal f\u00fcr Motorstart, Winden und Bugstrahlruder. Sie bieten hohe MCA-Werte, niedrige Selbstentladeraten und Langlebigkeit, sodass sie auch bei Besch\u00e4digung weiter funktionieren, ohne auszulaufen. Sie sind besonders gut f\u00fcr kontinuierliche zyklische Nutzung geeignet, insbesondere wenn eine sofortige Wiederaufladung m\u00f6glich ist.<\/p>\n<p style=\"color: rgb(34, 34, 34); font-family: Arial, Helvetica, sans-serif; font-size: small;\"><strong>LAGERUNG<\/strong><br \/>Die VETUS AGM-Batterien k\u00f6nnen in jeder Position, sogar auf dem Kopf stehend, platziert werden, sollten jedoch nicht geladen werden, wenn die Anschl\u00fcsse nach unten zeigen. Diese Batterien k\u00f6nnen mit jedem spannungsgeregelten Ladeger\u00e4t auf die richtige Einstellung oder \u00fcber den Motor-Generator aufgeladen werden. F\u00fcr diesen Zweck werden die VETUS-Batterieladeger\u00e4te besonders empfohlen.<\/p>\n<p style=\"color: rgb(34, 34, 34); font-family: Arial, Helvetica, sans-serif; font-size: small;\"><strong>LANGLEBIGE LEBENSDAUER<\/strong><br \/>Die AGM-Batterien von VETUS sind vielseitige Marinebatterien, die sich f\u00fcr tiefe Entladezyklen eignen, wenn sie im Hauptspeicher zur Stromversorgung von Beleuchtung, Pumpen und Haushaltsger\u00e4ten verwendet werden. Ihre hohe Kaltstartampere (CCA) Bewertung macht sie auch ausgezeichnet f\u00fcr das Starten von Motoren und das Betreiben von Bugstrahlrudern, Ankerwinden und anderen Hochstromger\u00e4ten.<\/p>\n<p style=\"color: rgb(34, 34, 34); font-family: Arial, Helvetica, sans-serif; font-size: small;\"><strong>Technische Daten:<\/strong><\/p>\n<ul style=\"color: rgb(34, 34, 34); font-family: Arial, Helvetica, sans-serif; font-size: small;\">\n<li>Kapazit\u00e4t: 100 Ah<\/li>\n<li>Spannung: 12 V<\/li>\n<li>Kaltstartamper (CCA EN): 635<\/li>\n<li>Reservekapazit\u00e4t bei 25A: 165 Minuten<\/li>\n<li>Abmessungen: L\u00e4nge 305 mm, Breite 173 mm, H\u00f6he 212 mm<\/li>\n<li>Gewicht: 29 kg<\/li>\n<\/ul>\n","protected":false},"excerpt":{"rendered":"<p>Vetus AGM Batterien 100 Ampere &#8211; Die wartungsfreien Absorbent Glass Mat (AGM) Batterien von VETUS sind vollst\u00e4ndig versiegelt und verf\u00fcgen<\/p>\n","protected":false},"featured_media":5937512,"comment_status":"open","ping_status":"closed","template":"","meta":[],"product_brand":[3520],"product_cat":[1442],"product_tag":[],"class_list":{"0":"post-733367","1":"product","2":"type-product","3":"status-publish","4":"has-post-thumbnail","6":"product_brand-vetus-de","7":"product_cat-bootsbatterien","9":"first","10":"instock","11":"shipping-taxable","12":"purchasable","13":"product-type-simple"},"_links":{"self":[{"href":"https:\/\/stoic-curie.212-227-153-4.plesk.page\/de\/wp-json\/wp\/v2\/product\/733367","targetHints":{"allow":["GET"]}}],"collection":[{"href":"https:\/\/stoic-curie.212-227-153-4.plesk.page\/de\/wp-json\/wp\/v2\/product"}],"about":[{"href":"https:\/\/stoic-curie.212-227-153-4.plesk.page\/de\/wp-json\/wp\/v2\/types\/product"}],"replies":[{"embeddable":true,"href":"https:\/\/stoic-curie.212-227-153-4.plesk.page\/de\/wp-json\/wp\/v2\/comments?post=733367"}],"version-history":[{"count":0,"href":"https:\/\/stoic-curie.212-227-153-4.plesk.page\/de\/wp-json\/wp\/v2\/product\/733367\/revisions"}],"wp:featuredmedia":[{"embeddable":true,"href":"https:\/\/stoic-curie.212-227-153-4.plesk.page\/de\/wp-json\/wp\/v2\/media\/5937512"}],"wp:attachment":[{"href":"https:\/\/stoic-curie.212-227-153-4.plesk.page\/de\/wp-json\/wp\/v2\/media?parent=733367"}],"wp:term":[{"taxonomy":"product_brand","embeddable":true,"href":"https:\/\/stoic-curie.212-227-153-4.plesk.page\/de\/wp-json\/wp\/v2\/product_brand?post=733367"},{"taxonomy":"product_cat","embeddable":true,"href":"https:\/\/stoic-curie.212-227-153-4.plesk.page\/de\/wp-json\/wp\/v2\/product_cat?post=733367"},{"taxonomy":"product_tag","embeddable":true,"href":"https:\/\/stoic-curie.212-227-153-4.plesk.page\/de\/wp-json\/wp\/v2\/product_tag?post=733367"}],"curies":[{"name":"wp","href":"https:\/\/api.w.org\/{rel}","templated":true}]}}