{"id":733371,"date":"2025-03-03T16:18:56","date_gmt":"2025-03-03T15:18:56","guid":{"rendered":"https:\/\/stoic-curie.212-227-153-4.plesk.page\/producto\/marinco-beamer-600-chrom-12-24-v\/"},"modified":"2026-02-24T23:34:44","modified_gmt":"2026-02-24T23:34:44","slug":"marinco-beamer-600-chrom-12-24-v","status":"publish","type":"product","link":"https:\/\/stoic-curie.212-227-153-4.plesk.page\/de\/product\/marinco-beamer-600-chrom-12-24-v\/","title":{"rendered":"Marinco Beamer 600 Chrom, 12-24 V"},"content":{"rendered":"<p>Marinco Beamer 600 Chrom, 12-24 V &#8211; <\/p>\n<p>Marinco Beamer 600 tragbare, kabellose Fernbedienungssuchlicht mit 360\u00b0-Drehung und 120\u00b0-Neigung. Tiefer und gleichm\u00e4\u00dfiger Strahl mit 100W Halogenlampe, komplett mit 1x12V und 1x24V austauschbaren Gl\u00fchbirnen f\u00fcr doppelte Nutzung. UV-best\u00e4ndiges Tecnopolymer-Geh\u00e4use, IP56 gesch\u00fctzt. Komplett mit bis zu 65 m Funkfernbedienung, Abmessungen 55x57x19. Suchlichtabmessungen: 190 x 190 x H235 mm, Basisdurchmesser 145 mm mit Decklochdurchmesser 110 mm.<\/p>\n","protected":false},"excerpt":{"rendered":"<p>Marinco Beamer 600 Chrom, 12-24 V &#8211; Marinco Beamer 600 tragbare, kabellose Fernbedienungssuchlicht mit 360\u00b0-Drehung und 120\u00b0-Neigung. Tiefer und gleichm\u00e4\u00dfiger<\/p>\n","protected":false},"featured_media":5937524,"comment_status":"open","ping_status":"closed","template":"","meta":[],"product_brand":[3105],"product_cat":[1447],"product_tag":[],"class_list":{"0":"post-733371","1":"product","2":"type-product","3":"status-publish","4":"has-post-thumbnail","6":"product_brand-marinco-de","7":"product_cat-suchscheinwerfer-und-spotlights","9":"first","10":"instock","11":"shipping-taxable","12":"purchasable","13":"product-type-simple"},"_links":{"self":[{"href":"https:\/\/stoic-curie.212-227-153-4.plesk.page\/de\/wp-json\/wp\/v2\/product\/733371","targetHints":{"allow":["GET"]}}],"collection":[{"href":"https:\/\/stoic-curie.212-227-153-4.plesk.page\/de\/wp-json\/wp\/v2\/product"}],"about":[{"href":"https:\/\/stoic-curie.212-227-153-4.plesk.page\/de\/wp-json\/wp\/v2\/types\/product"}],"replies":[{"embeddable":true,"href":"https:\/\/stoic-curie.212-227-153-4.plesk.page\/de\/wp-json\/wp\/v2\/comments?post=733371"}],"version-history":[{"count":0,"href":"https:\/\/stoic-curie.212-227-153-4.plesk.page\/de\/wp-json\/wp\/v2\/product\/733371\/revisions"}],"wp:featuredmedia":[{"embeddable":true,"href":"https:\/\/stoic-curie.212-227-153-4.plesk.page\/de\/wp-json\/wp\/v2\/media\/5937524"}],"wp:attachment":[{"href":"https:\/\/stoic-curie.212-227-153-4.plesk.page\/de\/wp-json\/wp\/v2\/media?parent=733371"}],"wp:term":[{"taxonomy":"product_brand","embeddable":true,"href":"https:\/\/stoic-curie.212-227-153-4.plesk.page\/de\/wp-json\/wp\/v2\/product_brand?post=733371"},{"taxonomy":"product_cat","embeddable":true,"href":"https:\/\/stoic-curie.212-227-153-4.plesk.page\/de\/wp-json\/wp\/v2\/product_cat?post=733371"},{"taxonomy":"product_tag","embeddable":true,"href":"https:\/\/stoic-curie.212-227-153-4.plesk.page\/de\/wp-json\/wp\/v2\/product_tag?post=733371"}],"curies":[{"name":"wp","href":"https:\/\/api.w.org\/{rel}","templated":true}]}}