{"id":733373,"date":"2025-03-03T16:18:56","date_gmt":"2025-03-03T15:18:56","guid":{"rendered":"https:\/\/stoic-curie.212-227-153-4.plesk.page\/producto\/bugstrahlruder-vetus-25kgf-12v\/"},"modified":"2026-02-24T23:34:44","modified_gmt":"2026-02-24T23:34:44","slug":"bugstrahlruder-vetus-25kgf-12v","status":"publish","type":"product","link":"https:\/\/stoic-curie.212-227-153-4.plesk.page\/de\/product\/bugstrahlruder-vetus-25kgf-12v\/","title":{"rendered":"Bugstrahlruder Vetus 25kgf 12V"},"content":{"rendered":"<p>Bugstrahlruder Vetus 25kgf 12V &#8211; <\/p>\n<p style=\"color: rgb(34, 34, 34); font-family: Arial, Helvetica, sans-serif; font-size: small;\">Der Bow &amp; Stern Thruster BOW2512E ist ein leistungsstarker Tunnelthruster mit 25 kgf, 12 V und einem Durchmesser von 110 mm, der f\u00fcr pr\u00e4zises Man\u00f6vrieren von Booten entwickelt wurde. Durch sorgf\u00e4ltige Ingenieurskunst bietet dieser Thruster ein verbessertes Steuerverhalten, das das Navigieren in engen R\u00e4umen und das Anlegen Ihres Bootes erleichtert. Sein optimiertes Design erm\u00f6glicht eine einfache Installation und ist geeignet f\u00fcr Boote bis zu 24 Fu\u00df (7 Meter) L\u00e4nge.<\/p>\n<p style=\"color: rgb(34, 34, 34); font-family: Arial, Helvetica, sans-serif; font-size: small;\"><strong>Merkmale der Vetus Bow Thruster:<\/strong><\/p>\n<ul style=\"color: rgb(34, 34, 34); font-family: Arial, Helvetica, sans-serif; font-size: small;\">\n<li>Flexibles Kupplungsdesign zwischen dem Verbindungsst\u00fcck und dem Motor reduziert Vibrationen.<\/li>\n<li>Der neue Motor ist energieeffizienter.<\/li>\n<li>Die Installation ist unkompliziert.<\/li>\n<li>Ein einziges Propellerblatt minimiert den Str\u00f6mungswiderstand im Tunnel.<\/li>\n<li>Das einzigartige Propellerblattdesign von VETUS reduziert Kavitation, wodurch Ger\u00e4usche gemindert werden.<\/li>\n<li>Der robuste synthetische Propeller ist korrosionsbest\u00e4ndig und leicht.<\/li>\n<li>Spiralgetriebe helfen, \u00dcbertragungsger\u00e4usche zu minimieren.<\/li>\n<li>Entspricht den EMV-Anforderungen.<\/li>\n<\/ul>\n<p style=\"color: rgb(34, 34, 34); font-family: Arial, Helvetica, sans-serif; font-size: small;\">Der BOW2512E ist eine hervorragende Wahl f\u00fcr Bootsenthusiasten, die ihr Bootserlebnis verbessern m\u00f6chten. Dieser Thruster bietet au\u00dfergew\u00f6hnliche Man\u00f6vrierf\u00e4higkeit und Kontrolle sowohl f\u00fcr Bug- als auch f\u00fcr Heckbewegungen, sodass Sie selbst in herausfordernden Gew\u00e4ssern sanft navigieren k\u00f6nnen. Der integrierte Thermoschalter sorgt f\u00fcr Sicherheit, indem er eine \u00dcberhitzung verhindert und einen zuverl\u00e4ssigen Ein\/Aus-Betrieb garantiert.<\/p>\n<p style=\"color: rgb(34, 34, 34); font-family: Arial, Helvetica, sans-serif; font-size: small;\">Dar\u00fcber hinaus sorgt das innovative Design des sechsbl\u00e4ttrigen Propellers in Kombination mit Spiralgetrieben und flexibler Kupplung f\u00fcr minimalen Ger\u00e4uschpegel w\u00e4hrend des Betriebs. Das aerodynamische Verbindungsst\u00fcck optimiert den Wasserfluss f\u00fcr bessere Leistung, und die korrosionsbest\u00e4ndigen synthetischen Propeller erleichtern die Wartung, w\u00e4hrend sie das Gewicht reduzieren.<\/p>\n<p style=\"color: rgb(34, 34, 34); font-family: Arial, Helvetica, sans-serif; font-size: small;\">In Kombination mit unseren Steuerungs-Panels erhalten Sie ein neues Ma\u00df an Kontrolle \u00fcber Ihr Boot. Egal, ob Sie in engen R\u00e4umen anlegen, schwierige Gew\u00e4sser navigieren oder auf unerwartete Situationen reagieren m\u00fcssen, Sie tun dies mit Zuversicht und erh\u00f6hen sowohl die Sicherheit als auch das Seelenfrieden.<\/p>\n<p style=\"color: rgb(34, 34, 34); font-family: Arial, Helvetica, sans-serif; font-size: small;\">Bitte beachten Sie, dass Sie f\u00fcr die Verwendung dieses Thrusters am Heck Ihres Bootes die entsprechenden Heckthruster-Tunnel erwerben m\u00fcssen.<\/p>\n<hr style=\"color: rgb(34, 34, 34); font-family: Arial, Helvetica, sans-serif; font-size: small;\">\n<p style=\"color: rgb(34, 34, 34); font-family: Arial, Helvetica, sans-serif; font-size: small;\"><strong>Technische Daten:<\/strong><\/p>\n<ul style=\"color: rgb(34, 34, 34); font-family: Arial, Helvetica, sans-serif; font-size: small; font-style: normal; font-variant-ligatures: normal; font-variant-caps: normal; font-weight: 400; letter-spacing: normal; orphans: 2; text-align: start; text-indent: 0px; text-transform: none; widows: 2; word-spacing: 0px; -webkit-text-stroke-width: 0px; white-space: normal; text-decoration-thickness: initial; text-decoration-style: initial; text-decoration-color: initial;\">\n<li>Schub (kgf): 25<\/li>\n<li>Leistung (kW): 1,5<\/li>\n<li>Durchmesser des inneren Tunnels (mm): 110<\/li>\n<li>Gewicht (kg): 10<\/li>\n<li>Spannung (V): 12<\/li>\n<li>Stromverbrauch (A): 200<\/li>\n<li>Kontinuierliche Betriebszeit (min): 4<\/li>\n<li>Z\u00fcndgesch\u00fctzt: Nein<\/li>\n<li>Proportional: Nein<\/li>\n<li>Einziehbar: Nein<\/li>\n<li>Erweiterte Betriebszeit: Nein<\/li>\n<\/ul>\n","protected":false},"excerpt":{"rendered":"<p>Bugstrahlruder Vetus 25kgf 12V &#8211; Der Bow &amp; Stern Thruster BOW2512E ist ein leistungsstarker Tunnelthruster mit 25 kgf, 12 V<\/p>\n","protected":false},"featured_media":5936409,"comment_status":"open","ping_status":"closed","template":"","meta":[],"product_brand":[3520],"product_cat":[1322],"product_tag":[],"class_list":{"0":"post-733373","1":"product","2":"type-product","3":"status-publish","4":"has-post-thumbnail","6":"product_brand-vetus-de","7":"product_cat-bugstrahlruder-vetus","9":"first","10":"outofstock","11":"shipping-taxable","12":"purchasable","13":"product-type-simple"},"_links":{"self":[{"href":"https:\/\/stoic-curie.212-227-153-4.plesk.page\/de\/wp-json\/wp\/v2\/product\/733373","targetHints":{"allow":["GET"]}}],"collection":[{"href":"https:\/\/stoic-curie.212-227-153-4.plesk.page\/de\/wp-json\/wp\/v2\/product"}],"about":[{"href":"https:\/\/stoic-curie.212-227-153-4.plesk.page\/de\/wp-json\/wp\/v2\/types\/product"}],"replies":[{"embeddable":true,"href":"https:\/\/stoic-curie.212-227-153-4.plesk.page\/de\/wp-json\/wp\/v2\/comments?post=733373"}],"version-history":[{"count":0,"href":"https:\/\/stoic-curie.212-227-153-4.plesk.page\/de\/wp-json\/wp\/v2\/product\/733373\/revisions"}],"wp:featuredmedia":[{"embeddable":true,"href":"https:\/\/stoic-curie.212-227-153-4.plesk.page\/de\/wp-json\/wp\/v2\/media\/5936409"}],"wp:attachment":[{"href":"https:\/\/stoic-curie.212-227-153-4.plesk.page\/de\/wp-json\/wp\/v2\/media?parent=733373"}],"wp:term":[{"taxonomy":"product_brand","embeddable":true,"href":"https:\/\/stoic-curie.212-227-153-4.plesk.page\/de\/wp-json\/wp\/v2\/product_brand?post=733373"},{"taxonomy":"product_cat","embeddable":true,"href":"https:\/\/stoic-curie.212-227-153-4.plesk.page\/de\/wp-json\/wp\/v2\/product_cat?post=733373"},{"taxonomy":"product_tag","embeddable":true,"href":"https:\/\/stoic-curie.212-227-153-4.plesk.page\/de\/wp-json\/wp\/v2\/product_tag?post=733373"}],"curies":[{"name":"wp","href":"https:\/\/api.w.org\/{rel}","templated":true}]}}