{"id":733376,"date":"2025-03-03T16:18:57","date_gmt":"2025-03-03T15:18:57","guid":{"rendered":"https:\/\/stoic-curie.212-227-153-4.plesk.page\/producto\/4-takt-synthetikmotoroel-quicksilver-sae-25w-40-4-liter\/"},"modified":"2026-02-24T23:34:44","modified_gmt":"2026-02-24T23:34:44","slug":"4-takt-synthetikmotoroel-quicksilver-sae-25w-40-4-liter","status":"publish","type":"product","link":"https:\/\/stoic-curie.212-227-153-4.plesk.page\/de\/product\/4-takt-synthetikmotoroel-quicksilver-sae-25w-40-4-liter\/","title":{"rendered":"4-Takt-Synthetikmotor\u00f6l Quicksilver SAE 25W-40 4 Liter"},"content":{"rendered":"<p>4-Takt-Synthetikmotor\u00f6l Quicksilver SAE 25W-40 4 Liter &#8211; <\/p>\n<p>4-Takt Direkte Kraftstoffeinspritzung Synthetische Mischung SAE 25W-40 \u00d6l f\u00fcr Innenbord-, Au\u00dfenbord- und Z-Antriebe.<\/p>\n","protected":false},"excerpt":{"rendered":"<p>4-Takt-Synthetikmotor\u00f6l Quicksilver SAE 25W-40 4 Liter &#8211; 4-Takt Direkte Kraftstoffeinspritzung Synthetische Mischung SAE 25W-40 \u00d6l f\u00fcr Innenbord-, Au\u00dfenbord- und Z-Antriebe.<\/p>\n","protected":false},"featured_media":5937531,"comment_status":"open","ping_status":"closed","template":"","meta":[],"product_brand":[3285],"product_cat":[1515],"product_tag":[],"class_list":{"0":"post-733376","1":"product","2":"type-product","3":"status-publish","4":"has-post-thumbnail","6":"product_brand-quicksilver-de","7":"product_cat-marine-motoroel","9":"first","10":"instock","11":"shipping-taxable","12":"purchasable","13":"product-type-simple"},"_links":{"self":[{"href":"https:\/\/stoic-curie.212-227-153-4.plesk.page\/de\/wp-json\/wp\/v2\/product\/733376","targetHints":{"allow":["GET"]}}],"collection":[{"href":"https:\/\/stoic-curie.212-227-153-4.plesk.page\/de\/wp-json\/wp\/v2\/product"}],"about":[{"href":"https:\/\/stoic-curie.212-227-153-4.plesk.page\/de\/wp-json\/wp\/v2\/types\/product"}],"replies":[{"embeddable":true,"href":"https:\/\/stoic-curie.212-227-153-4.plesk.page\/de\/wp-json\/wp\/v2\/comments?post=733376"}],"version-history":[{"count":0,"href":"https:\/\/stoic-curie.212-227-153-4.plesk.page\/de\/wp-json\/wp\/v2\/product\/733376\/revisions"}],"wp:featuredmedia":[{"embeddable":true,"href":"https:\/\/stoic-curie.212-227-153-4.plesk.page\/de\/wp-json\/wp\/v2\/media\/5937531"}],"wp:attachment":[{"href":"https:\/\/stoic-curie.212-227-153-4.plesk.page\/de\/wp-json\/wp\/v2\/media?parent=733376"}],"wp:term":[{"taxonomy":"product_brand","embeddable":true,"href":"https:\/\/stoic-curie.212-227-153-4.plesk.page\/de\/wp-json\/wp\/v2\/product_brand?post=733376"},{"taxonomy":"product_cat","embeddable":true,"href":"https:\/\/stoic-curie.212-227-153-4.plesk.page\/de\/wp-json\/wp\/v2\/product_cat?post=733376"},{"taxonomy":"product_tag","embeddable":true,"href":"https:\/\/stoic-curie.212-227-153-4.plesk.page\/de\/wp-json\/wp\/v2\/product_tag?post=733376"}],"curies":[{"name":"wp","href":"https:\/\/api.w.org\/{rel}","templated":true}]}}