{"id":733377,"date":"2025-03-03T16:18:57","date_gmt":"2025-03-03T15:18:57","guid":{"rendered":"https:\/\/stoic-curie.212-227-153-4.plesk.page\/producto\/50-kg-edelstahl-bruce-anker\/"},"modified":"2026-02-24T23:34:44","modified_gmt":"2026-02-24T23:34:44","slug":"50-kg-edelstahl-bruce-anker","status":"publish","type":"product","link":"https:\/\/stoic-curie.212-227-153-4.plesk.page\/de\/product\/50-kg-edelstahl-bruce-anker\/","title":{"rendered":"50 kg Edelstahl-Bruce-Anker"},"content":{"rendered":"<p>50 kg Edelstahl-Bruce-Anker &#8211; <\/p>\n<p style=\"color: rgb(34, 34, 34); font-family: Arial, Helvetica, sans-serif; font-size: small;\">Der 316 Spiegelpolierte 50kg Bruce Anker, in der Bootsgemeinschaft oft als Klaueanker bekannt, ist sorgf\u00e4ltig als eine einzige, solide Einheit konstruiert. Diese robuste Bauweise erm\u00f6glicht nicht nur ein m\u00fcheloses Setzen, sondern garantiert auch eine zuverl\u00e4ssige Haltekraft unter verschiedenen Bodenbedingungen, sodass Ihr Schiff in unterschiedlichen Umgebungen sicher bleibt. Dar\u00fcber hinaus ist dieser Anker mit praktischen Aspekten im Hinterkopf gestaltet, da er bequem auf der Bugrolle der meisten Boote passt. Dieses Merkmal macht die Lagerung sowohl unkompliziert als auch effizient, sodass Bootsbesitzer ihren verf\u00fcgbaren Platz maximieren k\u00f6nnen, w\u00e4hrend sichergestellt ist, dass der Anker bei Bedarf leicht zug\u00e4nglich ist.<\/p>\n<p style=\"color: rgb(34, 34, 34); font-family: Arial, Helvetica, sans-serif; font-size: small;\"><strong>Produkteigenschaften<\/strong><\/p>\n<ul style=\"color: rgb(34, 34, 34); font-family: Arial, Helvetica, sans-serif; font-size: small;\">\n<li><strong>Grad:<\/strong>\u00a0316<\/li>\n<li><strong>Oberfl\u00e4che:<\/strong>\u00a0Spiegel<\/li>\n<li><strong>Material:<\/strong>\u00a0Edelstahl<\/li>\n<li><strong>Gewicht:<\/strong>\u00a050kg<\/li>\n<\/ul>\n","protected":false},"excerpt":{"rendered":"<p>50 kg Edelstahl-Bruce-Anker &#8211; Der 316 Spiegelpolierte 50kg Bruce Anker, in der Bootsgemeinschaft oft als Klaueanker bekannt, ist sorgf\u00e4ltig als<\/p>\n","protected":false},"featured_media":5937478,"comment_status":"open","ping_status":"closed","template":"","meta":[],"product_brand":[3120],"product_cat":[1576],"product_tag":[],"class_list":{"0":"post-733377","1":"product","2":"type-product","3":"status-publish","4":"has-post-thumbnail","6":"product_brand-marinetech-de","7":"product_cat-anker-bruce","9":"first","10":"outofstock","11":"shipping-taxable","12":"purchasable","13":"product-type-simple"},"_links":{"self":[{"href":"https:\/\/stoic-curie.212-227-153-4.plesk.page\/de\/wp-json\/wp\/v2\/product\/733377","targetHints":{"allow":["GET"]}}],"collection":[{"href":"https:\/\/stoic-curie.212-227-153-4.plesk.page\/de\/wp-json\/wp\/v2\/product"}],"about":[{"href":"https:\/\/stoic-curie.212-227-153-4.plesk.page\/de\/wp-json\/wp\/v2\/types\/product"}],"replies":[{"embeddable":true,"href":"https:\/\/stoic-curie.212-227-153-4.plesk.page\/de\/wp-json\/wp\/v2\/comments?post=733377"}],"version-history":[{"count":0,"href":"https:\/\/stoic-curie.212-227-153-4.plesk.page\/de\/wp-json\/wp\/v2\/product\/733377\/revisions"}],"wp:featuredmedia":[{"embeddable":true,"href":"https:\/\/stoic-curie.212-227-153-4.plesk.page\/de\/wp-json\/wp\/v2\/media\/5937478"}],"wp:attachment":[{"href":"https:\/\/stoic-curie.212-227-153-4.plesk.page\/de\/wp-json\/wp\/v2\/media?parent=733377"}],"wp:term":[{"taxonomy":"product_brand","embeddable":true,"href":"https:\/\/stoic-curie.212-227-153-4.plesk.page\/de\/wp-json\/wp\/v2\/product_brand?post=733377"},{"taxonomy":"product_cat","embeddable":true,"href":"https:\/\/stoic-curie.212-227-153-4.plesk.page\/de\/wp-json\/wp\/v2\/product_cat?post=733377"},{"taxonomy":"product_tag","embeddable":true,"href":"https:\/\/stoic-curie.212-227-153-4.plesk.page\/de\/wp-json\/wp\/v2\/product_tag?post=733377"}],"curies":[{"name":"wp","href":"https:\/\/api.w.org\/{rel}","templated":true}]}}