{"id":733387,"date":"2025-03-03T16:18:59","date_gmt":"2025-03-03T15:18:59","guid":{"rendered":"https:\/\/stoic-curie.212-227-153-4.plesk.page\/producto\/geflochtene-leine-lapo-fuer-ankerung-8-mm-x-200-m\/"},"modified":"2026-02-24T23:34:45","modified_gmt":"2026-02-24T23:34:45","slug":"geflochtene-leine-lapo-fuer-ankerung-8-mm-x-200-m","status":"publish","type":"product","link":"https:\/\/stoic-curie.212-227-153-4.plesk.page\/de\/product\/geflochtene-leine-lapo-fuer-ankerung-8-mm-x-200-m\/","title":{"rendered":"Geflochtene Leine Lapo f\u00fcr Ankerung 8 mm x 200 m"},"content":{"rendered":"<p>Geflochtene Leine Lapo f\u00fcr Ankerung 8 mm x 200 m &#8211; <\/p>\n<p>16-flechtige farbcodierte Polyester-Multifunktionsleine f\u00fcr wirtschaftliche Anlegeman\u00f6ver und Anker. Nicht schwimmf\u00e4hig.<\/p>\n","protected":false},"excerpt":{"rendered":"<p>Geflochtene Leine Lapo f\u00fcr Ankerung 8 mm x 200 m &#8211; 16-flechtige farbcodierte Polyester-Multifunktionsleine f\u00fcr wirtschaftliche Anlegeman\u00f6ver und Anker. Nicht<\/p>\n","protected":false},"featured_media":5937580,"comment_status":"open","ping_status":"closed","template":"","meta":[],"product_brand":[3100],"product_cat":[1575],"product_tag":[],"class_list":{"0":"post-733387","1":"product","2":"type-product","3":"status-publish","4":"has-post-thumbnail","6":"product_brand-marco-benvenuti-de","7":"product_cat-ankerseile","9":"first","10":"instock","11":"shipping-taxable","12":"purchasable","13":"product-type-simple"},"_links":{"self":[{"href":"https:\/\/stoic-curie.212-227-153-4.plesk.page\/de\/wp-json\/wp\/v2\/product\/733387","targetHints":{"allow":["GET"]}}],"collection":[{"href":"https:\/\/stoic-curie.212-227-153-4.plesk.page\/de\/wp-json\/wp\/v2\/product"}],"about":[{"href":"https:\/\/stoic-curie.212-227-153-4.plesk.page\/de\/wp-json\/wp\/v2\/types\/product"}],"replies":[{"embeddable":true,"href":"https:\/\/stoic-curie.212-227-153-4.plesk.page\/de\/wp-json\/wp\/v2\/comments?post=733387"}],"version-history":[{"count":0,"href":"https:\/\/stoic-curie.212-227-153-4.plesk.page\/de\/wp-json\/wp\/v2\/product\/733387\/revisions"}],"wp:featuredmedia":[{"embeddable":true,"href":"https:\/\/stoic-curie.212-227-153-4.plesk.page\/de\/wp-json\/wp\/v2\/media\/5937580"}],"wp:attachment":[{"href":"https:\/\/stoic-curie.212-227-153-4.plesk.page\/de\/wp-json\/wp\/v2\/media?parent=733387"}],"wp:term":[{"taxonomy":"product_brand","embeddable":true,"href":"https:\/\/stoic-curie.212-227-153-4.plesk.page\/de\/wp-json\/wp\/v2\/product_brand?post=733387"},{"taxonomy":"product_cat","embeddable":true,"href":"https:\/\/stoic-curie.212-227-153-4.plesk.page\/de\/wp-json\/wp\/v2\/product_cat?post=733387"},{"taxonomy":"product_tag","embeddable":true,"href":"https:\/\/stoic-curie.212-227-153-4.plesk.page\/de\/wp-json\/wp\/v2\/product_tag?post=733387"}],"curies":[{"name":"wp","href":"https:\/\/api.w.org\/{rel}","templated":true}]}}