{"id":733393,"date":"2025-03-03T16:19:00","date_gmt":"2025-03-03T15:19:00","guid":{"rendered":"https:\/\/stoic-curie.212-227-153-4.plesk.page\/producto\/sea-drag-schwimmender-anker-75-95-ft\/"},"modified":"2026-02-24T23:34:45","modified_gmt":"2026-02-24T23:34:45","slug":"sea-drag-schwimmender-anker-75-95-ft","status":"publish","type":"product","link":"https:\/\/stoic-curie.212-227-153-4.plesk.page\/de\/product\/sea-drag-schwimmender-anker-75-95-ft\/","title":{"rendered":"Sea-Drag schwimmender Anker 75-95 FT"},"content":{"rendered":"<p>Sea-Drag schwimmender Anker 75-95 FT &#8211; <\/p>\n<p>Hocheffiziente Bremswirkung des Drogenschleppers (50 % mehr als bei herk\u00f6mmlichen Drogenschleppern) dank des Doppelkammerdesigns mit seitlichen \u00d6ffnungen. Robustes Oxford Rip-Stop-Nylon mit Edelstahlbeschl\u00e4gen sowie Nylonb\u00e4ndern und -verst\u00e4rkungen. Kann als Drogenschlepper verwendet werden, um das Abdriften zu vermeiden und den Kiel in den Wind zu positionieren, als Driftanker, als Stabilisierung oder als Bremsmechanismus. Seil sollte mindestens das Dreifache der Boots-l\u00e4nge betragen.<\/p>\n","protected":false},"excerpt":{"rendered":"<p>Sea-Drag schwimmender Anker 75-95 FT &#8211; Hocheffiziente Bremswirkung des Drogenschleppers (50 % mehr als bei herk\u00f6mmlichen Drogenschleppern) dank des Doppelkammerdesigns<\/p>\n","protected":false},"featured_media":5937583,"comment_status":"open","ping_status":"closed","template":"","meta":[],"product_brand":[3515],"product_cat":[1582],"product_tag":[],"class_list":{"0":"post-733393","1":"product","2":"type-product","3":"status-publish","4":"has-post-thumbnail","6":"product_brand-veleria-san-giorgio-de","7":"product_cat-schwimmende-anker","9":"first","10":"outofstock","11":"shipping-taxable","12":"purchasable","13":"product-type-simple"},"_links":{"self":[{"href":"https:\/\/stoic-curie.212-227-153-4.plesk.page\/de\/wp-json\/wp\/v2\/product\/733393","targetHints":{"allow":["GET"]}}],"collection":[{"href":"https:\/\/stoic-curie.212-227-153-4.plesk.page\/de\/wp-json\/wp\/v2\/product"}],"about":[{"href":"https:\/\/stoic-curie.212-227-153-4.plesk.page\/de\/wp-json\/wp\/v2\/types\/product"}],"replies":[{"embeddable":true,"href":"https:\/\/stoic-curie.212-227-153-4.plesk.page\/de\/wp-json\/wp\/v2\/comments?post=733393"}],"version-history":[{"count":0,"href":"https:\/\/stoic-curie.212-227-153-4.plesk.page\/de\/wp-json\/wp\/v2\/product\/733393\/revisions"}],"wp:featuredmedia":[{"embeddable":true,"href":"https:\/\/stoic-curie.212-227-153-4.plesk.page\/de\/wp-json\/wp\/v2\/media\/5937583"}],"wp:attachment":[{"href":"https:\/\/stoic-curie.212-227-153-4.plesk.page\/de\/wp-json\/wp\/v2\/media?parent=733393"}],"wp:term":[{"taxonomy":"product_brand","embeddable":true,"href":"https:\/\/stoic-curie.212-227-153-4.plesk.page\/de\/wp-json\/wp\/v2\/product_brand?post=733393"},{"taxonomy":"product_cat","embeddable":true,"href":"https:\/\/stoic-curie.212-227-153-4.plesk.page\/de\/wp-json\/wp\/v2\/product_cat?post=733393"},{"taxonomy":"product_tag","embeddable":true,"href":"https:\/\/stoic-curie.212-227-153-4.plesk.page\/de\/wp-json\/wp\/v2\/product_tag?post=733393"}],"curies":[{"name":"wp","href":"https:\/\/api.w.org\/{rel}","templated":true}]}}