{"id":733394,"date":"2025-03-03T16:19:01","date_gmt":"2025-03-03T15:19:01","guid":{"rendered":"https:\/\/stoic-curie.212-227-153-4.plesk.page\/producto\/marine-fernglas-nikon-navy-10-x-50\/"},"modified":"2026-02-24T23:34:45","modified_gmt":"2026-02-24T23:34:45","slug":"marine-fernglas-nikon-navy-10-x-50","status":"publish","type":"product","link":"https:\/\/stoic-curie.212-227-153-4.plesk.page\/de\/product\/marine-fernglas-nikon-navy-10-x-50\/","title":{"rendered":"Marine-Fernglas Nikon Navy Tundra 10 x 50"},"content":{"rendered":"<p>Marine-Fernglas Nikon Navy Tundra 10 x 50 &#8211; <\/p>\n<p>Nikon Navy CF WP 10&#215;50 wasserdichte und beschlagfreie Ferngl\u00e4ser. <br \/>\u2022 Zentrale Fokussierung <br \/>\u2022 Wasserdicht bis 1 m f\u00fcr 5 Minuten <br \/>\u2022 Beschlagfrei dank O-Ring-Dichtungen und Stickstofff\u00fcllung <br \/>\u2022 Hoher Augenpunkt f\u00fcr ein klares Sichtfeld, auch f\u00fcr Brillentr\u00e4ger <br \/>\u2022 Mehrschichtverg\u00fctete Linsen f\u00fcr ein helles Bild <br \/>\u2022 Gummiarmierung f\u00fcr Sto\u00dffestigkeit und einen sicheren, bequemen Griff <br \/>\u2022 Komplett mit Trageriemen, Tasche und schwimmendem Handgurt, der ein Absinken der Ferngl\u00e4ser verhindert <br \/>\u2022 10 Jahre Garantie<\/p>\n","protected":false},"excerpt":{"rendered":"<p>Marine-Fernglas Nikon Navy Tundra 10 x 50 &#8211; Nikon Navy CF WP 10&#215;50 wasserdichte und beschlagfreie Ferngl\u00e4ser. \u2022 Zentrale Fokussierung<\/p>\n","protected":false},"featured_media":5937602,"comment_status":"open","ping_status":"closed","template":"","meta":[],"product_brand":[3195],"product_cat":[1492],"product_tag":[],"class_list":{"0":"post-733394","1":"product","2":"type-product","3":"status-publish","4":"has-post-thumbnail","6":"product_brand-nikon-marine-de","7":"product_cat-marina-fernglaeser","9":"first","10":"instock","11":"shipping-taxable","12":"purchasable","13":"product-type-simple"},"_links":{"self":[{"href":"https:\/\/stoic-curie.212-227-153-4.plesk.page\/de\/wp-json\/wp\/v2\/product\/733394","targetHints":{"allow":["GET"]}}],"collection":[{"href":"https:\/\/stoic-curie.212-227-153-4.plesk.page\/de\/wp-json\/wp\/v2\/product"}],"about":[{"href":"https:\/\/stoic-curie.212-227-153-4.plesk.page\/de\/wp-json\/wp\/v2\/types\/product"}],"replies":[{"embeddable":true,"href":"https:\/\/stoic-curie.212-227-153-4.plesk.page\/de\/wp-json\/wp\/v2\/comments?post=733394"}],"version-history":[{"count":0,"href":"https:\/\/stoic-curie.212-227-153-4.plesk.page\/de\/wp-json\/wp\/v2\/product\/733394\/revisions"}],"wp:featuredmedia":[{"embeddable":true,"href":"https:\/\/stoic-curie.212-227-153-4.plesk.page\/de\/wp-json\/wp\/v2\/media\/5937602"}],"wp:attachment":[{"href":"https:\/\/stoic-curie.212-227-153-4.plesk.page\/de\/wp-json\/wp\/v2\/media?parent=733394"}],"wp:term":[{"taxonomy":"product_brand","embeddable":true,"href":"https:\/\/stoic-curie.212-227-153-4.plesk.page\/de\/wp-json\/wp\/v2\/product_brand?post=733394"},{"taxonomy":"product_cat","embeddable":true,"href":"https:\/\/stoic-curie.212-227-153-4.plesk.page\/de\/wp-json\/wp\/v2\/product_cat?post=733394"},{"taxonomy":"product_tag","embeddable":true,"href":"https:\/\/stoic-curie.212-227-153-4.plesk.page\/de\/wp-json\/wp\/v2\/product_tag?post=733394"}],"curies":[{"name":"wp","href":"https:\/\/api.w.org\/{rel}","templated":true}]}}