{"id":733401,"date":"2025-03-03T16:19:03","date_gmt":"2025-03-03T15:19:03","guid":{"rendered":"https:\/\/stoic-curie.212-227-153-4.plesk.page\/producto\/festmacheranker-fx-23\/"},"modified":"2026-02-24T23:34:45","modified_gmt":"2026-02-24T23:34:45","slug":"festmacheranker-fx-23","status":"publish","type":"product","link":"https:\/\/stoic-curie.212-227-153-4.plesk.page\/de\/product\/festmacheranker-fx-23\/","title":{"rendered":"Anker Fortress FX 23"},"content":{"rendered":"<p>Anker Fortress FX 23 &#8211; <\/p>\n<p><strong>Fortress FX-23 Anker &#8211; 15 lbs &#8211; Perfekt f\u00fcr Boote von 39&#8242; bis 45&#8242;<\/strong><\/p>\n<p>Der Fortress FX-23 Anker besteht aus einer robusten Aluminium-Magnesium-Legierung und wiegt weniger als ein Drittel des Gewichts herk\u00f6mmlicher Stahlanker, bietet jedoch aufgrund seines innovativen Designs 100 % mehr Haltekraft.<\/p>\n<p>Dieser Anker ist eine hervorragende Wahl f\u00fcr Motorboote und aufblasbare Wasserfahrzeuge und kann auch als zus\u00e4tzlicher Anker f\u00fcr gr\u00f6\u00dfere Schiffe verwendet werden. Sein Design erm\u00f6glicht eine einfache Demontage, was die Lagerung erleichtert.<\/p>\n<p><strong>Optimale Winkel f\u00fcr besseren Halt:<\/strong><\/p>\n<ul>\n<li>32\u00b0 f\u00fcr das Ankern im Sand<\/li>\n<li>45\u00b0 f\u00fcr das Ankern im weichen Schlamm<\/li>\n<\/ul>\n<p><strong>Spezifikationen:<\/strong><\/p>\n<ul>\n<li>Gewicht: 15 lbs (7 kg)<\/li>\n<li>Entwickelt f\u00fcr Boote mit einer L\u00e4nge von 39 bis 45 Fu\u00df<\/li>\n<li>Kann Stahlanker mit einem Gewicht von 19 bis 28 lbs ersetzen<\/li>\n<li>Abmessungen: 36&#8243; L x 29&#8243; B Stock, 21&#8243; Fluke L\u00e4nge<\/li>\n<li>Haltekraft in hartem Sand: 8.000 lbs<\/li>\n<\/ul>\n<p>Der Fortress FX-23 Anker ist eine leichte, schnell einstellbare und zuverl\u00e4ssige Wahl. Hergestellt aus hochfestem Aluminium-Magnesium-Legierung, verf\u00fcgt er \u00fcber ein schwei\u00dffreies Design, das seine Haltbarkeit erh\u00f6ht.<\/p>\n<p><strong>Vielseitige Designmerkmale:<\/strong><\/p>\n<ul>\n<li>Zwei verstellbare Schenkwinkel: 32\u00b0 f\u00fcr Sand und 45\u00b0 f\u00fcr weichen Schlamm<\/li>\n<li>Leichte Konstruktion reduziert das Gewicht ihres Bugs<\/li>\n<li>Einfache Handhabung, Montage und Demontage<\/li>\n<\/ul>\n<p>Die pr\u00e4zise gefertigten, anodisierten Komponenten sind korrosionsbest\u00e4ndig und nicht magnetisch. Stolz in den USA hergestellt, ist dieser Anker nach Typ vom American Bureau of Shipping (ABS) genehmigt.<\/p>\n<p><strong>Wichtige Merkmale der Fortress-Anker:<\/strong><\/p>\n<ul>\n<li>Hergestellt aus fortschrittlicher, rostfreier Aluminium-Magnesium-Legierung<\/li>\n<li>Ausgezeichnete Haltekraft f\u00fcr Boote zwischen 39 und 45 Fu\u00df, bei einem Bruchteil des Gewichts herk\u00f6mmlicher Anker<\/li>\n<li>Einfache Montage und Demontage f\u00fcr eine m\u00fchelose Lagerung<\/li>\n<li>Wurde in \u00fcber 20 unabh\u00e4ngigen Tests weltweit als bester Anker ausgezeichnet, mit mehr als 1 Million verkauften Fortress-Ankern<\/li>\n<li>Unterst\u00fctzt durch eine 100 % risikofreie lebenslange Garantie<\/li>\n<\/ul>\n<p><strong>Technische Spezifikationen:<\/strong><\/p>\n<ul>\n<li>Bester Einsatz: Sand, Schlamm, Ton<\/li>\n<li>Vorteile: Leicht und stark, zerlegbar f\u00fcr einfache Lagerung<\/li>\n<li>Empfohlene Bootsgr\u00f6\u00dfe: 39 bis 45 Fu\u00df<\/li>\n<li>Material: Aluminiumlegierung<\/li>\n<li>Nicht geeignet f\u00fcr: Felsiger oder grasbewachsener Grund<\/li>\n<li>Typ: Pivotierender Fortress Fluke<\/li>\n<li>Garantieinformation: Lebenslange Teilegarantie<\/li>\n<li>Gewicht: 15 Pfund<\/li>\n<\/ul>\n","protected":false},"excerpt":{"rendered":"<p>Anker Fortress FX 23 &#8211; Fortress FX-23 Anker &#8211; 15 lbs &#8211; Perfekt f\u00fcr Boote von 39&#8242; bis 45&#8242; Der<\/p>\n","protected":false},"featured_media":5937604,"comment_status":"open","ping_status":"closed","template":"","meta":[],"product_brand":[2955],"product_cat":[1581],"product_tag":[],"class_list":{"0":"post-733401","1":"product","2":"type-product","3":"status-publish","4":"has-post-thumbnail","6":"product_brand-fortress-de","7":"product_cat-anker-fortress","9":"first","10":"instock","11":"shipping-taxable","12":"purchasable","13":"product-type-simple"},"_links":{"self":[{"href":"https:\/\/stoic-curie.212-227-153-4.plesk.page\/de\/wp-json\/wp\/v2\/product\/733401","targetHints":{"allow":["GET"]}}],"collection":[{"href":"https:\/\/stoic-curie.212-227-153-4.plesk.page\/de\/wp-json\/wp\/v2\/product"}],"about":[{"href":"https:\/\/stoic-curie.212-227-153-4.plesk.page\/de\/wp-json\/wp\/v2\/types\/product"}],"replies":[{"embeddable":true,"href":"https:\/\/stoic-curie.212-227-153-4.plesk.page\/de\/wp-json\/wp\/v2\/comments?post=733401"}],"version-history":[{"count":0,"href":"https:\/\/stoic-curie.212-227-153-4.plesk.page\/de\/wp-json\/wp\/v2\/product\/733401\/revisions"}],"wp:featuredmedia":[{"embeddable":true,"href":"https:\/\/stoic-curie.212-227-153-4.plesk.page\/de\/wp-json\/wp\/v2\/media\/5937604"}],"wp:attachment":[{"href":"https:\/\/stoic-curie.212-227-153-4.plesk.page\/de\/wp-json\/wp\/v2\/media?parent=733401"}],"wp:term":[{"taxonomy":"product_brand","embeddable":true,"href":"https:\/\/stoic-curie.212-227-153-4.plesk.page\/de\/wp-json\/wp\/v2\/product_brand?post=733401"},{"taxonomy":"product_cat","embeddable":true,"href":"https:\/\/stoic-curie.212-227-153-4.plesk.page\/de\/wp-json\/wp\/v2\/product_cat?post=733401"},{"taxonomy":"product_tag","embeddable":true,"href":"https:\/\/stoic-curie.212-227-153-4.plesk.page\/de\/wp-json\/wp\/v2\/product_tag?post=733401"}],"curies":[{"name":"wp","href":"https:\/\/api.w.org\/{rel}","templated":true}]}}