{"id":733402,"date":"2025-03-03T16:19:03","date_gmt":"2025-03-03T15:19:03","guid":{"rendered":"https:\/\/stoic-curie.212-227-153-4.plesk.page\/producto\/festmacheranker-fx37\/"},"modified":"2026-02-24T23:34:45","modified_gmt":"2026-02-24T23:34:45","slug":"festmacheranker-fx37","status":"publish","type":"product","link":"https:\/\/stoic-curie.212-227-153-4.plesk.page\/de\/product\/festmacheranker-fx37\/","title":{"rendered":"Fortress Anker FX37"},"content":{"rendered":"<p>Fortress Anker FX37 &#8211; <\/p>\n<p style=\"color: rgb(34, 34, 34); font-family: Arial, Helvetica, sans-serif; font-size: small;\"><strong>Fortress FX-37 Anker &#8211; 21 lbs &#8211; F\u00fcr Boote 46&#8242;-51&#8242;<\/strong><\/p>\n<p style=\"color: rgb(34, 34, 34); font-family: Arial, Helvetica, sans-serif; font-size: small;\">Das Fortress FX-37 Anker besteht aus einer verst\u00e4rkten Aluminium-Magnesium-Legierung, was es signifikant leichter macht als traditionelle Stahlanker \u2013 weniger als ein Drittel des Gewichts \u2013 w\u00e4hrend es dank seines innovativen Designs 100 % bessere Haltekr\u00e4fte bietet.<\/p>\n<p style=\"color: rgb(34, 34, 34); font-family: Arial, Helvetica, sans-serif; font-size: small;\">Dieses Anker ist ideal f\u00fcr Motorboote und Schlauchboote und kann auch als sekund\u00e4res Anker f\u00fcr gr\u00f6\u00dfere Schiffe dienen. Es l\u00e4sst sich leicht f\u00fcr eine praktische Aufbewahrung zerlegen.<\/p>\n<p style=\"color: rgb(34, 34, 34); font-family: Arial, Helvetica, sans-serif; font-size: small;\">F\u00fcr optimalen Halt sind die empfohlenen Winkel:<\/p>\n<ul style=\"color: rgb(34, 34, 34); font-family: Arial, Helvetica, sans-serif; font-size: small;\">\n<li>32\u00b0 f\u00fcr das Ankern im Sand<\/li>\n<li>45\u00b0 f\u00fcr das Ankern im weichen Schlamm<\/li>\n<\/ul>\n<p style=\"color: rgb(34, 34, 34); font-family: Arial, Helvetica, sans-serif; font-size: small;\"><strong>Spezifikationen:<\/strong><\/p>\n<ul style=\"color: rgb(34, 34, 34); font-family: Arial, Helvetica, sans-serif; font-size: small;\">\n<li>Gewicht: 21 lbs \/ 10 kg<\/li>\n<li>Geeignet f\u00fcr Boote von 46-51 Fu\u00df<\/li>\n<li>Ersetzt Stahlanker mit einem Gewicht von 33-50 lbs<\/li>\n<li>Abmessungen: 40&#8243; L x 32&#8243; B Stock, 24&#8243; Fluke L\u00e4nge<\/li>\n<li>Haltekraft in hartem Sand: 12.000 lbs<\/li>\n<\/ul>\n<p style=\"color: rgb(34, 34, 34); font-family: Arial, Helvetica, sans-serif; font-size: small;\">Das Fortress FX-37 Anker ist eine leichte, schnell aufstellbare und zuverl\u00e4ssige Option. Es besteht aus einer hochfesten Aluminium-Magnesium-Legierung und verf\u00fcgt \u00fcber keine Schwei\u00dfn\u00e4hte, die seine St\u00e4rke gef\u00e4hrden k\u00f6nnten.<\/p>\n<p style=\"color: rgb(34, 34, 34); font-family: Arial, Helvetica, sans-serif; font-size: small;\">Dieses Anker ist vielseitig und hat zwei einstellbare Schaftwinkel: 32\u00b0 f\u00fcr Sand und 45\u00b0 f\u00fcr weichen Schlamm. Das leichte Design tr\u00e4gt dazu bei, das Gewicht an der Bugspitze zu reduzieren, was die Handhabung erleichtert.<\/p>\n<p style=\"color: rgb(34, 34, 34); font-family: Arial, Helvetica, sans-serif; font-size: small;\">Die pr\u00e4zise bearbeiteten, anodisierten, ineinandergreifenden Komponenten sind korrosionsbest\u00e4ndig und nicht magnetisch, was sicherstellt, dass sie genauso leicht zu montieren sind wie zu demontieren. Stolz in den USA hergestellt, ist dieses Anker von der American Bureau of Shipping (ABS) genehmigt.<\/p>\n<p style=\"color: rgb(34, 34, 34); font-family: Arial, Helvetica, sans-serif; font-size: small;\"><strong>Hauptmerkmale der Fortress-Anker:<\/strong><\/p>\n<ul style=\"color: rgb(34, 34, 34); font-family: Arial, Helvetica, sans-serif; font-size: small;\">\n<li>Hergestellt aus hochmodernen, rostfreien Aluminium-Magnesium-Legierung<\/li>\n<li>Entwickelt f\u00fcr Boote von 46-51 Fu\u00df, bietet \u00fcberlegene Haltekraft bei einem Bruchteil des Gewichts im Vergleich zu anderen Ankern<\/li>\n<li>Einfach zusammen- und auseinanderzubauen f\u00fcr eine praktische Aufbewahrung<\/li>\n<li>Wurde als das beste Anker in \u00fcber 20 unabh\u00e4ngigen Tests weltweit bewertet, mit \u00fcber 1 Million verkauften Fortress-Ankern<\/li>\n<li>Kommt mit einer 100 % problemfreien lebenslangen Garantie, stolz in den USA hergestellt<\/li>\n<\/ul>\n<p style=\"color: rgb(34, 34, 34); font-family: Arial, Helvetica, sans-serif; font-size: small;\"><strong>Stil:<\/strong>\u00a0Pivotierendes Aluminium-Fluke<br \/><strong>Material:<\/strong>\u00a0Hochfeste Aluminium-Magnesium-Legierung<br \/><strong>Anwendung:<\/strong>\u00a0Sand und Schlamm<br \/><strong>Vorteile:<\/strong>\u00a0Au\u00dfergew\u00f6hnliche Haltekraft, zwei Schaftwinkel f\u00fcr harten Sand und weichen Schlamm, leicht und stark, zerlegt sich f\u00fcr einfache Aufbewahrung<br \/><strong>Garantie:<\/strong>\u00a0Lebenslange Teileersatzgarantie<\/p>\n","protected":false},"excerpt":{"rendered":"<p>Fortress Anker FX37 &#8211; Fortress FX-37 Anker &#8211; 21 lbs &#8211; F\u00fcr Boote 46&#8242;-51&#8242; Das Fortress FX-37 Anker besteht aus<\/p>\n","protected":false},"featured_media":5937604,"comment_status":"open","ping_status":"closed","template":"","meta":[],"product_brand":[2955],"product_cat":[1581],"product_tag":[],"class_list":{"0":"post-733402","1":"product","2":"type-product","3":"status-publish","4":"has-post-thumbnail","6":"product_brand-fortress-de","7":"product_cat-anker-fortress","9":"first","10":"outofstock","11":"shipping-taxable","12":"purchasable","13":"product-type-simple"},"_links":{"self":[{"href":"https:\/\/stoic-curie.212-227-153-4.plesk.page\/de\/wp-json\/wp\/v2\/product\/733402","targetHints":{"allow":["GET"]}}],"collection":[{"href":"https:\/\/stoic-curie.212-227-153-4.plesk.page\/de\/wp-json\/wp\/v2\/product"}],"about":[{"href":"https:\/\/stoic-curie.212-227-153-4.plesk.page\/de\/wp-json\/wp\/v2\/types\/product"}],"replies":[{"embeddable":true,"href":"https:\/\/stoic-curie.212-227-153-4.plesk.page\/de\/wp-json\/wp\/v2\/comments?post=733402"}],"version-history":[{"count":0,"href":"https:\/\/stoic-curie.212-227-153-4.plesk.page\/de\/wp-json\/wp\/v2\/product\/733402\/revisions"}],"wp:featuredmedia":[{"embeddable":true,"href":"https:\/\/stoic-curie.212-227-153-4.plesk.page\/de\/wp-json\/wp\/v2\/media\/5937604"}],"wp:attachment":[{"href":"https:\/\/stoic-curie.212-227-153-4.plesk.page\/de\/wp-json\/wp\/v2\/media?parent=733402"}],"wp:term":[{"taxonomy":"product_brand","embeddable":true,"href":"https:\/\/stoic-curie.212-227-153-4.plesk.page\/de\/wp-json\/wp\/v2\/product_brand?post=733402"},{"taxonomy":"product_cat","embeddable":true,"href":"https:\/\/stoic-curie.212-227-153-4.plesk.page\/de\/wp-json\/wp\/v2\/product_cat?post=733402"},{"taxonomy":"product_tag","embeddable":true,"href":"https:\/\/stoic-curie.212-227-153-4.plesk.page\/de\/wp-json\/wp\/v2\/product_tag?post=733402"}],"curies":[{"name":"wp","href":"https:\/\/api.w.org\/{rel}","templated":true}]}}