{"id":733403,"date":"2025-03-03T16:19:04","date_gmt":"2025-03-03T15:19:04","guid":{"rendered":"https:\/\/stoic-curie.212-227-153-4.plesk.page\/producto\/festmacheranker-fx-55-145-kg\/"},"modified":"2026-02-24T23:34:45","modified_gmt":"2026-02-24T23:34:45","slug":"festmacheranker-fx-55-145-kg","status":"publish","type":"product","link":"https:\/\/stoic-curie.212-227-153-4.plesk.page\/de\/product\/festmacheranker-fx-55-145-kg\/","title":{"rendered":"Fortress FX-55 Anker \u2013 14,5 kg"},"content":{"rendered":"<p>Fortress FX-55 Anker \u2013 14,5 kg &#8211; <\/p>\n<p style=\"color: rgb(34, 34, 34); font-family: Arial, Helvetica, sans-serif; font-size: small;\"><strong>Fortress FX-55 Anker &#8211; 32 lbs &#8211; Ideal f\u00fcr Schiffe von 52`-58`<\/strong><\/p>\n<p style=\"color: rgb(34, 34, 34); font-family: Arial, Helvetica, sans-serif; font-size: small;\">Wir freuen uns, das Fortress FX-55 Anker vorzustellen, das 32 lbs (15 kg) wiegt und speziell f\u00fcr Boote mit einer L\u00e4nge von 52 bis 58 Fu\u00df entwickelt wurde. Dieses Aluminiumanker ist eine moderne Alternative zu herk\u00f6mmlichen Stahlankern, die typischerweise zwischen 50 und 65 lbs wiegen. Mit Abmessungen von 46 Zoll in der L\u00e4nge und 37 Zoll in der Breite sowie einer Flunkenl\u00e4nge von 27 Zoll bietet es eine beeindruckende Haltekraft von 16.000 lbs unter harten Sandbedingungen. Das Anker besteht aus einer verst\u00e4rkten Aluminium-Magnesium-Legierung und wiegt weniger als ein Drittel eines Stahlankers, w\u00e4hrend es dank seines innovativen Designs 100 % \u00fcberlegene Haltekraft bietet. Es ist besonders geeignet f\u00fcr Motorboote und aufblasbare Boote und kann auch als zweites Anker f\u00fcr gr\u00f6\u00dfere Schiffe verwendet werden. Das Anker kann leicht zur praktischen Aufbewahrung zerlegt werden. Die optimalen Winkel f\u00fcr verbesserten Halt sind 32\u00b0 f\u00fcr das Ankern im Sand und 45\u00b0 f\u00fcr weichen Schlamm.<\/p>\n<p style=\"color: rgb(34, 34, 34); font-family: Arial, Helvetica, sans-serif; font-size: small;\">Das Fortress FX-55 Anker ist nicht nur leicht (32 lbs), sondern auch schnell zu setzen, robust und zuverl\u00e4ssig. Hergestellt aus hochfestem Aluminium-Magnesium-Legierung, hat es ein Design, das Schwei\u00dfn\u00e4hte eliminiert, die die strukturelle Integrit\u00e4t des Metalls potenziell beeintr\u00e4chtigen k\u00f6nnten.<\/p>\n<p style=\"color: rgb(34, 34, 34); font-family: Arial, Helvetica, sans-serif; font-size: small;\">Dieses Anker ist vielseitig und bietet zwei einstellbare Schaftwinkel: 32\u00b0 f\u00fcr Sand und 45\u00b0 f\u00fcr weichen Schlamm. Sein leichtes Design macht die Handhabung m\u00fchelos und reduziert somit das Gesamtgewicht am Bug Ihres Bootes.<\/p>\n<p style=\"color: rgb(34, 34, 34); font-family: Arial, Helvetica, sans-serif; font-size: small;\">Die pr\u00e4zise gearbeiteten, anodisierten, ineinandergreifenden Komponenten sind korrosionsbest\u00e4ndig und nicht magnetisch, was eine einfache Montage und Demontage gew\u00e4hrleistet. Stolz in den USA hergestellt, hat es die Typgenehmigung des American Bureau of Shipping (ABS) erhalten.<\/p>\n<p style=\"color: rgb(34, 34, 34); font-family: Arial, Helvetica, sans-serif; font-size: small;\"><strong>Hauptmerkmale der Fortress-Anker:<\/strong><\/p>\n<ul style=\"color: rgb(34, 34, 34); font-family: Arial, Helvetica, sans-serif; font-size: small;\">\n<li>Hergestellt aus einer fortschrittlichen, rostfreien Aluminium-Magnesium-Legierung.<\/li>\n<li>Entwickelt f\u00fcr Schiffe von 52 bis 58 Fu\u00df, bietet das Fortress FX-55 Anker au\u00dfergew\u00f6hnliche Haltekraft bei einem deutlich leichteren Gewicht im Vergleich zu traditionellen Ankern.<\/li>\n<li>Die einfache Montage und Demontage erm\u00f6glicht eine m\u00fchelose Aufbewahrung.<\/li>\n<li>Es ist das am h\u00f6chsten bewertete Anker in \u00fcber 20 unabh\u00e4ngigen Tests weltweit, mit mehr als 1 Million verkauften Fortress-Ankern.<\/li>\n<li>Kommt mit einer 100% stressfreien lebenslangen Garantie und wird in den USA produziert.<\/li>\n<li>Getestet und genutzt von der US-Marine und der US-K\u00fcstenwache.<\/li>\n<\/ul>\n<p style=\"color: rgb(34, 34, 34); font-family: Arial, Helvetica, sans-serif; font-size: small;\"><strong>Spezifikationen:<\/strong><\/p>\n<ul style=\"color: rgb(34, 34, 34); font-family: Arial, Helvetica, sans-serif; font-size: small;\">\n<li>Stil: Drehbarer Aluminiumfluke<\/li>\n<li>Material: Hochfeste Aluminium-Magnesium-Legierung<\/li>\n<li>Anwendung: Geeignet f\u00fcr Sand und Schlamm<\/li>\n<li>Vorteile: Au\u00dfergew\u00f6hnliche Haltekraft, zwei Schaftwinkel f\u00fcr harten Sand und weichen Schlamm, leicht und langlebig, zerlegbar f\u00fcr einfache Aufbewahrung.<\/li>\n<li>Garantie: Lebenslange Teileersatzgarantie<\/li>\n<\/ul>\n","protected":false},"excerpt":{"rendered":"<p>Fortress FX-55 Anker \u2013 14,5 kg &#8211; Fortress FX-55 Anker &#8211; 32 lbs &#8211; Ideal f\u00fcr Schiffe von 52`-58` Wir<\/p>\n","protected":false},"featured_media":5937604,"comment_status":"open","ping_status":"closed","template":"","meta":[],"product_brand":[2955],"product_cat":[1581],"product_tag":[],"class_list":{"0":"post-733403","1":"product","2":"type-product","3":"status-publish","4":"has-post-thumbnail","6":"product_brand-fortress-de","7":"product_cat-anker-fortress","9":"first","10":"outofstock","11":"shipping-taxable","12":"purchasable","13":"product-type-simple"},"_links":{"self":[{"href":"https:\/\/stoic-curie.212-227-153-4.plesk.page\/de\/wp-json\/wp\/v2\/product\/733403","targetHints":{"allow":["GET"]}}],"collection":[{"href":"https:\/\/stoic-curie.212-227-153-4.plesk.page\/de\/wp-json\/wp\/v2\/product"}],"about":[{"href":"https:\/\/stoic-curie.212-227-153-4.plesk.page\/de\/wp-json\/wp\/v2\/types\/product"}],"replies":[{"embeddable":true,"href":"https:\/\/stoic-curie.212-227-153-4.plesk.page\/de\/wp-json\/wp\/v2\/comments?post=733403"}],"version-history":[{"count":0,"href":"https:\/\/stoic-curie.212-227-153-4.plesk.page\/de\/wp-json\/wp\/v2\/product\/733403\/revisions"}],"wp:featuredmedia":[{"embeddable":true,"href":"https:\/\/stoic-curie.212-227-153-4.plesk.page\/de\/wp-json\/wp\/v2\/media\/5937604"}],"wp:attachment":[{"href":"https:\/\/stoic-curie.212-227-153-4.plesk.page\/de\/wp-json\/wp\/v2\/media?parent=733403"}],"wp:term":[{"taxonomy":"product_brand","embeddable":true,"href":"https:\/\/stoic-curie.212-227-153-4.plesk.page\/de\/wp-json\/wp\/v2\/product_brand?post=733403"},{"taxonomy":"product_cat","embeddable":true,"href":"https:\/\/stoic-curie.212-227-153-4.plesk.page\/de\/wp-json\/wp\/v2\/product_cat?post=733403"},{"taxonomy":"product_tag","embeddable":true,"href":"https:\/\/stoic-curie.212-227-153-4.plesk.page\/de\/wp-json\/wp\/v2\/product_tag?post=733403"}],"curies":[{"name":"wp","href":"https:\/\/api.w.org\/{rel}","templated":true}]}}