{"id":733404,"date":"2025-03-03T16:19:04","date_gmt":"2025-03-03T15:19:04","guid":{"rendered":"https:\/\/stoic-curie.212-227-153-4.plesk.page\/producto\/festmacheranker-fx-85\/"},"modified":"2026-02-24T23:34:45","modified_gmt":"2026-02-24T23:34:45","slug":"festmacheranker-fx-85","status":"publish","type":"product","link":"https:\/\/stoic-curie.212-227-153-4.plesk.page\/de\/product\/festmacheranker-fx-85\/","title":{"rendered":"Fortress anker FX-85"},"content":{"rendered":"<p>Fortress anker FX-85 &#8211; <\/p>\n<p style=\"color: rgb(34, 34, 34); font-family: Arial, Helvetica, sans-serif; font-size: small;\"><strong>Fortress FX-85 Anker &#8211; 21,3 kg f\u00fcr Boote von 18-21 m<\/strong><\/p>\n<p style=\"color: rgb(34, 34, 34); font-family: Arial, Helvetica, sans-serif; font-size: small;\">Das Fortress FX-85 Anker, mit einem Gewicht von 21,3 kg, ist f\u00fcr Boote von 18 bis 21 Metern konzipiert. Seit \u00fcber drei\u00dfig Jahren \u00fcbertrifft das Fortress Anker konsequent deutlich schwerere Stahlanker in Tests zur Haltekraft, die weltweit durchgef\u00fchrt werden. In Tests der US Navy \u00fcbertraf das Fortress nicht nur die Leistung schwererer Stahlanker, sondern hielt auch Zuglasten stand, die im Durchschnitt \u00fcber 200 mal so schwer waren wie das eigene Gewicht.<\/p>\n<p style=\"color: rgb(34, 34, 34); font-family: Arial, Helvetica, sans-serif; font-size: small;\">Hergestellt aus einer hochfesten, korrosionsbest\u00e4ndigen Aluminium-Magnesium-Legierung, sind Fortress-Anker leichter und einfacher zu handhaben und bieten gleichzeitig \u00fcberlegene Haltekraft. Das Design erm\u00f6glicht eine einfache Demontage, was eine praktische Aufbewahrung oder Verwendung als Ersatz- und\/oder Sturmanker erm\u00f6glicht. Jedes Fortress Anker wird pr\u00e4zise bearbeitet, um Sch\u00e4rfe und schnelles Eindringen in verschiedene Bodenarten zu gew\u00e4hrleisten und eine verbesserte Setzleistung zu erzielen.<\/p>\n<p style=\"color: rgb(34, 34, 34); font-family: Arial, Helvetica, sans-serif; font-size: small;\"><strong>Merkmale:<\/strong><\/p>\n<ul style=\"color: rgb(34, 34, 34); font-family: Arial, Helvetica, sans-serif; font-size: small;\">\n<li>Ausgezeichnetes Design<\/li>\n<li>H\u00f6chste Bewertungen in globalen Tests<\/li>\n<li>Hergestellt aus geh\u00e4rteter Hochtechnologie-Aluminium-Magnesium-Legierung<\/li>\n<li>Verstellbare Fluke-Winkel: 32\u00b0 f\u00fcr g\u00e4ngige Bodenarten, 45\u00b0 f\u00fcr weichen Schlamm<\/li>\n<li>L\u00e4sst sich leicht zur praktischen Aufbewahrung zerlegen<\/li>\n<li>Leicht und handlich<\/li>\n<li>Haltbare anodisierte Oberfl\u00e4che<\/li>\n<li>Stolz hergestellt in den USA<\/li>\n<\/ul>\n<p style=\"color: rgb(34, 34, 34); font-family: Arial, Helvetica, sans-serif; font-size: small;\"><strong>Abmessungen:<\/strong><\/p>\n<ul style=\"color: rgb(34, 34, 34); font-family: Arial, Helvetica, sans-serif; font-size: small;\">\n<li>&#8220;A&#8221; Schaftl\u00e4nge: 1.295 mm<\/li>\n<li>&#8220;B&#8221; Flankenl\u00e4nge: 762 mm<\/li>\n<li>&#8220;C&#8221; Stockl\u00e4nge: 1.041 mm<\/li>\n<\/ul>\n","protected":false},"excerpt":{"rendered":"<p>Fortress anker FX-85 &#8211; Fortress FX-85 Anker &#8211; 21,3 kg f\u00fcr Boote von 18-21 m Das Fortress FX-85 Anker, mit<\/p>\n","protected":false},"featured_media":5937604,"comment_status":"open","ping_status":"closed","template":"","meta":[],"product_brand":[2955],"product_cat":[1581],"product_tag":[],"class_list":{"0":"post-733404","1":"product","2":"type-product","3":"status-publish","4":"has-post-thumbnail","6":"product_brand-fortress-de","7":"product_cat-anker-fortress","9":"first","10":"outofstock","11":"shipping-taxable","12":"purchasable","13":"product-type-simple"},"_links":{"self":[{"href":"https:\/\/stoic-curie.212-227-153-4.plesk.page\/de\/wp-json\/wp\/v2\/product\/733404","targetHints":{"allow":["GET"]}}],"collection":[{"href":"https:\/\/stoic-curie.212-227-153-4.plesk.page\/de\/wp-json\/wp\/v2\/product"}],"about":[{"href":"https:\/\/stoic-curie.212-227-153-4.plesk.page\/de\/wp-json\/wp\/v2\/types\/product"}],"replies":[{"embeddable":true,"href":"https:\/\/stoic-curie.212-227-153-4.plesk.page\/de\/wp-json\/wp\/v2\/comments?post=733404"}],"version-history":[{"count":0,"href":"https:\/\/stoic-curie.212-227-153-4.plesk.page\/de\/wp-json\/wp\/v2\/product\/733404\/revisions"}],"wp:featuredmedia":[{"embeddable":true,"href":"https:\/\/stoic-curie.212-227-153-4.plesk.page\/de\/wp-json\/wp\/v2\/media\/5937604"}],"wp:attachment":[{"href":"https:\/\/stoic-curie.212-227-153-4.plesk.page\/de\/wp-json\/wp\/v2\/media?parent=733404"}],"wp:term":[{"taxonomy":"product_brand","embeddable":true,"href":"https:\/\/stoic-curie.212-227-153-4.plesk.page\/de\/wp-json\/wp\/v2\/product_brand?post=733404"},{"taxonomy":"product_cat","embeddable":true,"href":"https:\/\/stoic-curie.212-227-153-4.plesk.page\/de\/wp-json\/wp\/v2\/product_cat?post=733404"},{"taxonomy":"product_tag","embeddable":true,"href":"https:\/\/stoic-curie.212-227-153-4.plesk.page\/de\/wp-json\/wp\/v2\/product_tag?post=733404"}],"curies":[{"name":"wp","href":"https:\/\/api.w.org\/{rel}","templated":true}]}}