{"id":733408,"date":"2025-03-03T16:19:05","date_gmt":"2025-03-03T15:19:05","guid":{"rendered":"https:\/\/stoic-curie.212-227-153-4.plesk.page\/producto\/einfache-modulare-fenderhalter-250mm\/"},"modified":"2026-02-24T23:34:45","modified_gmt":"2026-02-24T23:34:45","slug":"einfache-modulare-fenderhalter-250mm","status":"publish","type":"product","link":"https:\/\/stoic-curie.212-227-153-4.plesk.page\/de\/product\/einfache-modulare-fenderhalter-250mm\/","title":{"rendered":"Einfache modulare Fenderhalter 250mm"},"content":{"rendered":"<p>Einfache modulare Fenderhalter 250mm &#8211; <\/p>\n<p>316 Edelstahl klassische modulare Fenderhalter. Vielseitige Fenderlagerm\u00f6glichkeiten mit Anschl\u00fcssen, die es erm\u00f6glichen, die K\u00f6rbe in jeder Kombination an Gel\u00e4ndern zu befestigen. Alles, was Sie f\u00fcr die Installation ben\u00f6tigen, ist ein Schraubendreher, einen oder mehrere K\u00f6rbe und einen oder mehrere schwenkbare oder parallele Anschl\u00fcsse. Der schwenkbare Anschluss ist eine 22\/25 mm Rohrklemme. Der parallele Anschluss verbindet mehrere K\u00f6rbe miteinander.<\/p>\n","protected":false},"excerpt":{"rendered":"<p>Einfache modulare Fenderhalter 250mm &#8211; 316 Edelstahl klassische modulare Fenderhalter. Vielseitige Fenderlagerm\u00f6glichkeiten mit Anschl\u00fcssen, die es erm\u00f6glichen, die K\u00f6rbe in<\/p>\n","protected":false},"featured_media":2920290,"comment_status":"open","ping_status":"closed","template":"","meta":[],"product_brand":[2258,3180],"product_cat":[1560],"product_tag":[],"class_list":{"0":"post-733408","1":"product","2":"type-product","3":"status-publish","4":"has-post-thumbnail","6":"product_brand-nawa","7":"product_brand-nawa-de","8":"product_cat-fender-zubehoer","10":"first","11":"instock","12":"shipping-taxable","13":"purchasable","14":"product-type-simple"},"_links":{"self":[{"href":"https:\/\/stoic-curie.212-227-153-4.plesk.page\/de\/wp-json\/wp\/v2\/product\/733408","targetHints":{"allow":["GET"]}}],"collection":[{"href":"https:\/\/stoic-curie.212-227-153-4.plesk.page\/de\/wp-json\/wp\/v2\/product"}],"about":[{"href":"https:\/\/stoic-curie.212-227-153-4.plesk.page\/de\/wp-json\/wp\/v2\/types\/product"}],"replies":[{"embeddable":true,"href":"https:\/\/stoic-curie.212-227-153-4.plesk.page\/de\/wp-json\/wp\/v2\/comments?post=733408"}],"version-history":[{"count":0,"href":"https:\/\/stoic-curie.212-227-153-4.plesk.page\/de\/wp-json\/wp\/v2\/product\/733408\/revisions"}],"wp:featuredmedia":[{"embeddable":true,"href":"https:\/\/stoic-curie.212-227-153-4.plesk.page\/de\/wp-json\/"}],"wp:attachment":[{"href":"https:\/\/stoic-curie.212-227-153-4.plesk.page\/de\/wp-json\/wp\/v2\/media?parent=733408"}],"wp:term":[{"taxonomy":"product_brand","embeddable":true,"href":"https:\/\/stoic-curie.212-227-153-4.plesk.page\/de\/wp-json\/wp\/v2\/product_brand?post=733408"},{"taxonomy":"product_cat","embeddable":true,"href":"https:\/\/stoic-curie.212-227-153-4.plesk.page\/de\/wp-json\/wp\/v2\/product_cat?post=733408"},{"taxonomy":"product_tag","embeddable":true,"href":"https:\/\/stoic-curie.212-227-153-4.plesk.page\/de\/wp-json\/wp\/v2\/product_tag?post=733408"}],"curies":[{"name":"wp","href":"https:\/\/api.w.org\/{rel}","templated":true}]}}