{"id":733420,"date":"2025-03-03T16:19:08","date_gmt":"2025-03-03T15:19:08","guid":{"rendered":"https:\/\/stoic-curie.212-227-153-4.plesk.page\/producto\/verzinkte-kalibrierte-kette-g40-7-mm-x-50-m\/"},"modified":"2026-02-24T23:34:45","modified_gmt":"2026-02-24T23:34:45","slug":"verzinkte-kalibrierte-kette-g40-7-mm-x-50-m","status":"publish","type":"product","link":"https:\/\/stoic-curie.212-227-153-4.plesk.page\/de\/product\/verzinkte-kalibrierte-kette-g40-7-mm-x-50-m\/","title":{"rendered":"Verzinkte kalibrierte Kette G40 7 mm x 50 m"},"content":{"rendered":"<p>Verzinkte kalibrierte Kette G40 7 mm x 50 m &#8211; <\/p>\n<p>DIN766 feuerverzinkte, kalibrierte Stahlkette f\u00fcr Ankerwinden. Kontrollierte Produktion in G40-Qualit\u00e4t mit hoher Bruchlast. Hinweis: Die Bruchlast der Kette betr\u00e4gt das Vierfache der Arbeitslast. B\u00fcndel: 30, 50, 75 oder 100 Meter.<\/p>\n","protected":false},"excerpt":{"rendered":"<p>Verzinkte kalibrierte Kette G40 7 mm x 50 m &#8211; DIN766 feuerverzinkte, kalibrierte Stahlkette f\u00fcr Ankerwinden. Kontrollierte Produktion in G40-Qualit\u00e4t<\/p>\n","protected":false},"featured_media":5937689,"comment_status":"open","ping_status":"closed","template":"","meta":[],"product_brand":[3085],"product_cat":[1332,1398],"product_tag":[],"class_list":{"0":"post-733420","1":"product","2":"type-product","3":"status-publish","4":"has-post-thumbnail","6":"product_brand-maggigroup-de","7":"product_cat-kalibrierte-kette-verzinkt","8":"product_cat-verzinkte-kette","10":"first","11":"instock","12":"shipping-taxable","13":"purchasable","14":"product-type-simple"},"_links":{"self":[{"href":"https:\/\/stoic-curie.212-227-153-4.plesk.page\/de\/wp-json\/wp\/v2\/product\/733420","targetHints":{"allow":["GET"]}}],"collection":[{"href":"https:\/\/stoic-curie.212-227-153-4.plesk.page\/de\/wp-json\/wp\/v2\/product"}],"about":[{"href":"https:\/\/stoic-curie.212-227-153-4.plesk.page\/de\/wp-json\/wp\/v2\/types\/product"}],"replies":[{"embeddable":true,"href":"https:\/\/stoic-curie.212-227-153-4.plesk.page\/de\/wp-json\/wp\/v2\/comments?post=733420"}],"version-history":[{"count":0,"href":"https:\/\/stoic-curie.212-227-153-4.plesk.page\/de\/wp-json\/wp\/v2\/product\/733420\/revisions"}],"wp:featuredmedia":[{"embeddable":true,"href":"https:\/\/stoic-curie.212-227-153-4.plesk.page\/de\/wp-json\/wp\/v2\/media\/5937689"}],"wp:attachment":[{"href":"https:\/\/stoic-curie.212-227-153-4.plesk.page\/de\/wp-json\/wp\/v2\/media?parent=733420"}],"wp:term":[{"taxonomy":"product_brand","embeddable":true,"href":"https:\/\/stoic-curie.212-227-153-4.plesk.page\/de\/wp-json\/wp\/v2\/product_brand?post=733420"},{"taxonomy":"product_cat","embeddable":true,"href":"https:\/\/stoic-curie.212-227-153-4.plesk.page\/de\/wp-json\/wp\/v2\/product_cat?post=733420"},{"taxonomy":"product_tag","embeddable":true,"href":"https:\/\/stoic-curie.212-227-153-4.plesk.page\/de\/wp-json\/wp\/v2\/product_tag?post=733420"}],"curies":[{"name":"wp","href":"https:\/\/api.w.org\/{rel}","templated":true}]}}