{"id":733429,"date":"2025-03-03T16:19:09","date_gmt":"2025-03-03T15:19:09","guid":{"rendered":"https:\/\/stoic-curie.212-227-153-4.plesk.page\/producto\/einsteckschloss-68x60x9mm-rechts\/"},"modified":"2026-02-24T23:34:46","modified_gmt":"2026-02-24T23:34:46","slug":"einsteckschloss-68x60x9mm-rechts","status":"publish","type":"product","link":"https:\/\/stoic-curie.212-227-153-4.plesk.page\/de\/product\/einsteckschloss-68x60x9mm-rechts\/","title":{"rendered":"Einsteckschloss 68x60x9mm Rechts"},"content":{"rendered":"<p>Einsteckschloss 68x60x9mm Rechts &#8211; <\/p>\n<p>Ein Mortise-Schloss mit flachem Schlageisen und Antivibrationsbolzen. Geh\u00e4use aus verchromtem Messing, rostfreie Elemente. F\u00fcr d\u00fcnne T\u00fcren. T\u00fcrgriffe separat zu bestellen.<\/p>\n","protected":false},"excerpt":{"rendered":"<p>Einsteckschloss 68x60x9mm Rechts &#8211; Ein Mortise-Schloss mit flachem Schlageisen und Antivibrationsbolzen. Geh\u00e4use aus verchromtem Messing, rostfreie Elemente. F\u00fcr d\u00fcnne T\u00fcren.<\/p>\n","protected":false},"featured_media":5938022,"comment_status":"open","ping_status":"closed","template":"","meta":[],"product_brand":[2945],"product_cat":[1421],"product_tag":[],"class_list":{"0":"post-733429","1":"product","2":"type-product","3":"status-publish","4":"has-post-thumbnail","6":"product_brand-foresti-suardi-de","7":"product_cat-tuerschloesser","9":"first","10":"instock","11":"shipping-taxable","12":"purchasable","13":"product-type-simple"},"_links":{"self":[{"href":"https:\/\/stoic-curie.212-227-153-4.plesk.page\/de\/wp-json\/wp\/v2\/product\/733429","targetHints":{"allow":["GET"]}}],"collection":[{"href":"https:\/\/stoic-curie.212-227-153-4.plesk.page\/de\/wp-json\/wp\/v2\/product"}],"about":[{"href":"https:\/\/stoic-curie.212-227-153-4.plesk.page\/de\/wp-json\/wp\/v2\/types\/product"}],"replies":[{"embeddable":true,"href":"https:\/\/stoic-curie.212-227-153-4.plesk.page\/de\/wp-json\/wp\/v2\/comments?post=733429"}],"version-history":[{"count":0,"href":"https:\/\/stoic-curie.212-227-153-4.plesk.page\/de\/wp-json\/wp\/v2\/product\/733429\/revisions"}],"wp:featuredmedia":[{"embeddable":true,"href":"https:\/\/stoic-curie.212-227-153-4.plesk.page\/de\/wp-json\/wp\/v2\/media\/5938022"}],"wp:attachment":[{"href":"https:\/\/stoic-curie.212-227-153-4.plesk.page\/de\/wp-json\/wp\/v2\/media?parent=733429"}],"wp:term":[{"taxonomy":"product_brand","embeddable":true,"href":"https:\/\/stoic-curie.212-227-153-4.plesk.page\/de\/wp-json\/wp\/v2\/product_brand?post=733429"},{"taxonomy":"product_cat","embeddable":true,"href":"https:\/\/stoic-curie.212-227-153-4.plesk.page\/de\/wp-json\/wp\/v2\/product_cat?post=733429"},{"taxonomy":"product_tag","embeddable":true,"href":"https:\/\/stoic-curie.212-227-153-4.plesk.page\/de\/wp-json\/wp\/v2\/product_tag?post=733429"}],"curies":[{"name":"wp","href":"https:\/\/api.w.org\/{rel}","templated":true}]}}