{"id":733438,"date":"2025-03-03T16:19:11","date_gmt":"2025-03-03T15:19:11","guid":{"rendered":"https:\/\/stoic-curie.212-227-153-4.plesk.page\/producto\/mobella-eingebauter-eingangstuerriegel-63x114mm-eloxiert\/"},"modified":"2026-02-24T23:34:46","modified_gmt":"2026-02-24T23:34:46","slug":"mobella-eingebauter-eingangstuerriegel-63x114mm-eloxiert","status":"publish","type":"product","link":"https:\/\/stoic-curie.212-227-153-4.plesk.page\/de\/product\/mobella-eingebauter-eingangstuerriegel-63x114mm-eloxiert\/","title":{"rendered":"Mobella Eingebauter Eingangst\u00fcrriegel 63x114mm Eloxiert"},"content":{"rendered":"<p>Mobella Eingebauter Eingangst\u00fcrriegel 63x114mm Eloxiert &#8211; <\/p>\n<p>Anodisierte Aluminium-gleitende T\u00fcr-Mortise-Schlossanordnung, ideal sogar f\u00fcr einziehbare Schiebet\u00fcren (10-15 cm mehr T\u00fcrweg als andere T\u00fcrschl\u00f6sser). Mit Schl\u00fcsseln und einem inneren Sicherheitsverschluss, der verhindert, dass man sich in der Kabine einschlie\u00dft. T\u00fcrst\u00e4rke 12,5 mm oder 10 mm mit optionalem Abstandshalter. Universelles R\/L-Schloss.<\/p>\n","protected":false},"excerpt":{"rendered":"<p>Mobella Eingebauter Eingangst\u00fcrriegel 63x114mm Eloxiert &#8211; Anodisierte Aluminium-gleitende T\u00fcr-Mortise-Schlossanordnung, ideal sogar f\u00fcr einziehbare Schiebet\u00fcren (10-15 cm mehr T\u00fcrweg als andere<\/p>\n","protected":false},"featured_media":5938055,"comment_status":"open","ping_status":"closed","template":"","meta":[],"product_brand":[3415],"product_cat":[1421],"product_tag":[],"class_list":{"0":"post-733438","1":"product","2":"type-product","3":"status-publish","4":"has-post-thumbnail","6":"product_brand-southco-mobella-de","7":"product_cat-tuerschloesser","9":"first","10":"instock","11":"shipping-taxable","12":"purchasable","13":"product-type-simple"},"_links":{"self":[{"href":"https:\/\/stoic-curie.212-227-153-4.plesk.page\/de\/wp-json\/wp\/v2\/product\/733438","targetHints":{"allow":["GET"]}}],"collection":[{"href":"https:\/\/stoic-curie.212-227-153-4.plesk.page\/de\/wp-json\/wp\/v2\/product"}],"about":[{"href":"https:\/\/stoic-curie.212-227-153-4.plesk.page\/de\/wp-json\/wp\/v2\/types\/product"}],"replies":[{"embeddable":true,"href":"https:\/\/stoic-curie.212-227-153-4.plesk.page\/de\/wp-json\/wp\/v2\/comments?post=733438"}],"version-history":[{"count":0,"href":"https:\/\/stoic-curie.212-227-153-4.plesk.page\/de\/wp-json\/wp\/v2\/product\/733438\/revisions"}],"wp:featuredmedia":[{"embeddable":true,"href":"https:\/\/stoic-curie.212-227-153-4.plesk.page\/de\/wp-json\/wp\/v2\/media\/5938055"}],"wp:attachment":[{"href":"https:\/\/stoic-curie.212-227-153-4.plesk.page\/de\/wp-json\/wp\/v2\/media?parent=733438"}],"wp:term":[{"taxonomy":"product_brand","embeddable":true,"href":"https:\/\/stoic-curie.212-227-153-4.plesk.page\/de\/wp-json\/wp\/v2\/product_brand?post=733438"},{"taxonomy":"product_cat","embeddable":true,"href":"https:\/\/stoic-curie.212-227-153-4.plesk.page\/de\/wp-json\/wp\/v2\/product_cat?post=733438"},{"taxonomy":"product_tag","embeddable":true,"href":"https:\/\/stoic-curie.212-227-153-4.plesk.page\/de\/wp-json\/wp\/v2\/product_tag?post=733438"}],"curies":[{"name":"wp","href":"https:\/\/api.w.org\/{rel}","templated":true}]}}