{"id":733440,"date":"2025-03-03T16:19:11","date_gmt":"2025-03-03T15:19:11","guid":{"rendered":"https:\/\/stoic-curie.212-227-153-4.plesk.page\/producto\/mobella-sicherheitsriegel-55x87mm-schwarz\/"},"modified":"2026-02-24T23:34:46","modified_gmt":"2026-02-24T23:34:46","slug":"mobella-sicherheitsriegel-55x87mm-schwarz","status":"publish","type":"product","link":"https:\/\/stoic-curie.212-227-153-4.plesk.page\/de\/product\/mobella-sicherheitsriegel-55x87mm-schwarz\/","title":{"rendered":"Mobella Sicherheitsriegel 55x87mm Schwarz"},"content":{"rendered":"<p>Mobella Sicherheitsriegel 55x87mm Schwarz &#8211; <\/p>\n<p>Horizontaler Schiebet\u00fcrverschluss f\u00fcr T\u00fcren und Schr\u00e4nke. Aus Edelstahl und verst\u00e4rktem Verbundmaterial.<\/p>\n","protected":false},"excerpt":{"rendered":"<p>Mobella Sicherheitsriegel 55x87mm Schwarz &#8211; Horizontaler Schiebet\u00fcrverschluss f\u00fcr T\u00fcren und Schr\u00e4nke. Aus Edelstahl und verst\u00e4rktem Verbundmaterial.<\/p>\n","protected":false},"featured_media":5938060,"comment_status":"open","ping_status":"closed","template":"","meta":[],"product_brand":[3415],"product_cat":[1421],"product_tag":[],"class_list":{"0":"post-733440","1":"product","2":"type-product","3":"status-publish","4":"has-post-thumbnail","6":"product_brand-southco-mobella-de","7":"product_cat-tuerschloesser","9":"first","10":"instock","11":"shipping-taxable","12":"purchasable","13":"product-type-simple"},"_links":{"self":[{"href":"https:\/\/stoic-curie.212-227-153-4.plesk.page\/de\/wp-json\/wp\/v2\/product\/733440","targetHints":{"allow":["GET"]}}],"collection":[{"href":"https:\/\/stoic-curie.212-227-153-4.plesk.page\/de\/wp-json\/wp\/v2\/product"}],"about":[{"href":"https:\/\/stoic-curie.212-227-153-4.plesk.page\/de\/wp-json\/wp\/v2\/types\/product"}],"replies":[{"embeddable":true,"href":"https:\/\/stoic-curie.212-227-153-4.plesk.page\/de\/wp-json\/wp\/v2\/comments?post=733440"}],"version-history":[{"count":0,"href":"https:\/\/stoic-curie.212-227-153-4.plesk.page\/de\/wp-json\/wp\/v2\/product\/733440\/revisions"}],"wp:featuredmedia":[{"embeddable":true,"href":"https:\/\/stoic-curie.212-227-153-4.plesk.page\/de\/wp-json\/wp\/v2\/media\/5938060"}],"wp:attachment":[{"href":"https:\/\/stoic-curie.212-227-153-4.plesk.page\/de\/wp-json\/wp\/v2\/media?parent=733440"}],"wp:term":[{"taxonomy":"product_brand","embeddable":true,"href":"https:\/\/stoic-curie.212-227-153-4.plesk.page\/de\/wp-json\/wp\/v2\/product_brand?post=733440"},{"taxonomy":"product_cat","embeddable":true,"href":"https:\/\/stoic-curie.212-227-153-4.plesk.page\/de\/wp-json\/wp\/v2\/product_cat?post=733440"},{"taxonomy":"product_tag","embeddable":true,"href":"https:\/\/stoic-curie.212-227-153-4.plesk.page\/de\/wp-json\/wp\/v2\/product_tag?post=733440"}],"curies":[{"name":"wp","href":"https:\/\/api.w.org\/{rel}","templated":true}]}}