{"id":733441,"date":"2025-03-03T16:19:12","date_gmt":"2025-03-03T15:19:12","guid":{"rendered":"https:\/\/stoic-curie.212-227-153-4.plesk.page\/producto\/mobella-sicherheitsriegel-55x87mm-weiss\/"},"modified":"2026-02-24T23:34:46","modified_gmt":"2026-02-24T23:34:46","slug":"mobella-sicherheitsriegel-55x87mm-weiss","status":"publish","type":"product","link":"https:\/\/stoic-curie.212-227-153-4.plesk.page\/de\/product\/mobella-sicherheitsriegel-55x87mm-weiss\/","title":{"rendered":"Mobella Sicherheitsriegel 55x87mm Wei\u00df"},"content":{"rendered":"<p>Mobella Sicherheitsriegel 55x87mm Wei\u00df &#8211; <\/p>\n<p>Horizontale Schiebet\u00fcrverriegelung f\u00fcr T\u00fcren und Schr\u00e4nke. Edelstahl und verst\u00e4rkter Kunststoffk\u00f6rper.<\/p>\n","protected":false},"excerpt":{"rendered":"<p>Mobella Sicherheitsriegel 55x87mm Wei\u00df &#8211; Horizontale Schiebet\u00fcrverriegelung f\u00fcr T\u00fcren und Schr\u00e4nke. Edelstahl und verst\u00e4rkter Kunststoffk\u00f6rper.<\/p>\n","protected":false},"featured_media":5938063,"comment_status":"open","ping_status":"closed","template":"","meta":[],"product_brand":[3415],"product_cat":[1421],"product_tag":[],"class_list":{"0":"post-733441","1":"product","2":"type-product","3":"status-publish","4":"has-post-thumbnail","6":"product_brand-southco-mobella-de","7":"product_cat-tuerschloesser","9":"first","10":"instock","11":"shipping-taxable","12":"purchasable","13":"product-type-simple"},"_links":{"self":[{"href":"https:\/\/stoic-curie.212-227-153-4.plesk.page\/de\/wp-json\/wp\/v2\/product\/733441","targetHints":{"allow":["GET"]}}],"collection":[{"href":"https:\/\/stoic-curie.212-227-153-4.plesk.page\/de\/wp-json\/wp\/v2\/product"}],"about":[{"href":"https:\/\/stoic-curie.212-227-153-4.plesk.page\/de\/wp-json\/wp\/v2\/types\/product"}],"replies":[{"embeddable":true,"href":"https:\/\/stoic-curie.212-227-153-4.plesk.page\/de\/wp-json\/wp\/v2\/comments?post=733441"}],"version-history":[{"count":0,"href":"https:\/\/stoic-curie.212-227-153-4.plesk.page\/de\/wp-json\/wp\/v2\/product\/733441\/revisions"}],"wp:featuredmedia":[{"embeddable":true,"href":"https:\/\/stoic-curie.212-227-153-4.plesk.page\/de\/wp-json\/wp\/v2\/media\/5938063"}],"wp:attachment":[{"href":"https:\/\/stoic-curie.212-227-153-4.plesk.page\/de\/wp-json\/wp\/v2\/media?parent=733441"}],"wp:term":[{"taxonomy":"product_brand","embeddable":true,"href":"https:\/\/stoic-curie.212-227-153-4.plesk.page\/de\/wp-json\/wp\/v2\/product_brand?post=733441"},{"taxonomy":"product_cat","embeddable":true,"href":"https:\/\/stoic-curie.212-227-153-4.plesk.page\/de\/wp-json\/wp\/v2\/product_cat?post=733441"},{"taxonomy":"product_tag","embeddable":true,"href":"https:\/\/stoic-curie.212-227-153-4.plesk.page\/de\/wp-json\/wp\/v2\/product_tag?post=733441"}],"curies":[{"name":"wp","href":"https:\/\/api.w.org\/{rel}","templated":true}]}}