{"id":733443,"date":"2025-03-03T16:19:12","date_gmt":"2025-03-03T15:19:12","guid":{"rendered":"https:\/\/stoic-curie.212-227-153-4.plesk.page\/producto\/tuerschloss-mobella-omni-tuer-dicke-12-7-mm\/"},"modified":"2026-02-24T23:34:46","modified_gmt":"2026-02-24T23:34:46","slug":"tuerschloss-mobella-omni-tuer-dicke-12-7-mm","status":"publish","type":"product","link":"https:\/\/stoic-curie.212-227-153-4.plesk.page\/de\/product\/tuerschloss-mobella-omni-tuer-dicke-12-7-mm\/","title":{"rendered":"T\u00fcrschloss Mobella Omni (T\u00fcr Dicke 12.7 mm)"},"content":{"rendered":"<p>T\u00fcrschloss Mobella Omni (T\u00fcr Dicke 12.7 mm) &#8211; <\/p>\n<p>Beschlag aus korrosionsbest\u00e4ndigen Materialien. Mit innen liegendem Privatsph\u00e4re-Bolzen. Einfache Installation: einfach die Form auf das T\u00fcrblatt schneiden. Komplett mit versenkten Griffen und Edelstahlscheiben. Universelles R\/L Schloss.<\/p>\n","protected":false},"excerpt":{"rendered":"<p>T\u00fcrschloss Mobella Omni (T\u00fcr Dicke 12.7 mm) &#8211; Beschlag aus korrosionsbest\u00e4ndigen Materialien. Mit innen liegendem Privatsph\u00e4re-Bolzen. Einfache Installation: einfach die<\/p>\n","protected":false},"featured_media":5938065,"comment_status":"open","ping_status":"closed","template":"","meta":[],"product_brand":[3415],"product_cat":[1421],"product_tag":[],"class_list":{"0":"post-733443","1":"product","2":"type-product","3":"status-publish","4":"has-post-thumbnail","6":"product_brand-southco-mobella-de","7":"product_cat-tuerschloesser","9":"first","10":"instock","11":"shipping-taxable","12":"purchasable","13":"product-type-simple"},"_links":{"self":[{"href":"https:\/\/stoic-curie.212-227-153-4.plesk.page\/de\/wp-json\/wp\/v2\/product\/733443","targetHints":{"allow":["GET"]}}],"collection":[{"href":"https:\/\/stoic-curie.212-227-153-4.plesk.page\/de\/wp-json\/wp\/v2\/product"}],"about":[{"href":"https:\/\/stoic-curie.212-227-153-4.plesk.page\/de\/wp-json\/wp\/v2\/types\/product"}],"replies":[{"embeddable":true,"href":"https:\/\/stoic-curie.212-227-153-4.plesk.page\/de\/wp-json\/wp\/v2\/comments?post=733443"}],"version-history":[{"count":0,"href":"https:\/\/stoic-curie.212-227-153-4.plesk.page\/de\/wp-json\/wp\/v2\/product\/733443\/revisions"}],"wp:featuredmedia":[{"embeddable":true,"href":"https:\/\/stoic-curie.212-227-153-4.plesk.page\/de\/wp-json\/wp\/v2\/media\/5938065"}],"wp:attachment":[{"href":"https:\/\/stoic-curie.212-227-153-4.plesk.page\/de\/wp-json\/wp\/v2\/media?parent=733443"}],"wp:term":[{"taxonomy":"product_brand","embeddable":true,"href":"https:\/\/stoic-curie.212-227-153-4.plesk.page\/de\/wp-json\/wp\/v2\/product_brand?post=733443"},{"taxonomy":"product_cat","embeddable":true,"href":"https:\/\/stoic-curie.212-227-153-4.plesk.page\/de\/wp-json\/wp\/v2\/product_cat?post=733443"},{"taxonomy":"product_tag","embeddable":true,"href":"https:\/\/stoic-curie.212-227-153-4.plesk.page\/de\/wp-json\/wp\/v2\/product_tag?post=733443"}],"curies":[{"name":"wp","href":"https:\/\/api.w.org\/{rel}","templated":true}]}}