{"id":733463,"date":"2025-03-03T16:19:16","date_gmt":"2025-03-03T15:19:16","guid":{"rendered":"https:\/\/stoic-curie.212-227-153-4.plesk.page\/producto\/in-cage-retractable-telescopic-ladders-4-schritte-31-x-h115cm\/"},"modified":"2026-02-24T23:34:46","modified_gmt":"2026-02-24T23:34:46","slug":"in-cage-retractable-telescopic-ladders-4-schritte-31-x-h115cm","status":"publish","type":"product","link":"https:\/\/stoic-curie.212-227-153-4.plesk.page\/de\/product\/in-cage-retractable-telescopic-ladders-4-schritte-31-x-h115cm\/","title":{"rendered":"In Cage Retractable Telescopic Ladders 4 Schritte ( 31 x H115cm)"},"content":{"rendered":"<p>In Cage Retractable Telescopic Ladders 4 Schritte ( 31 x H115cm) &#8211; <\/p>\n<p>Telescopische Unterplattform-Bootsleitern aus Edelstahl. Komplett mit K\u00e4fig und F\u00fchrungsrails. Flache Poly-Vorrichtungen f\u00fcr erh\u00f6hten Komfort.<\/p>\n","protected":false},"excerpt":{"rendered":"<p>In Cage Retractable Telescopic Ladders 4 Schritte ( 31 x H115cm) &#8211; Telescopische Unterplattform-Bootsleitern aus Edelstahl. Komplett mit K\u00e4fig und<\/p>\n","protected":false},"featured_media":5938184,"comment_status":"open","ping_status":"closed","template":"","meta":[],"product_brand":[3490],"product_cat":[1331],"product_tag":[],"class_list":{"0":"post-733463","1":"product","2":"type-product","3":"status-publish","4":"has-post-thumbnail","6":"product_brand-trem-de","7":"product_cat-bootsleitern","9":"first","10":"instock","11":"shipping-taxable","12":"purchasable","13":"product-type-simple"},"_links":{"self":[{"href":"https:\/\/stoic-curie.212-227-153-4.plesk.page\/de\/wp-json\/wp\/v2\/product\/733463","targetHints":{"allow":["GET"]}}],"collection":[{"href":"https:\/\/stoic-curie.212-227-153-4.plesk.page\/de\/wp-json\/wp\/v2\/product"}],"about":[{"href":"https:\/\/stoic-curie.212-227-153-4.plesk.page\/de\/wp-json\/wp\/v2\/types\/product"}],"replies":[{"embeddable":true,"href":"https:\/\/stoic-curie.212-227-153-4.plesk.page\/de\/wp-json\/wp\/v2\/comments?post=733463"}],"version-history":[{"count":0,"href":"https:\/\/stoic-curie.212-227-153-4.plesk.page\/de\/wp-json\/wp\/v2\/product\/733463\/revisions"}],"wp:featuredmedia":[{"embeddable":true,"href":"https:\/\/stoic-curie.212-227-153-4.plesk.page\/de\/wp-json\/wp\/v2\/media\/5938184"}],"wp:attachment":[{"href":"https:\/\/stoic-curie.212-227-153-4.plesk.page\/de\/wp-json\/wp\/v2\/media?parent=733463"}],"wp:term":[{"taxonomy":"product_brand","embeddable":true,"href":"https:\/\/stoic-curie.212-227-153-4.plesk.page\/de\/wp-json\/wp\/v2\/product_brand?post=733463"},{"taxonomy":"product_cat","embeddable":true,"href":"https:\/\/stoic-curie.212-227-153-4.plesk.page\/de\/wp-json\/wp\/v2\/product_cat?post=733463"},{"taxonomy":"product_tag","embeddable":true,"href":"https:\/\/stoic-curie.212-227-153-4.plesk.page\/de\/wp-json\/wp\/v2\/product_tag?post=733463"}],"curies":[{"name":"wp","href":"https:\/\/api.w.org\/{rel}","templated":true}]}}