{"id":733475,"date":"2025-03-03T16:19:18","date_gmt":"2025-03-03T15:19:18","guid":{"rendered":"https:\/\/stoic-curie.212-227-153-4.plesk.page\/producto\/grosse-heckplattformen-2000-x-550-mm\/"},"modified":"2026-02-24T23:34:46","modified_gmt":"2026-02-24T23:34:46","slug":"grosse-heckplattformen-2000-x-550-mm","status":"publish","type":"product","link":"https:\/\/stoic-curie.212-227-153-4.plesk.page\/de\/product\/grosse-heckplattformen-2000-x-550-mm\/","title":{"rendered":"Gro\u00dfe Heckplattformen 2000 x 550 mm"},"content":{"rendered":"<p>Gro\u00dfe Heckplattformen 2000 x 550 mm &#8211; <\/p>\n<p>Pr\u00e4sentieren wir die Trem S2755200 Transom-Plattform, ein robustes und funktionales Marineschiff-Zubeh\u00f6r, das f\u00fcr Personen konzipiert wurde, die sowohl Haltbarkeit als auch Praktikabilit\u00e4t sch\u00e4tzen. Hergestellt aus hochwertigem Edelstahl und Doussie-Marineholz garantiert diese Plattform au\u00dfergew\u00f6hnliche Unterst\u00fctzung und Stabilit\u00e4t f\u00fcr all Ihre Bootserlebnisse.<\/p>\n<p><strong>Hauptmerkmale:<\/strong><\/p>\n<ul>\n<li>\n<p><strong>Abmessungen:<\/strong><\/p>\n<ul>\n<li> L\u00e4nge: 2000 mm<\/li>\n<li>Breite: 550 mm<\/li>\n<li>H\u00f6he: 260 mm<\/li>\n<\/ul>\n<\/li>\n<li>\n<p><strong>Modell:<\/strong> USTICA<\/p>\n<\/li>\n<li>\n<p><strong>Empfohlene Leiter:<\/strong> S1925003<\/p>\n<\/li>\n<li>\n<p><strong>Bauweise:<\/strong> Edelstahl (\u00d8 25 mm)<\/p>\n<\/li>\n<li>\n<p><strong>Material:<\/strong> Marineholz<\/p>\n<\/li>\n<li>\n<p><strong>Befestigung:<\/strong> Fest mit U-Gelenk am Spiegel befestigt<\/p>\n<\/li>\n<\/ul>\n<p>Die Trem S2755200 ist die ideale Wahl f\u00fcr Bootsfahrer, die nach einer zuverl\u00e4ssigen Plattform suchen, die ihre maritimen Abenteuer bereichert.<\/p>\n","protected":false},"excerpt":{"rendered":"<p>Gro\u00dfe Heckplattformen 2000 x 550 mm &#8211; Pr\u00e4sentieren wir die Trem S2755200 Transom-Plattform, ein robustes und funktionales Marineschiff-Zubeh\u00f6r, das f\u00fcr<\/p>\n","protected":false},"featured_media":5938211,"comment_status":"open","ping_status":"closed","template":"","meta":[],"product_brand":[3490],"product_cat":[1327,1407],"product_tag":[],"class_list":{"0":"post-733475","1":"product","2":"type-product","3":"status-publish","4":"has-post-thumbnail","6":"product_brand-trem-de","7":"product_cat-boots-badeplattformen","8":"product_cat-heckplattformen","10":"first","11":"outofstock","12":"shipping-taxable","13":"purchasable","14":"product-type-simple"},"_links":{"self":[{"href":"https:\/\/stoic-curie.212-227-153-4.plesk.page\/de\/wp-json\/wp\/v2\/product\/733475","targetHints":{"allow":["GET"]}}],"collection":[{"href":"https:\/\/stoic-curie.212-227-153-4.plesk.page\/de\/wp-json\/wp\/v2\/product"}],"about":[{"href":"https:\/\/stoic-curie.212-227-153-4.plesk.page\/de\/wp-json\/wp\/v2\/types\/product"}],"replies":[{"embeddable":true,"href":"https:\/\/stoic-curie.212-227-153-4.plesk.page\/de\/wp-json\/wp\/v2\/comments?post=733475"}],"version-history":[{"count":0,"href":"https:\/\/stoic-curie.212-227-153-4.plesk.page\/de\/wp-json\/wp\/v2\/product\/733475\/revisions"}],"wp:featuredmedia":[{"embeddable":true,"href":"https:\/\/stoic-curie.212-227-153-4.plesk.page\/de\/wp-json\/wp\/v2\/media\/5938211"}],"wp:attachment":[{"href":"https:\/\/stoic-curie.212-227-153-4.plesk.page\/de\/wp-json\/wp\/v2\/media?parent=733475"}],"wp:term":[{"taxonomy":"product_brand","embeddable":true,"href":"https:\/\/stoic-curie.212-227-153-4.plesk.page\/de\/wp-json\/wp\/v2\/product_brand?post=733475"},{"taxonomy":"product_cat","embeddable":true,"href":"https:\/\/stoic-curie.212-227-153-4.plesk.page\/de\/wp-json\/wp\/v2\/product_cat?post=733475"},{"taxonomy":"product_tag","embeddable":true,"href":"https:\/\/stoic-curie.212-227-153-4.plesk.page\/de\/wp-json\/wp\/v2\/product_tag?post=733475"}],"curies":[{"name":"wp","href":"https:\/\/api.w.org\/{rel}","templated":true}]}}