{"id":733480,"date":"2025-03-03T16:19:19","date_gmt":"2025-03-03T15:19:19","guid":{"rendered":"https:\/\/stoic-curie.212-227-153-4.plesk.page\/producto\/verstellbare-halterung-22-35-fuer-aussenbordmotoren-bis-35-kg\/"},"modified":"2026-02-24T23:34:46","modified_gmt":"2026-02-24T23:34:46","slug":"verstellbare-halterung-22-35-fuer-aussenbordmotoren-bis-35-kg","status":"publish","type":"product","link":"https:\/\/stoic-curie.212-227-153-4.plesk.page\/de\/product\/verstellbare-halterung-22-35-fuer-aussenbordmotoren-bis-35-kg\/","title":{"rendered":"Verstellbare Halterung 22\u00b0\/35\u00b0 f\u00fcr Au\u00dfenbordmotoren bis 35 kg"},"content":{"rendered":"<p>Verstellbare Halterung 22\u00b0\/35\u00b0 f\u00fcr Au\u00dfenbordmotoren bis 35 kg &#8211; <\/p>\n<p>Transom-Montage-Au\u00dfenbordmotormontage, verstellbar von 22\u00b0 bis 35\u00b0. Geh\u00e4use aus rostfreiem Stahl und Marine-Sperrholzauflage. Abmessungen: 300 x 175 x H150<\/p>\n","protected":false},"excerpt":{"rendered":"<p>Verstellbare Halterung 22\u00b0\/35\u00b0 f\u00fcr Au\u00dfenbordmotoren bis 35 kg &#8211; Transom-Montage-Au\u00dfenbordmotormontage, verstellbar von 22\u00b0 bis 35\u00b0. Geh\u00e4use aus rostfreiem Stahl und<\/p>\n","protected":false},"featured_media":5938222,"comment_status":"open","ping_status":"closed","template":"","meta":[],"product_brand":[3490],"product_cat":[1540],"product_tag":[],"class_list":{"0":"post-733480","1":"product","2":"type-product","3":"status-publish","4":"has-post-thumbnail","6":"product_brand-trem-de","7":"product_cat-zubehoer-fuer-aussenborder","9":"first","10":"instock","11":"shipping-taxable","12":"purchasable","13":"product-type-simple"},"_links":{"self":[{"href":"https:\/\/stoic-curie.212-227-153-4.plesk.page\/de\/wp-json\/wp\/v2\/product\/733480","targetHints":{"allow":["GET"]}}],"collection":[{"href":"https:\/\/stoic-curie.212-227-153-4.plesk.page\/de\/wp-json\/wp\/v2\/product"}],"about":[{"href":"https:\/\/stoic-curie.212-227-153-4.plesk.page\/de\/wp-json\/wp\/v2\/types\/product"}],"replies":[{"embeddable":true,"href":"https:\/\/stoic-curie.212-227-153-4.plesk.page\/de\/wp-json\/wp\/v2\/comments?post=733480"}],"version-history":[{"count":0,"href":"https:\/\/stoic-curie.212-227-153-4.plesk.page\/de\/wp-json\/wp\/v2\/product\/733480\/revisions"}],"wp:featuredmedia":[{"embeddable":true,"href":"https:\/\/stoic-curie.212-227-153-4.plesk.page\/de\/wp-json\/wp\/v2\/media\/5938222"}],"wp:attachment":[{"href":"https:\/\/stoic-curie.212-227-153-4.plesk.page\/de\/wp-json\/wp\/v2\/media?parent=733480"}],"wp:term":[{"taxonomy":"product_brand","embeddable":true,"href":"https:\/\/stoic-curie.212-227-153-4.plesk.page\/de\/wp-json\/wp\/v2\/product_brand?post=733480"},{"taxonomy":"product_cat","embeddable":true,"href":"https:\/\/stoic-curie.212-227-153-4.plesk.page\/de\/wp-json\/wp\/v2\/product_cat?post=733480"},{"taxonomy":"product_tag","embeddable":true,"href":"https:\/\/stoic-curie.212-227-153-4.plesk.page\/de\/wp-json\/wp\/v2\/product_tag?post=733480"}],"curies":[{"name":"wp","href":"https:\/\/api.w.org\/{rel}","templated":true}]}}