{"id":733481,"date":"2025-03-03T16:19:19","date_gmt":"2025-03-03T15:19:19","guid":{"rendered":"https:\/\/stoic-curie.212-227-153-4.plesk.page\/producto\/aussenborderhalterung-fuer-schienenmontage-max-10-ps-holzpolster\/"},"modified":"2026-02-24T23:34:46","modified_gmt":"2026-02-24T23:34:46","slug":"aussenborderhalterung-fuer-schienenmontage-max-10-ps-holzpolster","status":"publish","type":"product","link":"https:\/\/stoic-curie.212-227-153-4.plesk.page\/de\/product\/aussenborderhalterung-fuer-schienenmontage-max-10-ps-holzpolster\/","title":{"rendered":"Au\u00dfenborderhalterung f\u00fcr Schienenmontage max. 10 PS Holzpolster"},"content":{"rendered":"<p>Au\u00dfenborderhalterung f\u00fcr Schienenmontage max. 10 PS Holzpolster &#8211; <\/p>\n<p>Marine-Sperrholz-Pad-Rail-Montagehalterung f\u00fcr kleine Au\u00dfenbordmotoren. Edelstahl-Rohrst\u00fctze und Schrauben. Pad-Abmessungen: 195 x H245 mm mit 2 L\u00f6chern f\u00fcr 22\/25-Rohre. Nettogr\u00f6\u00dfe der Rohrst\u00fctze: von 240 bis 320 mm.<\/p>\n","protected":false},"excerpt":{"rendered":"<p>Au\u00dfenborderhalterung f\u00fcr Schienenmontage max. 10 PS Holzpolster &#8211; Marine-Sperrholz-Pad-Rail-Montagehalterung f\u00fcr kleine Au\u00dfenbordmotoren. Edelstahl-Rohrst\u00fctze und Schrauben. Pad-Abmessungen: 195 x H245 mm<\/p>\n","protected":false},"featured_media":5938224,"comment_status":"open","ping_status":"closed","template":"","meta":[],"product_brand":[2182,3490],"product_cat":[1553,1540],"product_tag":[],"class_list":{"0":"post-733481","1":"product","2":"type-product","3":"status-publish","4":"has-post-thumbnail","6":"product_brand-trem","7":"product_brand-trem-de","8":"product_cat-davits-schlauchboote-und-zubehoer","9":"product_cat-zubehoer-fuer-aussenborder","11":"first","12":"instock","13":"shipping-taxable","14":"purchasable","15":"product-type-simple"},"_links":{"self":[{"href":"https:\/\/stoic-curie.212-227-153-4.plesk.page\/de\/wp-json\/wp\/v2\/product\/733481","targetHints":{"allow":["GET"]}}],"collection":[{"href":"https:\/\/stoic-curie.212-227-153-4.plesk.page\/de\/wp-json\/wp\/v2\/product"}],"about":[{"href":"https:\/\/stoic-curie.212-227-153-4.plesk.page\/de\/wp-json\/wp\/v2\/types\/product"}],"replies":[{"embeddable":true,"href":"https:\/\/stoic-curie.212-227-153-4.plesk.page\/de\/wp-json\/wp\/v2\/comments?post=733481"}],"version-history":[{"count":0,"href":"https:\/\/stoic-curie.212-227-153-4.plesk.page\/de\/wp-json\/wp\/v2\/product\/733481\/revisions"}],"wp:featuredmedia":[{"embeddable":true,"href":"https:\/\/stoic-curie.212-227-153-4.plesk.page\/de\/wp-json\/wp\/v2\/media\/5938224"}],"wp:attachment":[{"href":"https:\/\/stoic-curie.212-227-153-4.plesk.page\/de\/wp-json\/wp\/v2\/media?parent=733481"}],"wp:term":[{"taxonomy":"product_brand","embeddable":true,"href":"https:\/\/stoic-curie.212-227-153-4.plesk.page\/de\/wp-json\/wp\/v2\/product_brand?post=733481"},{"taxonomy":"product_cat","embeddable":true,"href":"https:\/\/stoic-curie.212-227-153-4.plesk.page\/de\/wp-json\/wp\/v2\/product_cat?post=733481"},{"taxonomy":"product_tag","embeddable":true,"href":"https:\/\/stoic-curie.212-227-153-4.plesk.page\/de\/wp-json\/wp\/v2\/product_tag?post=733481"}],"curies":[{"name":"wp","href":"https:\/\/api.w.org\/{rel}","templated":true}]}}