{"id":733482,"date":"2025-03-03T16:19:19","date_gmt":"2025-03-03T15:19:19","guid":{"rendered":"https:\/\/stoic-curie.212-227-153-4.plesk.page\/producto\/davit-aussenbordmotorlift-max-50kg\/"},"modified":"2026-02-24T23:34:46","modified_gmt":"2026-02-24T23:34:46","slug":"davit-aussenbordmotorlift-max-50kg","status":"publish","type":"product","link":"https:\/\/stoic-curie.212-227-153-4.plesk.page\/de\/product\/davit-aussenbordmotorlift-max-50kg\/","title":{"rendered":"Davit Au\u00dfenbordmotorlift max. 50kg"},"content":{"rendered":"<p>Davit Au\u00dfenbordmotorlift max. 50kg &#8211; <\/p>\n<p>Polierter Edelstahl Tender-Au\u00dfenbordlift-Davit. Feste oder abnehmbare Montage, kann sich an seiner Basis drehen, um mit der Klemme fixiert zu werden. Komplett mit Klemme, Block, Poller, Block und Beschlag. Zubeh\u00f6r: Polyester-Liftkiste f\u00fcr Au\u00dfenbordmotoren bis zu 15 PS, 2- und 4-Takt.<\/p>\n","protected":false},"excerpt":{"rendered":"<p>Davit Au\u00dfenbordmotorlift max. 50kg &#8211; Polierter Edelstahl Tender-Au\u00dfenbordlift-Davit. Feste oder abnehmbare Montage, kann sich an seiner Basis drehen, um mit<\/p>\n","protected":false},"featured_media":5938230,"comment_status":"open","ping_status":"closed","template":"","meta":[],"product_brand":[3120],"product_cat":[1553,1540],"product_tag":[],"class_list":{"0":"post-733482","1":"product","2":"type-product","3":"status-publish","4":"has-post-thumbnail","6":"product_brand-marinetech-de","7":"product_cat-davits-schlauchboote-und-zubehoer","8":"product_cat-zubehoer-fuer-aussenborder","10":"first","11":"instock","12":"shipping-taxable","13":"purchasable","14":"product-type-simple"},"_links":{"self":[{"href":"https:\/\/stoic-curie.212-227-153-4.plesk.page\/de\/wp-json\/wp\/v2\/product\/733482","targetHints":{"allow":["GET"]}}],"collection":[{"href":"https:\/\/stoic-curie.212-227-153-4.plesk.page\/de\/wp-json\/wp\/v2\/product"}],"about":[{"href":"https:\/\/stoic-curie.212-227-153-4.plesk.page\/de\/wp-json\/wp\/v2\/types\/product"}],"replies":[{"embeddable":true,"href":"https:\/\/stoic-curie.212-227-153-4.plesk.page\/de\/wp-json\/wp\/v2\/comments?post=733482"}],"version-history":[{"count":0,"href":"https:\/\/stoic-curie.212-227-153-4.plesk.page\/de\/wp-json\/wp\/v2\/product\/733482\/revisions"}],"wp:featuredmedia":[{"embeddable":true,"href":"https:\/\/stoic-curie.212-227-153-4.plesk.page\/de\/wp-json\/wp\/v2\/media\/5938230"}],"wp:attachment":[{"href":"https:\/\/stoic-curie.212-227-153-4.plesk.page\/de\/wp-json\/wp\/v2\/media?parent=733482"}],"wp:term":[{"taxonomy":"product_brand","embeddable":true,"href":"https:\/\/stoic-curie.212-227-153-4.plesk.page\/de\/wp-json\/wp\/v2\/product_brand?post=733482"},{"taxonomy":"product_cat","embeddable":true,"href":"https:\/\/stoic-curie.212-227-153-4.plesk.page\/de\/wp-json\/wp\/v2\/product_cat?post=733482"},{"taxonomy":"product_tag","embeddable":true,"href":"https:\/\/stoic-curie.212-227-153-4.plesk.page\/de\/wp-json\/wp\/v2\/product_tag?post=733482"}],"curies":[{"name":"wp","href":"https:\/\/api.w.org\/{rel}","templated":true}]}}