{"id":733486,"date":"2025-03-03T16:19:20","date_gmt":"2025-03-03T15:19:20","guid":{"rendered":"https:\/\/stoic-curie.212-227-153-4.plesk.page\/producto\/rollbuegel-doppelbuegel-geformt-d40-l1700-2050-h1200mm\/"},"modified":"2026-02-24T23:34:46","modified_gmt":"2026-02-24T23:34:46","slug":"rollbuegel-doppelbuegel-geformt-d40-l1700-2050-h1200mm","status":"publish","type":"product","link":"https:\/\/stoic-curie.212-227-153-4.plesk.page\/de\/product\/rollbuegel-doppelbuegel-geformt-d40-l1700-2050-h1200mm\/","title":{"rendered":"Rollb\u00fcgel Doppelb\u00fcgel geformt D40 L1700-2050 H1200mm"},"content":{"rendered":"<p>Rollb\u00fcgel Doppelb\u00fcgel geformt D40 L1700-2050 H1200mm &#8211; <\/p>\n<p>Spiegelpolierter doppelter Stangenf\u00f6rmiger Rollbar aus Edelstahl. Ideal zum Montieren auf aufblasbaren Gegenst\u00e4nden aufgrund der r\u00f6hrenf\u00f6rmigen Form.<\/p>\n","protected":false},"excerpt":{"rendered":"<p>Rollb\u00fcgel Doppelb\u00fcgel geformt D40 L1700-2050 H1200mm &#8211; Spiegelpolierter doppelter Stangenf\u00f6rmiger Rollbar aus Edelstahl. Ideal zum Montieren auf aufblasbaren Gegenst\u00e4nden aufgrund<\/p>\n","protected":false},"featured_media":5938237,"comment_status":"open","ping_status":"closed","template":"","meta":[],"product_brand":[3120],"product_cat":[1550],"product_tag":[],"class_list":{"0":"post-733486","1":"product","2":"type-product","3":"status-publish","4":"has-post-thumbnail","6":"product_brand-marinetech-de","7":"product_cat-ueberrollbuegel","9":"first","10":"instock","11":"shipping-taxable","12":"purchasable","13":"product-type-simple"},"_links":{"self":[{"href":"https:\/\/stoic-curie.212-227-153-4.plesk.page\/de\/wp-json\/wp\/v2\/product\/733486","targetHints":{"allow":["GET"]}}],"collection":[{"href":"https:\/\/stoic-curie.212-227-153-4.plesk.page\/de\/wp-json\/wp\/v2\/product"}],"about":[{"href":"https:\/\/stoic-curie.212-227-153-4.plesk.page\/de\/wp-json\/wp\/v2\/types\/product"}],"replies":[{"embeddable":true,"href":"https:\/\/stoic-curie.212-227-153-4.plesk.page\/de\/wp-json\/wp\/v2\/comments?post=733486"}],"version-history":[{"count":0,"href":"https:\/\/stoic-curie.212-227-153-4.plesk.page\/de\/wp-json\/wp\/v2\/product\/733486\/revisions"}],"wp:featuredmedia":[{"embeddable":true,"href":"https:\/\/stoic-curie.212-227-153-4.plesk.page\/de\/wp-json\/wp\/v2\/media\/5938237"}],"wp:attachment":[{"href":"https:\/\/stoic-curie.212-227-153-4.plesk.page\/de\/wp-json\/wp\/v2\/media?parent=733486"}],"wp:term":[{"taxonomy":"product_brand","embeddable":true,"href":"https:\/\/stoic-curie.212-227-153-4.plesk.page\/de\/wp-json\/wp\/v2\/product_brand?post=733486"},{"taxonomy":"product_cat","embeddable":true,"href":"https:\/\/stoic-curie.212-227-153-4.plesk.page\/de\/wp-json\/wp\/v2\/product_cat?post=733486"},{"taxonomy":"product_tag","embeddable":true,"href":"https:\/\/stoic-curie.212-227-153-4.plesk.page\/de\/wp-json\/wp\/v2\/product_tag?post=733486"}],"curies":[{"name":"wp","href":"https:\/\/api.w.org\/{rel}","templated":true}]}}