{"id":733489,"date":"2025-03-03T16:19:20","date_gmt":"2025-03-03T15:19:20","guid":{"rendered":"https:\/\/stoic-curie.212-227-153-4.plesk.page\/producto\/lahna-seagrade-ruder-ausgewogene-klinge-180-cm\/"},"modified":"2026-02-24T23:34:46","modified_gmt":"2026-02-24T23:34:46","slug":"lahna-seagrade-ruder-ausgewogene-klinge-180-cm","status":"publish","type":"product","link":"https:\/\/stoic-curie.212-227-153-4.plesk.page\/de\/product\/lahna-seagrade-ruder-ausgewogene-klinge-180-cm\/","title":{"rendered":"Lahna SeaGrade Ruder Ausgewogene Klinge 180 cm"},"content":{"rendered":"<p>Lahna SeaGrade Ruder Ausgewogene Klinge 180 cm &#8211; <\/p>\n<p>Hochwertige, leichte und widerstandsf\u00e4hige Riemen, ideal f\u00fcr raue See. Ergonomischer Griff, ausgewogene Klinge, mit Polyurethanlack finish. Komplett mit Riemenlagerh\u00fclse.<\/p>\n","protected":false},"excerpt":{"rendered":"<p>Lahna SeaGrade Ruder Ausgewogene Klinge 180 cm &#8211; Hochwertige, leichte und widerstandsf\u00e4hige Riemen, ideal f\u00fcr raue See. Ergonomischer Griff, ausgewogene<\/p>\n","protected":false},"featured_media":5938262,"comment_status":"open","ping_status":"closed","template":"","meta":[],"product_brand":[3060],"product_cat":[1549],"product_tag":[],"class_list":{"0":"post-733489","1":"product","2":"type-product","3":"status-publish","4":"has-post-thumbnail","6":"product_brand-lahna-de","7":"product_cat-ruder-und-paddel","9":"first","10":"instock","11":"shipping-taxable","12":"purchasable","13":"product-type-simple"},"_links":{"self":[{"href":"https:\/\/stoic-curie.212-227-153-4.plesk.page\/de\/wp-json\/wp\/v2\/product\/733489","targetHints":{"allow":["GET"]}}],"collection":[{"href":"https:\/\/stoic-curie.212-227-153-4.plesk.page\/de\/wp-json\/wp\/v2\/product"}],"about":[{"href":"https:\/\/stoic-curie.212-227-153-4.plesk.page\/de\/wp-json\/wp\/v2\/types\/product"}],"replies":[{"embeddable":true,"href":"https:\/\/stoic-curie.212-227-153-4.plesk.page\/de\/wp-json\/wp\/v2\/comments?post=733489"}],"version-history":[{"count":0,"href":"https:\/\/stoic-curie.212-227-153-4.plesk.page\/de\/wp-json\/wp\/v2\/product\/733489\/revisions"}],"wp:featuredmedia":[{"embeddable":true,"href":"https:\/\/stoic-curie.212-227-153-4.plesk.page\/de\/wp-json\/wp\/v2\/media\/5938262"}],"wp:attachment":[{"href":"https:\/\/stoic-curie.212-227-153-4.plesk.page\/de\/wp-json\/wp\/v2\/media?parent=733489"}],"wp:term":[{"taxonomy":"product_brand","embeddable":true,"href":"https:\/\/stoic-curie.212-227-153-4.plesk.page\/de\/wp-json\/wp\/v2\/product_brand?post=733489"},{"taxonomy":"product_cat","embeddable":true,"href":"https:\/\/stoic-curie.212-227-153-4.plesk.page\/de\/wp-json\/wp\/v2\/product_cat?post=733489"},{"taxonomy":"product_tag","embeddable":true,"href":"https:\/\/stoic-curie.212-227-153-4.plesk.page\/de\/wp-json\/wp\/v2\/product_tag?post=733489"}],"curies":[{"name":"wp","href":"https:\/\/api.w.org\/{rel}","templated":true}]}}