{"id":733493,"date":"2025-03-03T16:19:21","date_gmt":"2025-03-03T15:19:21","guid":{"rendered":"https:\/\/stoic-curie.212-227-153-4.plesk.page\/producto\/lahna-inditour-paddel-125-cm-620-g\/"},"modified":"2026-02-24T23:34:46","modified_gmt":"2026-02-24T23:34:46","slug":"lahna-inditour-paddel-125-cm-620-g","status":"publish","type":"product","link":"https:\/\/stoic-curie.212-227-153-4.plesk.page\/de\/product\/lahna-inditour-paddel-125-cm-620-g\/","title":{"rendered":"Lahna Inditour Paddel 125 cm 620 g"},"content":{"rendered":"<p>Lahna Inditour Paddel 125 cm 620 g &#8211; <\/p>\n<p>Hochwertiges laminiertes Paddel aus klarem finnischem Holz. Ideal f\u00fcr raue Seezust\u00e4nde. Geformter Griff, Blatttipp mit einer Keilverst\u00e4rkung versehen. Mit wetterfestem Polyurethanlack versehen. Geeignet f\u00fcr Kanus und Boote.<\/p>\n","protected":false},"excerpt":{"rendered":"<p>Lahna Inditour Paddel 125 cm 620 g &#8211; Hochwertiges laminiertes Paddel aus klarem finnischem Holz. Ideal f\u00fcr raue Seezust\u00e4nde. Geformter<\/p>\n","protected":false},"featured_media":5938267,"comment_status":"open","ping_status":"closed","template":"","meta":[],"product_brand":[3060],"product_cat":[1549],"product_tag":[],"class_list":{"0":"post-733493","1":"product","2":"type-product","3":"status-publish","4":"has-post-thumbnail","6":"product_brand-lahna-de","7":"product_cat-ruder-und-paddel","9":"first","10":"instock","11":"shipping-taxable","12":"purchasable","13":"product-type-simple"},"_links":{"self":[{"href":"https:\/\/stoic-curie.212-227-153-4.plesk.page\/de\/wp-json\/wp\/v2\/product\/733493","targetHints":{"allow":["GET"]}}],"collection":[{"href":"https:\/\/stoic-curie.212-227-153-4.plesk.page\/de\/wp-json\/wp\/v2\/product"}],"about":[{"href":"https:\/\/stoic-curie.212-227-153-4.plesk.page\/de\/wp-json\/wp\/v2\/types\/product"}],"replies":[{"embeddable":true,"href":"https:\/\/stoic-curie.212-227-153-4.plesk.page\/de\/wp-json\/wp\/v2\/comments?post=733493"}],"version-history":[{"count":0,"href":"https:\/\/stoic-curie.212-227-153-4.plesk.page\/de\/wp-json\/wp\/v2\/product\/733493\/revisions"}],"wp:featuredmedia":[{"embeddable":true,"href":"https:\/\/stoic-curie.212-227-153-4.plesk.page\/de\/wp-json\/wp\/v2\/media\/5938267"}],"wp:attachment":[{"href":"https:\/\/stoic-curie.212-227-153-4.plesk.page\/de\/wp-json\/wp\/v2\/media?parent=733493"}],"wp:term":[{"taxonomy":"product_brand","embeddable":true,"href":"https:\/\/stoic-curie.212-227-153-4.plesk.page\/de\/wp-json\/wp\/v2\/product_brand?post=733493"},{"taxonomy":"product_cat","embeddable":true,"href":"https:\/\/stoic-curie.212-227-153-4.plesk.page\/de\/wp-json\/wp\/v2\/product_cat?post=733493"},{"taxonomy":"product_tag","embeddable":true,"href":"https:\/\/stoic-curie.212-227-153-4.plesk.page\/de\/wp-json\/wp\/v2\/product_tag?post=733493"}],"curies":[{"name":"wp","href":"https:\/\/api.w.org\/{rel}","templated":true}]}}