{"id":733496,"date":"2025-03-03T16:19:22","date_gmt":"2025-03-03T15:19:22","guid":{"rendered":"https:\/\/stoic-curie.212-227-153-4.plesk.page\/producto\/zerlegen-von-lahna-seagrade-rudern-195-cm\/"},"modified":"2026-02-24T23:34:46","modified_gmt":"2026-02-24T23:34:46","slug":"zerlegen-von-lahna-seagrade-rudern-195-cm","status":"publish","type":"product","link":"https:\/\/stoic-curie.212-227-153-4.plesk.page\/de\/product\/zerlegen-von-lahna-seagrade-rudern-195-cm\/","title":{"rendered":"Zerlegen von Lahna SeaGrade Rudern 195 cm"},"content":{"rendered":"<p>Zerlegen von Lahna SeaGrade Rudern 195 cm &#8211; <\/p>\n<p>Leichte und widerstandsf\u00e4hige zerlegbare Ruder, die besten f\u00fcr raue Seebedingungen. Formgriff, Blattspitze mit einem Keil verst\u00e4rkt, mit Polyurethanlack abgeschlossen. Verkauft in Paaren.<\/p>\n","protected":false},"excerpt":{"rendered":"<p>Zerlegen von Lahna SeaGrade Rudern 195 cm &#8211; Leichte und widerstandsf\u00e4hige zerlegbare Ruder, die besten f\u00fcr raue Seebedingungen. Formgriff, Blattspitze<\/p>\n","protected":false},"featured_media":5938271,"comment_status":"open","ping_status":"closed","template":"","meta":[],"product_brand":[3060],"product_cat":[1549],"product_tag":[],"class_list":{"0":"post-733496","1":"product","2":"type-product","3":"status-publish","4":"has-post-thumbnail","6":"product_brand-lahna-de","7":"product_cat-ruder-und-paddel","9":"first","10":"instock","11":"shipping-taxable","12":"purchasable","13":"product-type-simple"},"_links":{"self":[{"href":"https:\/\/stoic-curie.212-227-153-4.plesk.page\/de\/wp-json\/wp\/v2\/product\/733496","targetHints":{"allow":["GET"]}}],"collection":[{"href":"https:\/\/stoic-curie.212-227-153-4.plesk.page\/de\/wp-json\/wp\/v2\/product"}],"about":[{"href":"https:\/\/stoic-curie.212-227-153-4.plesk.page\/de\/wp-json\/wp\/v2\/types\/product"}],"replies":[{"embeddable":true,"href":"https:\/\/stoic-curie.212-227-153-4.plesk.page\/de\/wp-json\/wp\/v2\/comments?post=733496"}],"version-history":[{"count":0,"href":"https:\/\/stoic-curie.212-227-153-4.plesk.page\/de\/wp-json\/wp\/v2\/product\/733496\/revisions"}],"wp:featuredmedia":[{"embeddable":true,"href":"https:\/\/stoic-curie.212-227-153-4.plesk.page\/de\/wp-json\/wp\/v2\/media\/5938271"}],"wp:attachment":[{"href":"https:\/\/stoic-curie.212-227-153-4.plesk.page\/de\/wp-json\/wp\/v2\/media?parent=733496"}],"wp:term":[{"taxonomy":"product_brand","embeddable":true,"href":"https:\/\/stoic-curie.212-227-153-4.plesk.page\/de\/wp-json\/wp\/v2\/product_brand?post=733496"},{"taxonomy":"product_cat","embeddable":true,"href":"https:\/\/stoic-curie.212-227-153-4.plesk.page\/de\/wp-json\/wp\/v2\/product_cat?post=733496"},{"taxonomy":"product_tag","embeddable":true,"href":"https:\/\/stoic-curie.212-227-153-4.plesk.page\/de\/wp-json\/wp\/v2\/product_tag?post=733496"}],"curies":[{"name":"wp","href":"https:\/\/api.w.org\/{rel}","templated":true}]}}