{"id":733514,"date":"2025-03-03T16:19:25","date_gmt":"2025-03-03T15:19:25","guid":{"rendered":"https:\/\/stoic-curie.212-227-153-4.plesk.page\/producto\/sitzsockel-verstellbar-modell-ocean-h435-635mm-basis-300mm\/"},"modified":"2026-02-24T23:34:46","modified_gmt":"2026-02-24T23:34:46","slug":"sitzsockel-verstellbar-modell-ocean-h435-635mm-basis-300mm","status":"publish","type":"product","link":"https:\/\/stoic-curie.212-227-153-4.plesk.page\/de\/product\/sitzsockel-verstellbar-modell-ocean-h435-635mm-basis-300mm\/","title":{"rendered":"Sitzsockel verstellbar Modell Ocean H435\/635mm Basis 300mm"},"content":{"rendered":"<p>Sitzsockel verstellbar Modell Ocean H435\/635mm Basis 300mm &#8211; <\/p>\n<p>Eloxierte Aluminium-Ozeansitz-Hauptst\u00fctzpiedestal mit manueller H\u00f6henverstellung. Breiter Sockel mit sehr robuster Struktur, ideal f\u00fcr hohe Lasten und Belastungen. Drehbarer Kopf mit Vorw\u00e4rts-R\u00fcckw\u00e4rts-Verschiebung, universelle Halterung f\u00fcr alle Sitze.<\/p>\n","protected":false},"excerpt":{"rendered":"<p>Sitzsockel verstellbar Modell Ocean H435\/635mm Basis 300mm &#8211; Eloxierte Aluminium-Ozeansitz-Hauptst\u00fctzpiedestal mit manueller H\u00f6henverstellung. Breiter Sockel mit sehr robuster Struktur, ideal<\/p>\n","protected":false},"featured_media":5938380,"comment_status":"open","ping_status":"closed","template":"","meta":[],"product_brand":[2965],"product_cat":[1391,1411],"product_tag":[],"class_list":{"0":"post-733514","1":"product","2":"type-product","3":"status-publish","4":"has-post-thumbnail","6":"product_brand-garelick-de","7":"product_cat-bootsitze","8":"product_cat-sitz-podeste","10":"first","11":"instock","12":"shipping-taxable","13":"purchasable","14":"product-type-simple"},"_links":{"self":[{"href":"https:\/\/stoic-curie.212-227-153-4.plesk.page\/de\/wp-json\/wp\/v2\/product\/733514","targetHints":{"allow":["GET"]}}],"collection":[{"href":"https:\/\/stoic-curie.212-227-153-4.plesk.page\/de\/wp-json\/wp\/v2\/product"}],"about":[{"href":"https:\/\/stoic-curie.212-227-153-4.plesk.page\/de\/wp-json\/wp\/v2\/types\/product"}],"replies":[{"embeddable":true,"href":"https:\/\/stoic-curie.212-227-153-4.plesk.page\/de\/wp-json\/wp\/v2\/comments?post=733514"}],"version-history":[{"count":0,"href":"https:\/\/stoic-curie.212-227-153-4.plesk.page\/de\/wp-json\/wp\/v2\/product\/733514\/revisions"}],"wp:featuredmedia":[{"embeddable":true,"href":"https:\/\/stoic-curie.212-227-153-4.plesk.page\/de\/wp-json\/wp\/v2\/media\/5938380"}],"wp:attachment":[{"href":"https:\/\/stoic-curie.212-227-153-4.plesk.page\/de\/wp-json\/wp\/v2\/media?parent=733514"}],"wp:term":[{"taxonomy":"product_brand","embeddable":true,"href":"https:\/\/stoic-curie.212-227-153-4.plesk.page\/de\/wp-json\/wp\/v2\/product_brand?post=733514"},{"taxonomy":"product_cat","embeddable":true,"href":"https:\/\/stoic-curie.212-227-153-4.plesk.page\/de\/wp-json\/wp\/v2\/product_cat?post=733514"},{"taxonomy":"product_tag","embeddable":true,"href":"https:\/\/stoic-curie.212-227-153-4.plesk.page\/de\/wp-json\/wp\/v2\/product_tag?post=733514"}],"curies":[{"name":"wp","href":"https:\/\/api.w.org\/{rel}","templated":true}]}}