{"id":733522,"date":"2025-03-03T16:19:26","date_gmt":"2025-03-03T15:19:26","guid":{"rendered":"https:\/\/stoic-curie.212-227-153-4.plesk.page\/producto\/paarweise-rechts-und-links-eloxierte-aluminium-fairleads-140-x-30mm\/"},"modified":"2026-02-24T23:34:46","modified_gmt":"2026-02-24T23:34:46","slug":"paarweise-rechts-und-links-eloxierte-aluminium-fairleads-140-x-30mm","status":"publish","type":"product","link":"https:\/\/stoic-curie.212-227-153-4.plesk.page\/de\/product\/paarweise-rechts-und-links-eloxierte-aluminium-fairleads-140-x-30mm\/","title":{"rendered":"Paarweise (rechts und links) eloxierte Aluminium-Fairleads 140 x 30mm"},"content":{"rendered":"<p>Paarweise (rechts und links) eloxierte Aluminium-Fairleads 140 x 30mm &#8211; <\/p>\n<p>Gepaarte (rechts und links) eloxierte Aluminiumsch\u00e4kel. 2 Befestigungsl\u00f6cher im Fu\u00df.<\/p>\n","protected":false},"excerpt":{"rendered":"<p>Paarweise (rechts und links) eloxierte Aluminium-Fairleads 140 x 30mm &#8211; Gepaarte (rechts und links) eloxierte Aluminiumsch\u00e4kel. 2 Befestigungsl\u00f6cher im Fu\u00df.<\/p>\n","protected":false},"featured_media":5938412,"comment_status":"open","ping_status":"closed","template":"","meta":[],"product_brand":[3205],"product_cat":[1390],"product_tag":[],"class_list":{"0":"post-733522","1":"product","2":"type-product","3":"status-publish","4":"has-post-thumbnail","6":"product_brand-nova-argonautica-de","7":"product_cat-deckfuehrungen","9":"first","10":"instock","11":"shipping-taxable","12":"purchasable","13":"product-type-simple"},"_links":{"self":[{"href":"https:\/\/stoic-curie.212-227-153-4.plesk.page\/de\/wp-json\/wp\/v2\/product\/733522","targetHints":{"allow":["GET"]}}],"collection":[{"href":"https:\/\/stoic-curie.212-227-153-4.plesk.page\/de\/wp-json\/wp\/v2\/product"}],"about":[{"href":"https:\/\/stoic-curie.212-227-153-4.plesk.page\/de\/wp-json\/wp\/v2\/types\/product"}],"replies":[{"embeddable":true,"href":"https:\/\/stoic-curie.212-227-153-4.plesk.page\/de\/wp-json\/wp\/v2\/comments?post=733522"}],"version-history":[{"count":0,"href":"https:\/\/stoic-curie.212-227-153-4.plesk.page\/de\/wp-json\/wp\/v2\/product\/733522\/revisions"}],"wp:featuredmedia":[{"embeddable":true,"href":"https:\/\/stoic-curie.212-227-153-4.plesk.page\/de\/wp-json\/wp\/v2\/media\/5938412"}],"wp:attachment":[{"href":"https:\/\/stoic-curie.212-227-153-4.plesk.page\/de\/wp-json\/wp\/v2\/media?parent=733522"}],"wp:term":[{"taxonomy":"product_brand","embeddable":true,"href":"https:\/\/stoic-curie.212-227-153-4.plesk.page\/de\/wp-json\/wp\/v2\/product_brand?post=733522"},{"taxonomy":"product_cat","embeddable":true,"href":"https:\/\/stoic-curie.212-227-153-4.plesk.page\/de\/wp-json\/wp\/v2\/product_cat?post=733522"},{"taxonomy":"product_tag","embeddable":true,"href":"https:\/\/stoic-curie.212-227-153-4.plesk.page\/de\/wp-json\/wp\/v2\/product_tag?post=733522"}],"curies":[{"name":"wp","href":"https:\/\/api.w.org\/{rel}","templated":true}]}}