{"id":733545,"date":"2025-03-03T16:19:31","date_gmt":"2025-03-03T15:19:31","guid":{"rendered":"https:\/\/stoic-curie.212-227-153-4.plesk.page\/producto\/ankerwinde-quick-prince-dp2e-500w-12v-niedriges-profil-6mm-kette\/"},"modified":"2026-02-24T23:34:46","modified_gmt":"2026-02-24T23:34:46","slug":"ankerwinde-quick-prince-dp2e-500w-12v-niedriges-profil-6mm-kette","status":"publish","type":"product","link":"https:\/\/stoic-curie.212-227-153-4.plesk.page\/de\/product\/ankerwinde-quick-prince-dp2e-500w-12v-niedriges-profil-6mm-kette\/","title":{"rendered":"Ankerwinde Quick Prince DP2E 500W 12v niedriges Profil &#8211; 6mm Kette"},"content":{"rendered":"<p>Ankerwinde Quick Prince DP2E 500W 12v niedriges Profil &#8211; 6mm Kette &#8211; <\/p>\n<p><strong>Prince DP2E 600 &#8211; Nur Gypsy<\/strong><\/p>\n<p>Dieser Ankerwinch ist f\u00fcr Boote mit einer L\u00e4nge von 6 bis 10 Metern (20-33 Fu\u00df) konzipiert. Er verf\u00fcgt \u00fcber ein Seil- und Kettenankersystem mit strapazierf\u00e4higen Komponenten aus Bronze und Edelstahl.<\/p>\n<p>Die Ankerwinde beinhaltet einen Kettenz\u00e4hlersensor und ein manuelles Freifallsystem f\u00fcr die Kette. Ihr Basis und Geh\u00e4use bestehen aus eloxiertem Aluminium, was eine stabile Innenkonstruktion gew\u00e4hrleistet. Der Motor hat die Schutzart IP67 und ist somit wasserdicht. Die Installation ist unkompliziert und kann von oben erfolgen. Das Paket wird komplett mit einer Steuerbox und einem Handgriff geliefert.<\/p>\n<p>Zu den Hauptmerkmalen geh\u00f6ren eine Basis aus Edelstahl 316 und ein epizyklisches Getriebe aus eloxiertem Aluminium. Der Seil-\/Ketten-Gypsy ist mit einem Kettenz\u00e4hlersensor ausgestattet, und es gibt einen Inspektionsdeckel sowie einen Druckarm. Die Einheit wird mit einem Relaiskasten und einem Gypsy geliefert, der wahlweise mit oder ohne Trommel bereitgestellt werden kann.<\/p>\n<p><strong>Spezifikationen:<\/strong><\/p>\n<ul>\n<li><strong>Trommel:<\/strong> Nein<\/li>\n<li><strong>Motorleistung:<\/strong> 500 W<\/li>\n<li><strong>Eingangsspannung:<\/strong> 12 V<\/li>\n<li><strong>Maximale Zugkraft:<\/strong> 620 kg<\/li>\n<li><strong>Maximale Arbeitslast:<\/strong> 200 kg<\/li>\n<li><strong>Arbeitslast:<\/strong> 65 kg<\/li>\n<li><strong>Kettengeschwindigkeit bei Arbeitslast:<\/strong> 18,6 m\/min<\/li>\n<li><strong>Stromaufnahme bei Arbeitslast:<\/strong> 60 A<\/li>\n<li><strong>Deckst\u00e4rke:<\/strong> 20-40 mm<\/li>\n<li><strong>Gewicht:<\/strong> 9,5 kg<\/li>\n<li><strong>Gypsy-Gr\u00f6\u00dfe:<\/strong> 8 mm<\/li>\n<\/ul>\n<p>Diese Ankerwinde vereint Qualit\u00e4t und Leistung und ist eine hervorragende Wahl f\u00fcr Ihre Bootsbed\u00fcrfnisse.<\/p>\n","protected":false},"excerpt":{"rendered":"<p>Ankerwinde Quick Prince DP2E 500W 12v niedriges Profil &#8211; 6mm Kette &#8211; Prince DP2E 600 &#8211; Nur Gypsy Dieser Ankerwinch<\/p>\n","protected":false},"featured_media":5938442,"comment_status":"open","ping_status":"closed","template":"","meta":[],"product_brand":[3280],"product_cat":[1324],"product_tag":[],"class_list":{"0":"post-733545","1":"product","2":"type-product","3":"status-publish","4":"has-post-thumbnail","6":"product_brand-quick-de","7":"product_cat-ankerwinden-quick","9":"first","10":"instock","11":"shipping-taxable","12":"purchasable","13":"product-type-simple"},"_links":{"self":[{"href":"https:\/\/stoic-curie.212-227-153-4.plesk.page\/de\/wp-json\/wp\/v2\/product\/733545","targetHints":{"allow":["GET"]}}],"collection":[{"href":"https:\/\/stoic-curie.212-227-153-4.plesk.page\/de\/wp-json\/wp\/v2\/product"}],"about":[{"href":"https:\/\/stoic-curie.212-227-153-4.plesk.page\/de\/wp-json\/wp\/v2\/types\/product"}],"replies":[{"embeddable":true,"href":"https:\/\/stoic-curie.212-227-153-4.plesk.page\/de\/wp-json\/wp\/v2\/comments?post=733545"}],"version-history":[{"count":0,"href":"https:\/\/stoic-curie.212-227-153-4.plesk.page\/de\/wp-json\/wp\/v2\/product\/733545\/revisions"}],"wp:featuredmedia":[{"embeddable":true,"href":"https:\/\/stoic-curie.212-227-153-4.plesk.page\/de\/wp-json\/wp\/v2\/media\/5938442"}],"wp:attachment":[{"href":"https:\/\/stoic-curie.212-227-153-4.plesk.page\/de\/wp-json\/wp\/v2\/media?parent=733545"}],"wp:term":[{"taxonomy":"product_brand","embeddable":true,"href":"https:\/\/stoic-curie.212-227-153-4.plesk.page\/de\/wp-json\/wp\/v2\/product_brand?post=733545"},{"taxonomy":"product_cat","embeddable":true,"href":"https:\/\/stoic-curie.212-227-153-4.plesk.page\/de\/wp-json\/wp\/v2\/product_cat?post=733545"},{"taxonomy":"product_tag","embeddable":true,"href":"https:\/\/stoic-curie.212-227-153-4.plesk.page\/de\/wp-json\/wp\/v2\/product_tag?post=733545"}],"curies":[{"name":"wp","href":"https:\/\/api.w.org\/{rel}","templated":true}]}}