{"id":733546,"date":"2025-03-03T16:19:31","date_gmt":"2025-03-03T15:19:31","guid":{"rendered":"https:\/\/stoic-curie.212-227-153-4.plesk.page\/producto\/ankerwinde-quick-prince-dp2e-800w-12v-ohne-trommel-8mm-kette\/"},"modified":"2026-02-24T23:34:46","modified_gmt":"2026-02-24T23:34:46","slug":"ankerwinde-quick-prince-dp2e-800w-12v-ohne-trommel-8mm-kette","status":"publish","type":"product","link":"https:\/\/stoic-curie.212-227-153-4.plesk.page\/de\/product\/ankerwinde-quick-prince-dp2e-800w-12v-ohne-trommel-8mm-kette\/","title":{"rendered":"Ankerwinde Quick Prince DP2E 800W 12v ohne Trommel -8mm Kette"},"content":{"rendered":"<p>Ankerwinde Quick Prince DP2E 800W 12v ohne Trommel -8mm Kette &#8211; <\/p>\n<p>Anker-Windlass Quick Prince DP2E 1000 &#8211; Nur Gypsy<\/p>\n<p>Diese Anker-Windlass ist f\u00fcr Boote von 7 bis 12 Metern (23 bis 40 Fu\u00df) konzipiert. Sie verf\u00fcgt \u00fcber langlebige Ziehteile aus Bronze und Edelstahl.<\/p>\n<p>Die Windlass beinhaltet einen Kettenz\u00e4hler-Sensor und ein manuelles Freifallsystem f\u00fcr die Kette. Ihr Grundrahmen und Geh\u00e4use bestehen aus anodisiertem Aluminium, und sie besitzt einen IP67 wasserdichten Motor, der zuverl\u00e4ssige Leistung unter verschiedenen Bedingungen gew\u00e4hrleistet. Die Installation ist unkompliziert und kann von oben erfolgen. Das Paket enth\u00e4lt ein Steuerger\u00e4t und einen Griff.<\/p>\n<p>Die wichtigsten Merkmale sind:<\/p>\n<ul>\n<li>Ein Grundrahmen aus Edelstahl 316 und ein anodisiertes Aluminium-epizyklisches Getriebe.<\/li>\n<li>Ein Seil\/Ketten-Gypsy mit Kettenz\u00e4hler-Sensor.<\/li>\n<li>Ein Inspektionsdeckel und ein Druckarm.<\/li>\n<li>Ein Relaiskasten und ein Gypsy (verf\u00fcgbar mit oder ohne Trommel).<\/li>\n<li>Ein IP67 wasserdichter Motor.<\/li>\n<\/ul>\n<p>Technische Daten:<\/p>\n<ul>\n<li>Trommel: Nein<\/li>\n<li>Motorleistung: 800 W<\/li>\n<li>Eingangsspannung: 12 V<\/li>\n<li>Maximale Zugkraft: 820 kg<\/li>\n<li>Maximale Arbeitslast: 290 kg<\/li>\n<li>Arbeitslast: 95 kg<\/li>\n<li>Kettengeschwindigkeit bei Arbeitslast: 15,2 m\/min<\/li>\n<li>Aktueller Verbrauch bei Arbeitslast: 84 A<\/li>\n<li>Deckst\u00e4rke: 20-40 mm<\/li>\n<li>Gewicht: 9,5 kg<\/li>\n<li>Gypsy-Gr\u00f6\u00dfe: 8 mm<\/li>\n<\/ul>\n<p>Diese Windlass kombiniert Qualit\u00e4t und Funktionalit\u00e4t, und ist somit eine hervorragende Wahl f\u00fcr Ihre Bootsbed\u00fcrfnisse.<\/p>\n","protected":false},"excerpt":{"rendered":"<p>Ankerwinde Quick Prince DP2E 800W 12v ohne Trommel -8mm Kette &#8211; Anker-Windlass Quick Prince DP2E 1000 &#8211; Nur Gypsy Diese<\/p>\n","protected":false},"featured_media":5938444,"comment_status":"open","ping_status":"closed","template":"","meta":[],"product_brand":[3280],"product_cat":[1324],"product_tag":[],"class_list":{"0":"post-733546","1":"product","2":"type-product","3":"status-publish","4":"has-post-thumbnail","6":"product_brand-quick-de","7":"product_cat-ankerwinden-quick","9":"first","10":"instock","11":"shipping-taxable","12":"purchasable","13":"product-type-simple"},"_links":{"self":[{"href":"https:\/\/stoic-curie.212-227-153-4.plesk.page\/de\/wp-json\/wp\/v2\/product\/733546","targetHints":{"allow":["GET"]}}],"collection":[{"href":"https:\/\/stoic-curie.212-227-153-4.plesk.page\/de\/wp-json\/wp\/v2\/product"}],"about":[{"href":"https:\/\/stoic-curie.212-227-153-4.plesk.page\/de\/wp-json\/wp\/v2\/types\/product"}],"replies":[{"embeddable":true,"href":"https:\/\/stoic-curie.212-227-153-4.plesk.page\/de\/wp-json\/wp\/v2\/comments?post=733546"}],"version-history":[{"count":0,"href":"https:\/\/stoic-curie.212-227-153-4.plesk.page\/de\/wp-json\/wp\/v2\/product\/733546\/revisions"}],"wp:featuredmedia":[{"embeddable":true,"href":"https:\/\/stoic-curie.212-227-153-4.plesk.page\/de\/wp-json\/wp\/v2\/media\/5938444"}],"wp:attachment":[{"href":"https:\/\/stoic-curie.212-227-153-4.plesk.page\/de\/wp-json\/wp\/v2\/media?parent=733546"}],"wp:term":[{"taxonomy":"product_brand","embeddable":true,"href":"https:\/\/stoic-curie.212-227-153-4.plesk.page\/de\/wp-json\/wp\/v2\/product_brand?post=733546"},{"taxonomy":"product_cat","embeddable":true,"href":"https:\/\/stoic-curie.212-227-153-4.plesk.page\/de\/wp-json\/wp\/v2\/product_cat?post=733546"},{"taxonomy":"product_tag","embeddable":true,"href":"https:\/\/stoic-curie.212-227-153-4.plesk.page\/de\/wp-json\/wp\/v2\/product_tag?post=733546"}],"curies":[{"name":"wp","href":"https:\/\/api.w.org\/{rel}","templated":true}]}}